{"id":8068016,"date":"2024-02-08T13:58:32","date_gmt":"2024-02-08T12:58:32","guid":{"rendered":"https:\/\/www.wildix.com\/w-pa-use-case\/"},"modified":"2024-04-16T15:24:25","modified_gmt":"2024-04-16T13:24:25","slug":"w-pa-use-case","status":"publish","type":"page","link":"https:\/\/www.wildix.com\/it\/w-pa-use-case\/","title":{"rendered":"W-PA USE CASE"},"content":{"rendered":"\t\t<div data-elementor-type=\"wp-page\" data-elementor-id=\"8068016\" class=\"elementor elementor-8068016 elementor-8067982\" data-elementor-post-type=\"page\">\n\t\t\t\t<div class=\"elementor-element elementor-element-4b15684 e-flex e-con-boxed e-con e-parent\" data-id=\"4b15684\" data-element_type=\"container\" data-e-type=\"container\" data-settings=\"{&quot;background_background&quot;:&quot;gradient&quot;,&quot;jet_parallax_layout_list&quot;:[]}\">\n\t\t\t\t\t<div class=\"e-con-inner\">\n\t\t<div class=\"elementor-element elementor-element-6a59e8e e-con-full e-flex e-con e-child\" data-id=\"6a59e8e\" data-element_type=\"container\" data-e-type=\"container\" data-settings=\"{&quot;jet_parallax_layout_list&quot;:[]}\">\n\t\t\t\t<div class=\"elementor-element elementor-element-4b3995d elementor-widget elementor-widget-heading\" data-id=\"4b3995d\" data-element_type=\"widget\" data-e-type=\"widget\" data-widget_type=\"heading.default\">\n\t\t\t\t<div class=\"elementor-widget-container\">\n\t\t\t\t\t<h2 class=\"elementor-heading-title elementor-size-default\">Non solo aeroporti, ospedali o supermercati: <br \/>\nscopri come si pu\u00f2 usare il W\u2011PA anche in ambienti pi\u00f9 piccoli!<\/h2>\t\t\t\t<\/div>\n\t\t\t\t<\/div>\n\t\t\t\t<\/div>\n\t\t\t\t\t<\/div>\n\t\t\t\t<\/div>\n\t\t<div class=\"elementor-element elementor-element-b3352a6 e-flex e-con-boxed e-con e-parent\" data-id=\"b3352a6\" data-element_type=\"container\" data-e-type=\"container\" data-settings=\"{&quot;jet_parallax_layout_list&quot;:[]}\">\n\t\t\t\t\t<div class=\"e-con-inner\">\n\t\t<div class=\"elementor-element elementor-element-72707c5 e-con-full e-flex e-con e-child\" data-id=\"72707c5\" data-element_type=\"container\" data-e-type=\"container\" data-settings=\"{&quot;jet_parallax_layout_list&quot;:[]}\">\n\t\t\t\t<div class=\"elementor-element elementor-element-5db3233 elementor-widget elementor-widget-text-editor\" data-id=\"5db3233\" data-element_type=\"widget\" data-e-type=\"widget\" data-widget_type=\"text-editor.default\">\n\t\t\t\t<div class=\"elementor-widget-container\">\n\t\t\t\t\t\t\t\t\tIl <b>Wildix Public Announcer<\/b> \u00e8 stato creato per diffondere annunci e comunicazioni in grandi ambienti come supermercati, aeroporti, ospedali.\t\t\t\t\t\t\t\t<\/div>\n\t\t\t\t<\/div>\n\t\t\t\t<div class=\"elementor-element elementor-element-bbe1086 elementor-widget elementor-widget-text-editor\" data-id=\"bbe1086\" data-element_type=\"widget\" data-e-type=\"widget\" data-widget_type=\"text-editor.default\">\n\t\t\t\t<div class=\"elementor-widget-container\">\n\t\t\t\t\t\t\t\t\tMa il W\u2011PA \u00e8 un prodotto cos\u00ec versatile che funziona anche in ambienti pi\u00f9 piccoli, come rivela il seguente esempio di utilizzo.\t\t\t\t\t\t\t\t<\/div>\n\t\t\t\t<\/div>\n\t\t\t\t<div class=\"elementor-element elementor-element-f494954 elementor-widget elementor-widget-text-editor\" data-id=\"f494954\" data-element_type=\"widget\" data-e-type=\"widget\" data-widget_type=\"text-editor.default\">\n\t\t\t\t<div class=\"elementor-widget-container\">\n\t\t\t\t\t\t\t\t\tIl partner Wildix Enecom ha installato con successo un W\u2011PA nel garage dello <b>studio dentistico Gabriella Grassi<\/b>.\t\t\t\t\t\t\t\t<\/div>\n\t\t\t\t<\/div>\n\t\t\t\t<div class=\"elementor-element elementor-element-0411210 elementor-widget elementor-widget-text-editor\" data-id=\"0411210\" data-element_type=\"widget\" data-e-type=\"widget\" data-widget_type=\"text-editor.default\">\n\t\t\t\t<div class=\"elementor-widget-container\">\n\t\t\t\t\t\t\t\t\tIl prestigioso studio (un locale di oltre 500 metri quadri) si trova in un condominio del centro storico di Potenza, dove le possibilit\u00e0 di parcheggio sono ridotte.\t\t\t\t\t\t\t\t<\/div>\n\t\t\t\t<\/div>\n\t\t\t\t<div class=\"elementor-element elementor-element-85dfade elementor-widget elementor-widget-text-editor\" data-id=\"85dfade\" data-element_type=\"widget\" data-e-type=\"widget\" data-widget_type=\"text-editor.default\">\n\t\t\t\t<div class=\"elementor-widget-container\">\n\t\t\t\t\t\t\t\t\tEnecom ha progettato tutto il sistema di comunicazione del cliente per renderlo efficiente in ogni suo aspetto. Gli eleganti videotelefoni Vision per la reception e gli uffici, il cordless W\u2011AIR per consentire la mobilit\u00e0 di dentisti e assistenti di poltrona all\u2019interno dello studio. All\u2019ingresso \u00e8 stato installato anche un videocitofono.\t\t\t\t\t\t\t\t<\/div>\n\t\t\t\t<\/div>\n\t\t\t\t<div class=\"elementor-element elementor-element-0841164 elementor-widget elementor-widget-text-editor\" data-id=\"0841164\" data-element_type=\"widget\" data-e-type=\"widget\" data-widget_type=\"text-editor.default\">\n\t\t\t\t<div class=\"elementor-widget-container\">\n\t\t\t\t\t\t\t\t\tPer i clienti che arrivano in auto Enecom ha perfezionato un sistema ancora pi\u00f9 efficiente: il dispositivo W\u2011PA infatti aziona la serranda del garage riservato agli utenti dello studio dentistico e nello stesso tempo \u00e8 collegato a due casse acustiche.\t\t\t\t\t\t\t\t<\/div>\n\t\t\t\t<\/div>\n\t\t\t\t<div class=\"elementor-element elementor-element-0916b26 elementor-widget elementor-widget-text-editor\" data-id=\"0916b26\" data-element_type=\"widget\" data-e-type=\"widget\" data-widget_type=\"text-editor.default\">\n\t\t\t\t<div class=\"elementor-widget-container\">\n\t\t\t\t\t\t\t\t\tLa soluzione permette allo studio di verificare tramite il videocitofono l\u2019identit\u00e0 dei clienti e tramite il W\u2011PA di aprire la serranda del garage e trasmettere messaggi vocali, come ad esempio dare indicazioni su come raggiungere lo studio dal garage oppure su dove spostare l\u2019automobile per non ostruire il passaggio.\t\t\t\t\t\t\t\t<\/div>\n\t\t\t\t<\/div>\n\t\t\t\t<div class=\"elementor-element elementor-element-3cc789f elementor-widget elementor-widget-text-editor\" data-id=\"3cc789f\" data-element_type=\"widget\" data-e-type=\"widget\" data-widget_type=\"text-editor.default\">\n\t\t\t\t<div class=\"elementor-widget-container\">\n\t\t\t\t\t\t\t\t\tEnecom ha potenziato quindi la comunicazione non solo all\u2019interno dello studio dentistico, che grazie al dispositivo W\u2011PA pu\u00f2 gestire agilmente sia la serranda del piano sotterraneo sia le comunicazioni vocali con i clienti appena arrivati in garage, garantendo loro un\u2019assistenza a 360\u00b0.\t\t\t\t\t\t\t\t<\/div>\n\t\t\t\t<\/div>\n\t\t\t\t<\/div>\n\t\t<div class=\"elementor-element elementor-element-313e5e0 e-con-full e-flex e-con e-child\" data-id=\"313e5e0\" data-element_type=\"container\" data-e-type=\"container\" data-settings=\"{&quot;jet_parallax_layout_list&quot;:[]}\">\n\t\t\t\t<div class=\"elementor-element elementor-element-5565f52 elementor-widget elementor-widget-gallery\" data-id=\"5565f52\" data-element_type=\"widget\" data-e-type=\"widget\" data-settings=\"{&quot;columns&quot;:1,&quot;columns_tablet&quot;:3,&quot;aspect_ratio&quot;:&quot;16:9&quot;,&quot;lazyload&quot;:&quot;yes&quot;,&quot;gallery_layout&quot;:&quot;grid&quot;,&quot;columns_mobile&quot;:1,&quot;gap&quot;:{&quot;unit&quot;:&quot;px&quot;,&quot;size&quot;:10,&quot;sizes&quot;:[]},&quot;gap_tablet&quot;:{&quot;unit&quot;:&quot;px&quot;,&quot;size&quot;:10,&quot;sizes&quot;:[]},&quot;gap_mobile&quot;:{&quot;unit&quot;:&quot;px&quot;,&quot;size&quot;:10,&quot;sizes&quot;:[]},&quot;link_to&quot;:&quot;file&quot;,&quot;overlay_background&quot;:&quot;yes&quot;,&quot;content_hover_animation&quot;:&quot;fade-in&quot;}\" data-widget_type=\"gallery.default\">\n\t\t\t\t<div class=\"elementor-widget-container\">\n\t\t\t\t\t\t\t<div class=\"elementor-gallery__container\">\n\t\t\t\t\t\t\t<a class=\"e-gallery-item elementor-gallery-item elementor-animated-content\" href=\"https:\/\/www.wildix.com\/wp-content\/uploads\/2024\/02\/w-pa-sip-1.webp\" data-elementor-open-lightbox=\"yes\" data-elementor-lightbox-slideshow=\"5565f52\" data-elementor-lightbox-title=\"W-PA SIP Paging Gateaway\" data-e-action-hash=\"#elementor-action%3Aaction%3Dlightbox%26settings%3DeyJpZCI6ODA2ODExNSwidXJsIjoiaHR0cHM6XC9cL3d3dy53aWxkaXguY29tXC93cC1jb250ZW50XC91cGxvYWRzXC8yMDI0XC8wMlwvdy1wYS1zaXAtMS53ZWJwIiwic2xpZGVzaG93IjoiNTU2NWY1MiJ9\">\n\t\t\t\t\t<div class=\"e-gallery-image elementor-gallery-item__image\" data-thumbnail=\"https:\/\/www.wildix.com\/wp-content\/uploads\/2024\/02\/w-pa-sip-1.webp\" data-width=\"1200\" data-height=\"662\" aria-label=\"W-PA SIP Paging Gateaway\" role=\"img\" ><\/div>\n\t\t\t\t\t\t\t\t\t\t\t<div class=\"elementor-gallery-item__overlay\"><\/div>\n\t\t\t\t\t\t\t\t\t\t\t\t\t\t<\/a>\n\t\t\t\t\t\t\t<a class=\"e-gallery-item elementor-gallery-item elementor-animated-content\" href=\"https:\/\/www.wildix.com\/wp-content\/uploads\/2024\/02\/w-pa-case-study.webp\" data-elementor-open-lightbox=\"yes\" data-elementor-lightbox-slideshow=\"5565f52\" data-elementor-lightbox-title=\"W-PA Use Case\" data-e-action-hash=\"#elementor-action%3Aaction%3Dlightbox%26settings%3DeyJpZCI6ODA2ODA3NSwidXJsIjoiaHR0cHM6XC9cL3d3dy53aWxkaXguY29tXC93cC1jb250ZW50XC91cGxvYWRzXC8yMDI0XC8wMlwvdy1wYS1jYXNlLXN0dWR5LndlYnAiLCJzbGlkZXNob3ciOiI1NTY1ZjUyIn0%3D\">\n\t\t\t\t\t<div class=\"e-gallery-image elementor-gallery-item__image\" data-thumbnail=\"https:\/\/www.wildix.com\/wp-content\/uploads\/2024\/02\/w-pa-case-study.webp\" data-width=\"1200\" data-height=\"800\" aria-label=\"Discover how to use W-PA also in the smallest environments!\" role=\"img\" ><\/div>\n\t\t\t\t\t\t\t\t\t\t\t<div class=\"elementor-gallery-item__overlay\"><\/div>\n\t\t\t\t\t\t\t\t\t\t\t\t\t\t<\/a>\n\t\t\t\t\t\t\t<a class=\"e-gallery-item elementor-gallery-item elementor-animated-content\" href=\"https:\/\/www.wildix.com\/wp-content\/uploads\/2024\/02\/w-pa-case-study-med.webp\" data-elementor-open-lightbox=\"yes\" data-elementor-lightbox-slideshow=\"5565f52\" data-elementor-lightbox-title=\"W-PA Use Case\" data-e-action-hash=\"#elementor-action%3Aaction%3Dlightbox%26settings%3DeyJpZCI6ODA2ODA2OCwidXJsIjoiaHR0cHM6XC9cL3d3dy53aWxkaXguY29tXC93cC1jb250ZW50XC91cGxvYWRzXC8yMDI0XC8wMlwvdy1wYS1jYXNlLXN0dWR5LW1lZC53ZWJwIiwic2xpZGVzaG93IjoiNTU2NWY1MiJ9\">\n\t\t\t\t\t<div class=\"e-gallery-image elementor-gallery-item__image\" data-thumbnail=\"https:\/\/www.wildix.com\/wp-content\/uploads\/2024\/02\/w-pa-case-study-med.webp\" data-width=\"1200\" data-height=\"800\" aria-label=\"Discover how to use W-PA also in the smallest environments!\" role=\"img\" ><\/div>\n\t\t\t\t\t\t\t\t\t\t\t<div class=\"elementor-gallery-item__overlay\"><\/div>\n\t\t\t\t\t\t\t\t\t\t\t\t\t\t<\/a>\n\t\t\t\t\t<\/div>\n\t\t\t\t\t<\/div>\n\t\t\t\t<\/div>\n\t\t\t\t<\/div>\n\t\t\t\t\t<\/div>\n\t\t\t\t<\/div>\n\t\t\t\t<\/div>\n\t\t","protected":false},"excerpt":{"rendered":"<p>Non solo aeroporti, ospedali o supermercati: scopri come si pu\u00f2 usare il W\u2011PA anche in ambienti pi\u00f9 piccoli! Il Wildix Public Announcer \u00e8 stato creato per diffondere annunci e comunicazioni in grandi ambienti come supermercati, aeroporti, ospedali.Ma il W\u2011PA \u00e8 un prodotto cos\u00ec versatile che funziona anche in ambienti pi\u00f9 piccoli, come rivela il seguente [&hellip;]<\/p>\n","protected":false},"author":51,"featured_media":8068079,"parent":0,"menu_order":0,"comment_status":"closed","ping_status":"closed","template":"","meta":{"_acf_changed":false,"site-sidebar-layout":"no-sidebar","site-content-layout":"page-builder","ast-site-content-layout":"default","site-content-style":"default","site-sidebar-style":"default","ast-global-header-display":"","ast-banner-title-visibility":"","ast-main-header-display":"","ast-hfb-above-header-display":"","ast-hfb-below-header-display":"","ast-hfb-mobile-header-display":"","site-post-title":"disabled","ast-breadcrumbs-content":"","ast-featured-img":"disabled","footer-sml-layout":"","ast-disable-related-posts":"","theme-transparent-header-meta":"","adv-header-id-meta":"","stick-header-meta":"","header-above-stick-meta":"","header-main-stick-meta":"","header-below-stick-meta":"","astra-migrate-meta-layouts":"set","ast-page-background-enabled":"default","ast-page-background-meta":{"desktop":{"background-color":"var(--ast-global-color-4)","background-image":"","background-repeat":"repeat","background-position":"center center","background-size":"auto","background-attachment":"scroll","background-type":"","background-media":"","overlay-type":"","overlay-color":"","overlay-opacity":"","overlay-gradient":""},"tablet":{"background-color":"","background-image":"","background-repeat":"repeat","background-position":"center center","background-size":"auto","background-attachment":"scroll","background-type":"","background-media":"","overlay-type":"","overlay-color":"","overlay-opacity":"","overlay-gradient":""},"mobile":{"background-color":"","background-image":"","background-repeat":"repeat","background-position":"center center","background-size":"auto","background-attachment":"scroll","background-type":"","background-media":"","overlay-type":"","overlay-color":"","overlay-opacity":"","overlay-gradient":""}},"ast-content-background-meta":{"desktop":{"background-color":"var(--ast-global-color-5)","background-image":"","background-repeat":"repeat","background-position":"center center","background-size":"auto","background-attachment":"scroll","background-type":"","background-media":"","overlay-type":"","overlay-color":"","overlay-opacity":"","overlay-gradient":""},"tablet":{"background-color":"var(--ast-global-color-5)","background-image":"","background-repeat":"repeat","background-position":"center center","background-size":"auto","background-attachment":"scroll","background-type":"","background-media":"","overlay-type":"","overlay-color":"","overlay-opacity":"","overlay-gradient":""},"mobile":{"background-color":"var(--ast-global-color-5)","background-image":"","background-repeat":"repeat","background-position":"center center","background-size":"auto","background-attachment":"scroll","background-type":"","background-media":"","overlay-type":"","overlay-color":"","overlay-opacity":"","overlay-gradient":""}},"_jet_sm_ready_style":"","_jet_sm_style":"","_jet_sm_controls_values":"","_jet_sm_fonts_collection":"","_jet_sm_fonts_links":"","footnotes":""},"class_list":["post-8068016","page","type-page","status-publish","has-post-thumbnail","hentry"],"acf":[],"yoast_head":"<!-- This site is optimized with the Yoast SEO plugin v27.2 - https:\/\/yoast.com\/product\/yoast-seo-wordpress\/ -->\n<title>W-PA Use Case | Wildix<\/title>\n<meta name=\"description\" content=\"Non solo aeroporti, ospedali o supermercati: scopri come si pu\u00f2 usare il W\u2011PA anche in ambienti pi\u00f9 piccoli!\" \/>\n<meta name=\"robots\" content=\"index, follow, max-snippet:-1, max-image-preview:large, max-video-preview:-1\" \/>\n<meta property=\"og:locale\" content=\"it_IT\" \/>\n<meta property=\"og:type\" content=\"article\" \/>\n<meta property=\"og:title\" content=\"W-PA Use Case | Wildix\" \/>\n<meta property=\"og:description\" content=\"Non solo aeroporti, ospedali o supermercati: scopri come si pu\u00f2 usare il W\u2011PA anche in ambienti pi\u00f9 piccoli!\" \/>\n<meta property=\"og:url\" content=\"https:\/\/www.wildix.com\/it\/w-pa-use-case\/\" \/>\n<meta property=\"og:site_name\" content=\"Wildix\" \/>\n<meta property=\"article:publisher\" content=\"https:\/\/www.facebook.com\/groups\/wildixtechwizards\/?mibextid=6NoCDW\" \/>\n<meta property=\"article:modified_time\" content=\"2024-04-16T13:24:25+00:00\" \/>\n<meta property=\"og:image\" content=\"https:\/\/www.wildix.com\/wp-content\/uploads\/2024\/02\/w-pa-case-study.webp\" \/>\n\t<meta property=\"og:image:width\" content=\"1200\" \/>\n\t<meta property=\"og:image:height\" content=\"800\" \/>\n\t<meta property=\"og:image:type\" content=\"image\/webp\" \/>\n<meta name=\"twitter:card\" content=\"summary_large_image\" \/>\n<meta name=\"twitter:site\" content=\"@wildix_\" \/>\n<meta name=\"twitter:label1\" content=\"Tempo di lettura stimato\" \/>\n\t<meta name=\"twitter:data1\" content=\"2 minuti\" \/>\n<!-- \/ Yoast SEO plugin. -->","yoast_head_json":{"title":"W-PA Use Case | Wildix","description":"Non solo aeroporti, ospedali o supermercati: scopri come si pu\u00f2 usare il W\u2011PA anche in ambienti pi\u00f9 piccoli!","robots":{"index":"index","follow":"follow","max-snippet":"max-snippet:-1","max-image-preview":"max-image-preview:large","max-video-preview":"max-video-preview:-1"},"og_locale":"it_IT","og_type":"article","og_title":"W-PA Use Case | Wildix","og_description":"Non solo aeroporti, ospedali o supermercati: scopri come si pu\u00f2 usare il W\u2011PA anche in ambienti pi\u00f9 piccoli!","og_url":"https:\/\/www.wildix.com\/it\/w-pa-use-case\/","og_site_name":"Wildix","article_publisher":"https:\/\/www.facebook.com\/groups\/wildixtechwizards\/?mibextid=6NoCDW","article_modified_time":"2024-04-16T13:24:25+00:00","og_image":[{"width":1200,"height":800,"url":"https:\/\/www.wildix.com\/wp-content\/uploads\/2024\/02\/w-pa-case-study.webp","type":"image\/webp"}],"twitter_card":"summary_large_image","twitter_site":"@wildix_","twitter_misc":{"Tempo di lettura stimato":"2 minuti"},"schema":{"@context":"https:\/\/schema.org","@graph":[{"@type":"WebPage","@id":"https:\/\/www.wildix.com\/it\/w-pa-use-case\/","url":"https:\/\/www.wildix.com\/it\/w-pa-use-case\/","name":"W-PA Use Case | Wildix","isPartOf":{"@id":"https:\/\/www.wildix.com\/it\/#website"},"primaryImageOfPage":{"@id":"https:\/\/www.wildix.com\/it\/w-pa-use-case\/#primaryimage"},"image":{"@id":"https:\/\/www.wildix.com\/it\/w-pa-use-case\/#primaryimage"},"thumbnailUrl":"https:\/\/www.wildix.com\/wp-content\/uploads\/2024\/02\/w-pa-case-study.webp","datePublished":"2024-02-08T12:58:32+00:00","dateModified":"2024-04-16T13:24:25+00:00","description":"Non solo aeroporti, ospedali o supermercati: scopri come si pu\u00f2 usare il W\u2011PA anche in ambienti pi\u00f9 piccoli!","breadcrumb":{"@id":"https:\/\/www.wildix.com\/it\/w-pa-use-case\/#breadcrumb"},"inLanguage":"it-IT","potentialAction":[{"@type":"ReadAction","target":["https:\/\/www.wildix.com\/it\/w-pa-use-case\/"]}]},{"@type":"ImageObject","inLanguage":"it-IT","@id":"https:\/\/www.wildix.com\/it\/w-pa-use-case\/#primaryimage","url":"https:\/\/www.wildix.com\/wp-content\/uploads\/2024\/02\/w-pa-case-study.webp","contentUrl":"https:\/\/www.wildix.com\/wp-content\/uploads\/2024\/02\/w-pa-case-study.webp","width":1200,"height":800,"caption":"Discover how to use W-PA also in the smallest environments!"},{"@type":"BreadcrumbList","@id":"https:\/\/www.wildix.com\/it\/w-pa-use-case\/#breadcrumb","itemListElement":[{"@type":"ListItem","position":1,"name":"Home","item":"https:\/\/www.wildix.com\/it\/"},{"@type":"ListItem","position":2,"name":"W-PA USE CASE"}]},{"@type":"WebSite","@id":"https:\/\/www.wildix.com\/it\/#website","url":"https:\/\/www.wildix.com\/it\/","name":"Wildix","description":"","publisher":{"@id":"https:\/\/www.wildix.com\/it\/#organization"},"potentialAction":[{"@type":"SearchAction","target":{"@type":"EntryPoint","urlTemplate":"https:\/\/www.wildix.com\/it\/?s={search_term_string}"},"query-input":{"@type":"PropertyValueSpecification","valueRequired":true,"valueName":"search_term_string"}}],"inLanguage":"it-IT"},{"@type":"Organization","@id":"https:\/\/www.wildix.com\/it\/#organization","name":"Wildix","url":"https:\/\/www.wildix.com\/it\/","logo":{"@type":"ImageObject","inLanguage":"it-IT","@id":"https:\/\/www.wildix.com\/it\/#\/schema\/logo\/image\/","url":"https:\/\/www.wildix.com\/wp-content\/uploads\/2021\/09\/logo-1.svg","contentUrl":"https:\/\/www.wildix.com\/wp-content\/uploads\/2021\/09\/logo-1.svg","caption":"Wildix"},"image":{"@id":"https:\/\/www.wildix.com\/it\/#\/schema\/logo\/image\/"},"sameAs":["https:\/\/www.facebook.com\/groups\/wildixtechwizards\/?mibextid=6NoCDW","https:\/\/x.com\/wildix_"]}]}},"clean_content":"Non solo aeroporti, ospedali o supermercati: scopri come si pu\u00f2 usare il W\u2011PA anche in ambienti pi\u00f9 piccoli! Il Wildix Public Announcer \u00e8 stato creato per diffondere annunci e comunicazioni in grandi ambienti come supermercati, aeroporti, ospedali. Ma il W\u2011PA \u00e8 un prodotto cos\u00ec versatile che funziona anche in ambienti pi\u00f9 piccoli, come rivela il seguente esempio di utilizzo. Il partner Wildix Enecom ha installato con successo un W\u2011PA nel garage dello studio dentistico Gabriella Grassi. Il prestigioso studio (un locale di oltre 500 metri quadri) si trova in un condominio del centro storico di Potenza, dove le possibilit\u00e0 di parcheggio sono ridotte. Enecom ha progettato tutto il sistema di comunicazione del cliente per renderlo efficiente in ogni suo aspetto. Gli eleganti videotelefoni Vision per la reception e gli uffici, il cordless W\u2011AIR per consentire la mobilit\u00e0 di dentisti e assistenti di poltrona all\u2019interno dello studio. All\u2019ingresso \u00e8 stato installato anche un videocitofono. Per i clienti che arrivano in auto Enecom ha perfezionato un sistema ancora pi\u00f9 efficiente: il dispositivo W\u2011PA infatti aziona la serranda del garage riservato agli utenti dello studio dentistico e nello stesso tempo \u00e8 collegato a due casse acustiche. La soluzione permette allo studio di verificare tramite il videocitofono l\u2019identit\u00e0 dei clienti e tramite il W\u2011PA di aprire la serranda del garage e trasmettere messaggi vocali, come ad esempio dare indicazioni su come raggiungere lo studio dal garage oppure su dove spostare l\u2019automobile per non ostruire il passaggio. Enecom ha potenziato quindi la comunicazione non solo all\u2019interno dello studio dentistico, che grazie al dispositivo W\u2011PA pu\u00f2 gestire agilmente sia la serranda del piano sotterraneo sia le comunicazioni vocali con i clienti appena arrivati in garage, garantendo loro un\u2019assistenza a 360\u00b0.","_links":{"self":[{"href":"https:\/\/www.wildix.com\/it\/wp-json\/wp\/v2\/pages\/8068016","targetHints":{"allow":["GET"]}}],"collection":[{"href":"https:\/\/www.wildix.com\/it\/wp-json\/wp\/v2\/pages"}],"about":[{"href":"https:\/\/www.wildix.com\/it\/wp-json\/wp\/v2\/types\/page"}],"author":[{"embeddable":true,"href":"https:\/\/www.wildix.com\/it\/wp-json\/wp\/v2\/users\/51"}],"replies":[{"embeddable":true,"href":"https:\/\/www.wildix.com\/it\/wp-json\/wp\/v2\/comments?post=8068016"}],"version-history":[{"count":5,"href":"https:\/\/www.wildix.com\/it\/wp-json\/wp\/v2\/pages\/8068016\/revisions"}],"predecessor-version":[{"id":8083151,"href":"https:\/\/www.wildix.com\/it\/wp-json\/wp\/v2\/pages\/8068016\/revisions\/8083151"}],"wp:featuredmedia":[{"embeddable":true,"href":"https:\/\/www.wildix.com\/it\/wp-json\/wp\/v2\/media\/8068079"}],"wp:attachment":[{"href":"https:\/\/www.wildix.com\/it\/wp-json\/wp\/v2\/media?parent=8068016"}],"curies":[{"name":"wp","href":"https:\/\/api.w.org\/{rel}","templated":true}]}}