{"id":8068014,"date":"2024-02-08T13:58:32","date_gmt":"2024-02-08T12:58:32","guid":{"rendered":"https:\/\/www.wildix.com\/w-pa-use-case\/"},"modified":"2024-04-16T15:24:26","modified_gmt":"2024-04-16T13:24:26","slug":"w-pa-use-case","status":"publish","type":"page","link":"https:\/\/www.wildix.com\/fr\/w-pa-use-case\/","title":{"rendered":"W-PA USE CASE"},"content":{"rendered":"\t\t<div data-elementor-type=\"wp-page\" data-elementor-id=\"8068014\" class=\"elementor elementor-8068014 elementor-8067982\" data-elementor-post-type=\"page\">\n\t\t\t\t<div class=\"elementor-element elementor-element-4b15684 e-flex e-con-boxed e-con e-parent\" data-id=\"4b15684\" data-element_type=\"container\" data-e-type=\"container\" data-settings=\"{&quot;background_background&quot;:&quot;gradient&quot;,&quot;jet_parallax_layout_list&quot;:[]}\">\n\t\t\t\t\t<div class=\"e-con-inner\">\n\t\t<div class=\"elementor-element elementor-element-6a59e8e e-con-full e-flex e-con e-child\" data-id=\"6a59e8e\" data-element_type=\"container\" data-e-type=\"container\" data-settings=\"{&quot;jet_parallax_layout_list&quot;:[]}\">\n\t\t\t\t<div class=\"elementor-element elementor-element-4b3995d elementor-widget elementor-widget-heading\" data-id=\"4b3995d\" data-element_type=\"widget\" data-e-type=\"widget\" data-widget_type=\"heading.default\">\n\t\t\t\t<div class=\"elementor-widget-container\">\n\t\t\t\t\t<h2 class=\"elementor-heading-title elementor-size-default\">Le W-PA adapt\u00e9 aux grandes mais aussi aux petites structures\u00a0: <br \/>\nENECOM nous explique comment le W\u2011PA a r\u00e9pondu \u00e0 la probl\u00e9matique d\u2019un cabinet dentaire<\/h2>\t\t\t\t<\/div>\n\t\t\t\t<\/div>\n\t\t\t\t<\/div>\n\t\t\t\t\t<\/div>\n\t\t\t\t<\/div>\n\t\t<div class=\"elementor-element elementor-element-b3352a6 e-flex e-con-boxed e-con e-parent\" data-id=\"b3352a6\" data-element_type=\"container\" data-e-type=\"container\" data-settings=\"{&quot;jet_parallax_layout_list&quot;:[]}\">\n\t\t\t\t\t<div class=\"e-con-inner\">\n\t\t<div class=\"elementor-element elementor-element-72707c5 e-con-full e-flex e-con e-child\" data-id=\"72707c5\" data-element_type=\"container\" data-e-type=\"container\" data-settings=\"{&quot;jet_parallax_layout_list&quot;:[]}\">\n\t\t\t\t<div class=\"elementor-element elementor-element-5db3233 elementor-widget elementor-widget-text-editor\" data-id=\"5db3233\" data-element_type=\"widget\" data-e-type=\"widget\" data-widget_type=\"text-editor.default\">\n\t\t\t\t<div class=\"elementor-widget-container\">\n\t\t\t\t\t\t\t\t\tL\u2019annonceur public Wildix a \u00e9t\u00e9 cr\u00e9\u00e9 pour diffuser les annonces et les communications dans les grands environnements tels que les supermarch\u00e9s, les a\u00e9roports et les h\u00f4pitaux.\t\t\t\t\t\t\t\t<\/div>\n\t\t\t\t<\/div>\n\t\t\t\t<div class=\"elementor-element elementor-element-a4142ef elementor-widget elementor-widget-text-editor\" data-id=\"a4142ef\" data-element_type=\"widget\" data-e-type=\"widget\" data-widget_type=\"text-editor.default\">\n\t\t\t\t<div class=\"elementor-widget-container\">\n\t\t\t\t\t\t\t\t\tMais le W\u2011PA est un produit tellement polyvalent qu\u2019il fonctionne m\u00eame dans des environnements plus petits, comme le montre l\u2019exemple d\u2019utilisation suivant.\t\t\t\t\t\t\t\t<\/div>\n\t\t\t\t<\/div>\n\t\t\t\t<div class=\"elementor-element elementor-element-d566fe7 elementor-widget elementor-widget-text-editor\" data-id=\"d566fe7\" data-element_type=\"widget\" data-e-type=\"widget\" data-widget_type=\"text-editor.default\">\n\t\t\t\t<div class=\"elementor-widget-container\">\n\t\t\t\t\t\t\t\t\tLe partenaire Wildix <b>Enecom<\/b> a install\u00e9 avec succ\u00e8s un W\u2011PA dans <b>le garage du cabinet dentaire Gabriella Grassi<\/b>. Le prestigieux cabinet (une pi\u00e8ce de plus de 500 m\u00e8tres carr\u00e9s) est situ\u00e9 dans un immeuble en copropri\u00e9t\u00e9 dans le centre historique de Potenza, o\u00f9 les possibilit\u00e9s de stationnement sont r\u00e9duites.\t\t\t\t\t\t\t\t<\/div>\n\t\t\t\t<\/div>\n\t\t\t\t<div class=\"elementor-element elementor-element-d81bc8d elementor-widget elementor-widget-text-editor\" data-id=\"d81bc8d\" data-element_type=\"widget\" data-e-type=\"widget\" data-widget_type=\"text-editor.default\">\n\t\t\t\t<div class=\"elementor-widget-container\">\n\t\t\t\t\t\t\t\t\tEnecom a con\u00e7u l\u2019ensemble du syst\u00e8me de communication client pour le rendre efficace sous tous ses aspects. <b>L\u2019\u00e9l\u00e9gant visiophone Vision pour la r\u00e9ception et les bureaux, le W\u2011AIR sans fil permet la mobilit\u00e9 des dentistes et des aides-fauteuils au sein du studio. Un interphone vid\u00e9o a \u00e9galement \u00e9t\u00e9 install\u00e9 \u00e0 l\u2019entr\u00e9e.<\/b>\t\t\t\t\t\t\t\t<\/div>\n\t\t\t\t<\/div>\n\t\t\t\t<div class=\"elementor-element elementor-element-7f079bb elementor-widget elementor-widget-text-editor\" data-id=\"7f079bb\" data-element_type=\"widget\" data-e-type=\"widget\" data-widget_type=\"text-editor.default\">\n\t\t\t\t<div class=\"elementor-widget-container\">\n\t\t\t\t\t\t\t\t\tPour les clients arrivant en voiture, Enecom a mis au point un syst\u00e8me encore plus efficace: le dispositif W\u2011PA, connect\u00e9 \u00e0 deux haut-parleurs, permet de g\u00e9rer le registre du garage r\u00e9serv\u00e9 aux utilisateurs du cabinet \u00e0 distance.\t\t\t\t\t\t\t\t<\/div>\n\t\t\t\t<\/div>\n\t\t\t\t<div class=\"elementor-element elementor-element-1b8cad7 elementor-widget elementor-widget-text-editor\" data-id=\"1b8cad7\" data-element_type=\"widget\" data-e-type=\"widget\" data-widget_type=\"text-editor.default\">\n\t\t\t\t<div class=\"elementor-widget-container\">\n\t\t\t\t\t\t\t\t\tLa solution permet au studio de v\u00e9rifier l\u2019identit\u00e9 des clients via le visiophone et via le W\u2011PA, d\u2019ouvrir le portail du garage et de transmettre des messages vocaux, en indiquant notamment comment atteindre le studio depuis le garage ou d\u00e9placer la voiture afin de ne pas bloquer le passage.\t\t\t\t\t\t\t\t<\/div>\n\t\t\t\t<\/div>\n\t\t\t\t<div class=\"elementor-element elementor-element-767390f elementor-widget elementor-widget-text-editor\" data-id=\"767390f\" data-element_type=\"widget\" data-e-type=\"widget\" data-widget_type=\"text-editor.default\">\n\t\t\t\t<div class=\"elementor-widget-container\">\n\t\t\t\t\t\t\t\t\tEnecom a donc am\u00e9lior\u00e9 la communication, et pas seulement au sein du cabinet dentaire, car gr\u00e2ce au dispositif W\u2011PA, elle peut facilement g\u00e9rer \u00e0 la fois le registre du garage souterrain et les communications vocales avec les clients nouvellement arriv\u00e9s dans le garage, tout en leur garantissant une assistance \u00e0 360\u00a0degr\u00e9s.\t\t\t\t\t\t\t\t<\/div>\n\t\t\t\t<\/div>\n\t\t\t\t<\/div>\n\t\t<div class=\"elementor-element elementor-element-313e5e0 e-con-full e-flex e-con e-child\" data-id=\"313e5e0\" data-element_type=\"container\" data-e-type=\"container\" data-settings=\"{&quot;jet_parallax_layout_list&quot;:[]}\">\n\t\t\t\t<div class=\"elementor-element elementor-element-5565f52 elementor-widget elementor-widget-gallery\" data-id=\"5565f52\" data-element_type=\"widget\" data-e-type=\"widget\" data-settings=\"{&quot;columns&quot;:1,&quot;columns_tablet&quot;:3,&quot;aspect_ratio&quot;:&quot;16:9&quot;,&quot;lazyload&quot;:&quot;yes&quot;,&quot;gallery_layout&quot;:&quot;grid&quot;,&quot;columns_mobile&quot;:1,&quot;gap&quot;:{&quot;unit&quot;:&quot;px&quot;,&quot;size&quot;:10,&quot;sizes&quot;:[]},&quot;gap_tablet&quot;:{&quot;unit&quot;:&quot;px&quot;,&quot;size&quot;:10,&quot;sizes&quot;:[]},&quot;gap_mobile&quot;:{&quot;unit&quot;:&quot;px&quot;,&quot;size&quot;:10,&quot;sizes&quot;:[]},&quot;link_to&quot;:&quot;file&quot;,&quot;overlay_background&quot;:&quot;yes&quot;,&quot;content_hover_animation&quot;:&quot;fade-in&quot;}\" data-widget_type=\"gallery.default\">\n\t\t\t\t<div class=\"elementor-widget-container\">\n\t\t\t\t\t\t\t<div class=\"elementor-gallery__container\">\n\t\t\t\t\t\t\t<a class=\"e-gallery-item elementor-gallery-item elementor-animated-content\" href=\"https:\/\/www.wildix.com\/wp-content\/uploads\/2024\/02\/w-pa-sip-1.webp\" data-elementor-open-lightbox=\"yes\" data-elementor-lightbox-slideshow=\"5565f52\" data-elementor-lightbox-title=\"W-PA SIP Paging Gateaway\" data-e-action-hash=\"#elementor-action%3Aaction%3Dlightbox%26settings%3DeyJpZCI6ODA2ODExNSwidXJsIjoiaHR0cHM6XC9cL3d3dy53aWxkaXguY29tXC93cC1jb250ZW50XC91cGxvYWRzXC8yMDI0XC8wMlwvdy1wYS1zaXAtMS53ZWJwIiwic2xpZGVzaG93IjoiNTU2NWY1MiJ9\">\n\t\t\t\t\t<div class=\"e-gallery-image elementor-gallery-item__image\" data-thumbnail=\"https:\/\/www.wildix.com\/wp-content\/uploads\/2024\/02\/w-pa-sip-1.webp\" data-width=\"1200\" data-height=\"662\" aria-label=\"W-PA SIP Paging Gateaway\" role=\"img\" ><\/div>\n\t\t\t\t\t\t\t\t\t\t\t<div class=\"elementor-gallery-item__overlay\"><\/div>\n\t\t\t\t\t\t\t\t\t\t\t\t\t\t<\/a>\n\t\t\t\t\t\t\t<a class=\"e-gallery-item elementor-gallery-item elementor-animated-content\" href=\"https:\/\/www.wildix.com\/wp-content\/uploads\/2024\/02\/w-pa-case-study.webp\" data-elementor-open-lightbox=\"yes\" data-elementor-lightbox-slideshow=\"5565f52\" data-elementor-lightbox-title=\"W-PA Use Case\" data-e-action-hash=\"#elementor-action%3Aaction%3Dlightbox%26settings%3DeyJpZCI6ODA2ODA3NSwidXJsIjoiaHR0cHM6XC9cL3d3dy53aWxkaXguY29tXC93cC1jb250ZW50XC91cGxvYWRzXC8yMDI0XC8wMlwvdy1wYS1jYXNlLXN0dWR5LndlYnAiLCJzbGlkZXNob3ciOiI1NTY1ZjUyIn0%3D\">\n\t\t\t\t\t<div class=\"e-gallery-image elementor-gallery-item__image\" data-thumbnail=\"https:\/\/www.wildix.com\/wp-content\/uploads\/2024\/02\/w-pa-case-study.webp\" data-width=\"1200\" data-height=\"800\" aria-label=\"Discover how to use W-PA also in the smallest environments!\" role=\"img\" ><\/div>\n\t\t\t\t\t\t\t\t\t\t\t<div class=\"elementor-gallery-item__overlay\"><\/div>\n\t\t\t\t\t\t\t\t\t\t\t\t\t\t<\/a>\n\t\t\t\t\t\t\t<a class=\"e-gallery-item elementor-gallery-item elementor-animated-content\" href=\"https:\/\/www.wildix.com\/wp-content\/uploads\/2024\/02\/w-pa-case-study-med.webp\" data-elementor-open-lightbox=\"yes\" data-elementor-lightbox-slideshow=\"5565f52\" data-elementor-lightbox-title=\"W-PA Use Case\" data-e-action-hash=\"#elementor-action%3Aaction%3Dlightbox%26settings%3DeyJpZCI6ODA2ODA2OCwidXJsIjoiaHR0cHM6XC9cL3d3dy53aWxkaXguY29tXC93cC1jb250ZW50XC91cGxvYWRzXC8yMDI0XC8wMlwvdy1wYS1jYXNlLXN0dWR5LW1lZC53ZWJwIiwic2xpZGVzaG93IjoiNTU2NWY1MiJ9\">\n\t\t\t\t\t<div class=\"e-gallery-image elementor-gallery-item__image\" data-thumbnail=\"https:\/\/www.wildix.com\/wp-content\/uploads\/2024\/02\/w-pa-case-study-med.webp\" data-width=\"1200\" data-height=\"800\" aria-label=\"Discover how to use W-PA also in the smallest environments!\" role=\"img\" ><\/div>\n\t\t\t\t\t\t\t\t\t\t\t<div class=\"elementor-gallery-item__overlay\"><\/div>\n\t\t\t\t\t\t\t\t\t\t\t\t\t\t<\/a>\n\t\t\t\t\t<\/div>\n\t\t\t\t\t<\/div>\n\t\t\t\t<\/div>\n\t\t\t\t<\/div>\n\t\t\t\t\t<\/div>\n\t\t\t\t<\/div>\n\t\t\t\t<\/div>\n\t\t","protected":false},"excerpt":{"rendered":"<p>Le W-PA adapt\u00e9 aux grandes mais aussi aux petites structures\u00a0: ENECOM nous explique comment le W\u2011PA a r\u00e9pondu \u00e0 la probl\u00e9matique d\u2019un cabinet dentaire L\u2019annonceur public Wildix a \u00e9t\u00e9 cr\u00e9\u00e9 pour diffuser les annonces et les communications dans les grands environnements tels que les supermarch\u00e9s, les a\u00e9roports et les h\u00f4pitaux.Mais le W\u2011PA est un produit [&hellip;]<\/p>\n","protected":false},"author":51,"featured_media":8068077,"parent":0,"menu_order":0,"comment_status":"closed","ping_status":"closed","template":"","meta":{"_acf_changed":false,"site-sidebar-layout":"no-sidebar","site-content-layout":"page-builder","ast-site-content-layout":"default","site-content-style":"default","site-sidebar-style":"default","ast-global-header-display":"","ast-banner-title-visibility":"","ast-main-header-display":"","ast-hfb-above-header-display":"","ast-hfb-below-header-display":"","ast-hfb-mobile-header-display":"","site-post-title":"disabled","ast-breadcrumbs-content":"","ast-featured-img":"disabled","footer-sml-layout":"","ast-disable-related-posts":"","theme-transparent-header-meta":"","adv-header-id-meta":"","stick-header-meta":"","header-above-stick-meta":"","header-main-stick-meta":"","header-below-stick-meta":"","astra-migrate-meta-layouts":"set","ast-page-background-enabled":"default","ast-page-background-meta":{"desktop":{"background-color":"var(--ast-global-color-4)","background-image":"","background-repeat":"repeat","background-position":"center center","background-size":"auto","background-attachment":"scroll","background-type":"","background-media":"","overlay-type":"","overlay-color":"","overlay-opacity":"","overlay-gradient":""},"tablet":{"background-color":"","background-image":"","background-repeat":"repeat","background-position":"center center","background-size":"auto","background-attachment":"scroll","background-type":"","background-media":"","overlay-type":"","overlay-color":"","overlay-opacity":"","overlay-gradient":""},"mobile":{"background-color":"","background-image":"","background-repeat":"repeat","background-position":"center center","background-size":"auto","background-attachment":"scroll","background-type":"","background-media":"","overlay-type":"","overlay-color":"","overlay-opacity":"","overlay-gradient":""}},"ast-content-background-meta":{"desktop":{"background-color":"var(--ast-global-color-5)","background-image":"","background-repeat":"repeat","background-position":"center center","background-size":"auto","background-attachment":"scroll","background-type":"","background-media":"","overlay-type":"","overlay-color":"","overlay-opacity":"","overlay-gradient":""},"tablet":{"background-color":"var(--ast-global-color-5)","background-image":"","background-repeat":"repeat","background-position":"center center","background-size":"auto","background-attachment":"scroll","background-type":"","background-media":"","overlay-type":"","overlay-color":"","overlay-opacity":"","overlay-gradient":""},"mobile":{"background-color":"var(--ast-global-color-5)","background-image":"","background-repeat":"repeat","background-position":"center center","background-size":"auto","background-attachment":"scroll","background-type":"","background-media":"","overlay-type":"","overlay-color":"","overlay-opacity":"","overlay-gradient":""}},"_jet_sm_ready_style":"","_jet_sm_style":"","_jet_sm_controls_values":"","_jet_sm_fonts_collection":"","_jet_sm_fonts_links":"","footnotes":""},"class_list":["post-8068014","page","type-page","status-publish","has-post-thumbnail","hentry"],"acf":[],"yoast_head":"<!-- This site is optimized with the Yoast SEO plugin v27.4 - https:\/\/yoast.com\/product\/yoast-seo-wordpress\/ -->\n<title>W-PA Use Case | Wildix<\/title>\n<meta name=\"description\" content=\"Enecom a mis au point un syst\u00e8me encore plus efficace: le dispositif W\u2011PA, connect\u00e9 \u00e0 deux haut\u2011parleurs, permet de g\u00e9rer le registre du garage r\u00e9serv\u00e9 aux utilisateurs du cabinet \u00e0 distance.\" \/>\n<meta name=\"robots\" content=\"index, follow, max-snippet:-1, max-image-preview:large, max-video-preview:-1\" \/>\n<meta property=\"og:locale\" content=\"fr_FR\" \/>\n<meta property=\"og:type\" content=\"article\" \/>\n<meta property=\"og:title\" content=\"W-PA Use Case | Wildix\" \/>\n<meta property=\"og:description\" content=\"Enecom a mis au point un syst\u00e8me encore plus efficace: le dispositif W\u2011PA, connect\u00e9 \u00e0 deux haut\u2011parleurs, permet de g\u00e9rer le registre du garage r\u00e9serv\u00e9 aux utilisateurs du cabinet \u00e0 distance.\" \/>\n<meta property=\"og:url\" content=\"https:\/\/www.wildix.com\/fr\/w-pa-use-case\/\" \/>\n<meta property=\"og:site_name\" content=\"Wildix\" \/>\n<meta property=\"article:publisher\" content=\"https:\/\/www.facebook.com\/groups\/wildixtechwizards\/?mibextid=6NoCDW\" \/>\n<meta property=\"article:modified_time\" content=\"2024-04-16T13:24:26+00:00\" \/>\n<meta property=\"og:image\" content=\"https:\/\/www.wildix.com\/wp-content\/uploads\/2024\/02\/w-pa-case-study.webp\" \/>\n\t<meta property=\"og:image:width\" content=\"1200\" \/>\n\t<meta property=\"og:image:height\" content=\"800\" \/>\n\t<meta property=\"og:image:type\" content=\"image\/webp\" \/>\n<meta name=\"twitter:card\" content=\"summary_large_image\" \/>\n<meta name=\"twitter:site\" content=\"@wildix_\" \/>\n<meta name=\"twitter:label1\" content=\"Dur\u00e9e de lecture estim\u00e9e\" \/>\n\t<meta name=\"twitter:data1\" content=\"2 minutes\" \/>\n<!-- \/ Yoast SEO plugin. -->","yoast_head_json":{"title":"W-PA Use Case | Wildix","description":"Enecom a mis au point un syst\u00e8me encore plus efficace: le dispositif W\u2011PA, connect\u00e9 \u00e0 deux haut\u2011parleurs, permet de g\u00e9rer le registre du garage r\u00e9serv\u00e9 aux utilisateurs du cabinet \u00e0 distance.","robots":{"index":"index","follow":"follow","max-snippet":"max-snippet:-1","max-image-preview":"max-image-preview:large","max-video-preview":"max-video-preview:-1"},"og_locale":"fr_FR","og_type":"article","og_title":"W-PA Use Case | Wildix","og_description":"Enecom a mis au point un syst\u00e8me encore plus efficace: le dispositif W\u2011PA, connect\u00e9 \u00e0 deux haut\u2011parleurs, permet de g\u00e9rer le registre du garage r\u00e9serv\u00e9 aux utilisateurs du cabinet \u00e0 distance.","og_url":"https:\/\/www.wildix.com\/fr\/w-pa-use-case\/","og_site_name":"Wildix","article_publisher":"https:\/\/www.facebook.com\/groups\/wildixtechwizards\/?mibextid=6NoCDW","article_modified_time":"2024-04-16T13:24:26+00:00","og_image":[{"width":1200,"height":800,"url":"https:\/\/www.wildix.com\/wp-content\/uploads\/2024\/02\/w-pa-case-study.webp","type":"image\/webp"}],"twitter_card":"summary_large_image","twitter_site":"@wildix_","twitter_misc":{"Dur\u00e9e de lecture estim\u00e9e":"2 minutes"},"schema":{"@context":"https:\/\/schema.org","@graph":[{"@type":"WebPage","@id":"https:\/\/www.wildix.com\/fr\/w-pa-use-case\/","url":"https:\/\/www.wildix.com\/fr\/w-pa-use-case\/","name":"W-PA Use Case | Wildix","isPartOf":{"@id":"https:\/\/www.wildix.com\/fr\/#website"},"primaryImageOfPage":{"@id":"https:\/\/www.wildix.com\/fr\/w-pa-use-case\/#primaryimage"},"image":{"@id":"https:\/\/www.wildix.com\/fr\/w-pa-use-case\/#primaryimage"},"thumbnailUrl":"https:\/\/www.wildix.com\/wp-content\/uploads\/2024\/02\/w-pa-case-study.webp","datePublished":"2024-02-08T12:58:32+00:00","dateModified":"2024-04-16T13:24:26+00:00","description":"Enecom a mis au point un syst\u00e8me encore plus efficace: le dispositif W\u2011PA, connect\u00e9 \u00e0 deux haut\u2011parleurs, permet de g\u00e9rer le registre du garage r\u00e9serv\u00e9 aux utilisateurs du cabinet \u00e0 distance.","breadcrumb":{"@id":"https:\/\/www.wildix.com\/fr\/w-pa-use-case\/#breadcrumb"},"inLanguage":"fr-FR","potentialAction":[{"@type":"ReadAction","target":["https:\/\/www.wildix.com\/fr\/w-pa-use-case\/"]}]},{"@type":"ImageObject","inLanguage":"fr-FR","@id":"https:\/\/www.wildix.com\/fr\/w-pa-use-case\/#primaryimage","url":"https:\/\/www.wildix.com\/wp-content\/uploads\/2024\/02\/w-pa-case-study.webp","contentUrl":"https:\/\/www.wildix.com\/wp-content\/uploads\/2024\/02\/w-pa-case-study.webp","width":1200,"height":800,"caption":"Discover how to use W-PA also in the smallest environments!"},{"@type":"BreadcrumbList","@id":"https:\/\/www.wildix.com\/fr\/w-pa-use-case\/#breadcrumb","itemListElement":[{"@type":"ListItem","position":1,"name":"Home","item":"https:\/\/www.wildix.com\/fr\/home-copy\/"},{"@type":"ListItem","position":2,"name":"W-PA USE CASE"}]},{"@type":"WebSite","@id":"https:\/\/www.wildix.com\/fr\/#website","url":"https:\/\/www.wildix.com\/fr\/","name":"Wildix","description":"","publisher":{"@id":"https:\/\/www.wildix.com\/fr\/#organization"},"potentialAction":[{"@type":"SearchAction","target":{"@type":"EntryPoint","urlTemplate":"https:\/\/www.wildix.com\/fr\/?s={search_term_string}"},"query-input":{"@type":"PropertyValueSpecification","valueRequired":true,"valueName":"search_term_string"}}],"inLanguage":"fr-FR"},{"@type":"Organization","@id":"https:\/\/www.wildix.com\/fr\/#organization","name":"Wildix","url":"https:\/\/www.wildix.com\/fr\/","logo":{"@type":"ImageObject","inLanguage":"fr-FR","@id":"https:\/\/www.wildix.com\/fr\/#\/schema\/logo\/image\/","url":"https:\/\/www.wildix.com\/wp-content\/uploads\/2021\/09\/logo-1.svg","contentUrl":"https:\/\/www.wildix.com\/wp-content\/uploads\/2021\/09\/logo-1.svg","caption":"Wildix"},"image":{"@id":"https:\/\/www.wildix.com\/fr\/#\/schema\/logo\/image\/"},"sameAs":["https:\/\/www.facebook.com\/groups\/wildixtechwizards\/?mibextid=6NoCDW","https:\/\/x.com\/wildix_"]}]}},"clean_content":"Le W-PA adapt\u00e9 aux grandes mais aussi aux petites structures\u00a0: ENECOM nous explique comment le W\u2011PA a r\u00e9pondu \u00e0 la probl\u00e9matique d\u2019un cabinet dentaire L\u2019annonceur public Wildix a \u00e9t\u00e9 cr\u00e9\u00e9 pour diffuser les annonces et les communications dans les grands environnements tels que les supermarch\u00e9s, les a\u00e9roports et les h\u00f4pitaux. Mais le W\u2011PA est un produit tellement polyvalent qu\u2019il fonctionne m\u00eame dans des environnements plus petits, comme le montre l\u2019exemple d\u2019utilisation suivant. Le partenaire Wildix Enecom a install\u00e9 avec succ\u00e8s un W\u2011PA dans le garage du cabinet dentaire Gabriella Grassi. Le prestigieux cabinet (une pi\u00e8ce de plus de 500 m\u00e8tres carr\u00e9s) est situ\u00e9 dans un immeuble en copropri\u00e9t\u00e9 dans le centre historique de Potenza, o\u00f9 les possibilit\u00e9s de stationnement sont r\u00e9duites. Enecom a con\u00e7u l\u2019ensemble du syst\u00e8me de communication client pour le rendre efficace sous tous ses aspects. L\u2019\u00e9l\u00e9gant visiophone Vision pour la r\u00e9ception et les bureaux, le W\u2011AIR sans fil permet la mobilit\u00e9 des dentistes et des aides-fauteuils au sein du studio. Un interphone vid\u00e9o a \u00e9galement \u00e9t\u00e9 install\u00e9 \u00e0 l\u2019entr\u00e9e. Pour les clients arrivant en voiture, Enecom a mis au point un syst\u00e8me encore plus efficace: le dispositif W\u2011PA, connect\u00e9 \u00e0 deux haut-parleurs, permet de g\u00e9rer le registre du garage r\u00e9serv\u00e9 aux utilisateurs du cabinet \u00e0 distance. La solution permet au studio de v\u00e9rifier l\u2019identit\u00e9 des clients via le visiophone et via le W\u2011PA, d\u2019ouvrir le portail du garage et de transmettre des messages vocaux, en indiquant notamment comment atteindre le studio depuis le garage ou d\u00e9placer la voiture afin de ne pas bloquer le passage. Enecom a donc am\u00e9lior\u00e9 la communication, et pas seulement au sein du cabinet dentaire, car gr\u00e2ce au dispositif W\u2011PA, elle peut facilement g\u00e9rer \u00e0 la fois le registre du garage souterrain et les communications vocales avec les clients nouvellement arriv\u00e9s dans le garage, tout en leur garantissant une assistance \u00e0 360\u00a0degr\u00e9s.","_links":{"self":[{"href":"https:\/\/www.wildix.com\/fr\/wp-json\/wp\/v2\/pages\/8068014","targetHints":{"allow":["GET"]}}],"collection":[{"href":"https:\/\/www.wildix.com\/fr\/wp-json\/wp\/v2\/pages"}],"about":[{"href":"https:\/\/www.wildix.com\/fr\/wp-json\/wp\/v2\/types\/page"}],"author":[{"embeddable":true,"href":"https:\/\/www.wildix.com\/fr\/wp-json\/wp\/v2\/users\/51"}],"replies":[{"embeddable":true,"href":"https:\/\/www.wildix.com\/fr\/wp-json\/wp\/v2\/comments?post=8068014"}],"version-history":[{"count":5,"href":"https:\/\/www.wildix.com\/fr\/wp-json\/wp\/v2\/pages\/8068014\/revisions"}],"predecessor-version":[{"id":8083155,"href":"https:\/\/www.wildix.com\/fr\/wp-json\/wp\/v2\/pages\/8068014\/revisions\/8083155"}],"wp:featuredmedia":[{"embeddable":true,"href":"https:\/\/www.wildix.com\/fr\/wp-json\/wp\/v2\/media\/8068077"}],"wp:attachment":[{"href":"https:\/\/www.wildix.com\/fr\/wp-json\/wp\/v2\/media?parent=8068014"}],"curies":[{"name":"wp","href":"https:\/\/api.w.org\/{rel}","templated":true}]}}