{"id":8015017,"date":"2023-02-22T17:40:01","date_gmt":"2023-02-22T16:40:01","guid":{"rendered":"https:\/\/www.wildix.com\/welcome-aboard\/"},"modified":"2023-03-09T22:22:53","modified_gmt":"2023-03-09T21:22:53","slug":"bienvenue-a-bord","status":"publish","type":"page","link":"https:\/\/www.wildix.com\/fr\/bienvenue-a-bord\/","title":{"rendered":"Oh\u00e9, futurs co\u00e9quipiers !"},"content":{"rendered":"\t\t<div data-elementor-type=\"wp-page\" data-elementor-id=\"8015017\" class=\"elementor elementor-8015017 elementor-8012325\" data-elementor-post-type=\"page\">\n\t\t\t\t<div class=\"elementor-element elementor-element-7b21dd7 e-flex e-con-boxed e-con e-parent\" data-id=\"7b21dd7\" data-element_type=\"container\" data-e-type=\"container\" data-settings=\"{&quot;background_background&quot;:&quot;classic&quot;,&quot;jet_parallax_layout_list&quot;:[],&quot;shape_divider_bottom&quot;:&quot;tilt&quot;}\">\n\t\t\t\t\t<div class=\"e-con-inner\">\n\t\t\t\t<div class=\"elementor-shape elementor-shape-bottom\" aria-hidden=\"true\" data-negative=\"false\">\n\t\t\t<svg xmlns=\"http:\/\/www.w3.org\/2000\/svg\" viewBox=\"0 0 1000 100\" preserveAspectRatio=\"none\">\n\t<path class=\"elementor-shape-fill\" d=\"M0,6V0h1000v100L0,6z\"\/>\n<\/svg>\t\t<\/div>\n\t\t<div class=\"elementor-element elementor-element-326579c e-con-full e-flex e-con e-child\" data-id=\"326579c\" data-element_type=\"container\" data-e-type=\"container\" data-settings=\"{&quot;jet_parallax_layout_list&quot;:[]}\">\n\t\t\t\t<div class=\"elementor-element elementor-element-8f2f2c5 elementor-widget elementor-widget-heading\" data-id=\"8f2f2c5\" data-element_type=\"widget\" data-e-type=\"widget\" data-widget_type=\"heading.default\">\n\t\t\t\t<div class=\"elementor-widget-container\">\n\t\t\t\t\t<h2 class=\"elementor-heading-title elementor-size-default\">Oh\u00e9,<br \/> futurs co\u00e9quipiers !<\/h2>\t\t\t\t<\/div>\n\t\t\t\t<\/div>\n\t\t\t\t<div class=\"elementor-element elementor-element-ef29ddf elementor-widget elementor-widget-text-editor\" data-id=\"ef29ddf\" data-element_type=\"widget\" data-e-type=\"widget\" data-widget_type=\"text-editor.default\">\n\t\t\t\t<div class=\"elementor-widget-container\">\n\t\t\t\t\t\t\t\t\tLe bon vieux navire Avaya coule. Ne le laissez pas vous entra\u00eener dans sa chute. Vous devez offrir des options \u00e0 vos clients si vous voulez qu&#8217;ils gardent la t\u00eate hors de l&#8217;eau. Choisissez Wildix comme l&#8217;un des canots de sauvetage UCaaS de votre portefeuille, et nous vous aiderons \u00e0 emmener vos clients vers des eaux plus calmes.\t\t\t\t\t\t\t\t<\/div>\n\t\t\t\t<\/div>\n\t\t\t\t<div class=\"elementor-element elementor-element-3e5fa87 elementor-icon-list--layout-traditional elementor-list-item-link-full_width elementor-widget elementor-widget-icon-list\" data-id=\"3e5fa87\" data-element_type=\"widget\" data-e-type=\"widget\" data-widget_type=\"icon-list.default\">\n\t\t\t\t<div class=\"elementor-widget-container\">\n\t\t\t\t\t\t\t<ul class=\"elementor-icon-list-items\">\n\t\t\t\t\t\t\t<li class=\"elementor-icon-list-item\">\n\t\t\t\t\t\t\t\t\t\t\t<span class=\"elementor-icon-list-icon\">\n\t\t\t\t\t\t\t<svg aria-hidden=\"true\" class=\"e-font-icon-svg e-fas-angle-right\" viewBox=\"0 0 256 512\" xmlns=\"http:\/\/www.w3.org\/2000\/svg\"><path d=\"M224.3 273l-136 136c-9.4 9.4-24.6 9.4-33.9 0l-22.6-22.6c-9.4-9.4-9.4-24.6 0-33.9l96.4-96.4-96.4-96.4c-9.4-9.4-9.4-24.6 0-33.9L54.3 103c9.4-9.4 24.6-9.4 33.9 0l136 136c9.5 9.4 9.5 24.6.1 34z\"><\/path><\/svg>\t\t\t\t\t\t<\/span>\n\t\t\t\t\t\t\t\t\t\t<span class=\"elementor-icon-list-text\">Nous sommes 100 % focalis\u00e9s sur le channel - tout tourne autour de <strong>vous<\/strong> !<\/span>\n\t\t\t\t\t\t\t\t\t<\/li>\n\t\t\t\t\t\t\t\t<li class=\"elementor-icon-list-item\">\n\t\t\t\t\t\t\t\t\t\t\t<span class=\"elementor-icon-list-icon\">\n\t\t\t\t\t\t\t<svg aria-hidden=\"true\" class=\"e-font-icon-svg e-fas-angle-right\" viewBox=\"0 0 256 512\" xmlns=\"http:\/\/www.w3.org\/2000\/svg\"><path d=\"M224.3 273l-136 136c-9.4 9.4-24.6 9.4-33.9 0l-22.6-22.6c-9.4-9.4-9.4-24.6 0-33.9l96.4-96.4-96.4-96.4c-9.4-9.4-9.4-24.6 0-33.9L54.3 103c9.4-9.4 24.6-9.4 33.9 0l136 136c9.5 9.4 9.5 24.6.1 34z\"><\/path><\/svg>\t\t\t\t\t\t<\/span>\n\t\t\t\t\t\t\t\t\t\t<span class=\"elementor-icon-list-text\">Nous vous donnons les outils n\u00e9cessaires pour g\u00e9rer <strong>vos<\/strong> clients - il n'y a pas de conflit d'int\u00e9r\u00eats.<\/span>\n\t\t\t\t\t\t\t\t\t<\/li>\n\t\t\t\t\t\t\t\t<li class=\"elementor-icon-list-item\">\n\t\t\t\t\t\t\t\t\t\t\t<span class=\"elementor-icon-list-icon\">\n\t\t\t\t\t\t\t<svg aria-hidden=\"true\" class=\"e-font-icon-svg e-fas-angle-right\" viewBox=\"0 0 256 512\" xmlns=\"http:\/\/www.w3.org\/2000\/svg\"><path d=\"M224.3 273l-136 136c-9.4 9.4-24.6 9.4-33.9 0l-22.6-22.6c-9.4-9.4-9.4-24.6 0-33.9l96.4-96.4-96.4-96.4c-9.4-9.4-9.4-24.6 0-33.9L54.3 103c9.4-9.4 24.6-9.4 33.9 0l136 136c9.5 9.4 9.5 24.6.1 34z\"><\/path><\/svg>\t\t\t\t\t\t<\/span>\n\t\t\t\t\t\t\t\t\t\t<span class=\"elementor-icon-list-text\">Notre solution d'entreprise flexible <strong>vous<\/strong> permet de fournir un service et des r\u00e9sultats de qualit\u00e9 sup\u00e9rieure.<\/span>\n\t\t\t\t\t\t\t\t\t<\/li>\n\t\t\t\t\t\t\t\t<li class=\"elementor-icon-list-item\">\n\t\t\t\t\t\t\t\t\t\t\t<span class=\"elementor-icon-list-icon\">\n\t\t\t\t\t\t\t<svg aria-hidden=\"true\" class=\"e-font-icon-svg e-fas-angle-right\" viewBox=\"0 0 256 512\" xmlns=\"http:\/\/www.w3.org\/2000\/svg\"><path d=\"M224.3 273l-136 136c-9.4 9.4-24.6 9.4-33.9 0l-22.6-22.6c-9.4-9.4-9.4-24.6 0-33.9l96.4-96.4-96.4-96.4c-9.4-9.4-9.4-24.6 0-33.9L54.3 103c9.4-9.4 24.6-9.4 33.9 0l136 136c9.5 9.4 9.5 24.6.1 34z\"><\/path><\/svg>\t\t\t\t\t\t<\/span>\n\t\t\t\t\t\t\t\t\t\t<span class=\"elementor-icon-list-text\">Nous ne sommes pas un nouvel arrivant sur le march\u00e9, un aspirant ou un ancien - nous sommes reconnus par Gartner, Frost and Sullivan et Forrester.<\/span>\n\t\t\t\t\t\t\t\t\t<\/li>\n\t\t\t\t\t\t\t\t<li class=\"elementor-icon-list-item\">\n\t\t\t\t\t\t\t\t\t\t\t<span class=\"elementor-icon-list-icon\">\n\t\t\t\t\t\t\t<svg aria-hidden=\"true\" class=\"e-font-icon-svg e-fas-angle-right\" viewBox=\"0 0 256 512\" xmlns=\"http:\/\/www.w3.org\/2000\/svg\"><path d=\"M224.3 273l-136 136c-9.4 9.4-24.6 9.4-33.9 0l-22.6-22.6c-9.4-9.4-9.4-24.6 0-33.9l96.4-96.4-96.4-96.4c-9.4-9.4-9.4-24.6 0-33.9L54.3 103c9.4-9.4 24.6-9.4 33.9 0l136 136c9.5 9.4 9.5 24.6.1 34z\"><\/path><\/svg>\t\t\t\t\t\t<\/span>\n\t\t\t\t\t\t\t\t\t\t<span class=\"elementor-icon-list-text\">Une entreprise stable et priv\u00e9e<\/span>\n\t\t\t\t\t\t\t\t\t<\/li>\n\t\t\t\t\t\t<\/ul>\n\t\t\t\t\t\t<\/div>\n\t\t\t\t<\/div>\n\t\t\t\t<\/div>\n\t\t<div class=\"elementor-element elementor-element-62aa06b e-con-full e-flex e-con e-child\" data-id=\"62aa06b\" data-element_type=\"container\" data-e-type=\"container\" data-settings=\"{&quot;jet_parallax_layout_list&quot;:[],&quot;background_background&quot;:&quot;classic&quot;}\">\n\t\t\t\t<div class=\"elementor-element elementor-element-35c039f elementor-widget elementor-widget-heading\" data-id=\"35c039f\" data-element_type=\"widget\" data-e-type=\"widget\" data-widget_type=\"heading.default\">\n\t\t\t\t<div class=\"elementor-widget-container\">\n\t\t\t\t\t<h2 class=\"elementor-heading-title elementor-size-default\">Remplissez le formulaire<\/h2>\t\t\t\t<\/div>\n\t\t\t\t<\/div>\n\t\t\t\t<div class=\"elementor-element elementor-element-9bbe101 elementor-widget elementor-widget-text-editor\" data-id=\"9bbe101\" data-element_type=\"widget\" data-e-type=\"widget\" data-widget_type=\"text-editor.default\">\n\t\t\t\t<div class=\"elementor-widget-container\">\n\t\t\t\t\t\t\t\t\tpour recevoir un message (malheureusement pas dans une bouteille) de notre \u00e9quipe.\n\t\t\t\t\t\t\t\t<\/div>\n\t\t\t\t<\/div>\n\t\t\t\t<div class=\"elementor-element elementor-element-fae4e38 elementor-widget elementor-widget-html\" data-id=\"fae4e38\" data-element_type=\"widget\" data-e-type=\"widget\" data-widget_type=\"html.default\">\n\t\t\t\t<div class=\"elementor-widget-container\">\n\t\t\t\t\t<iframe src=\"https:\/\/go.wildix.com\/l\/920113\/2023-03-09\/2dfcmv\" width=\"100%\" height=\"500\" type=\"text\/html\" frameborder=\"0\" allowTransparency=\"true\" style=\"border: 0\"><\/iframe>\t\t\t\t<\/div>\n\t\t\t\t<\/div>\n\t\t\t\t<\/div>\n\t\t\t\t\t<\/div>\n\t\t\t\t<\/div>\n\t\t\t\t<section class=\"elementor-section elementor-top-section elementor-element elementor-element-772ca05 elementor-section-boxed elementor-section-height-default elementor-section-height-default\" data-id=\"772ca05\" data-element_type=\"section\" data-e-type=\"section\" data-settings=\"{&quot;jet_parallax_layout_list&quot;:[{&quot;jet_parallax_layout_image&quot;:{&quot;url&quot;:&quot;&quot;,&quot;id&quot;:&quot;&quot;,&quot;size&quot;:&quot;&quot;},&quot;_id&quot;:&quot;f4a8e14&quot;,&quot;jet_parallax_layout_image_tablet&quot;:{&quot;url&quot;:&quot;&quot;,&quot;id&quot;:&quot;&quot;,&quot;size&quot;:&quot;&quot;},&quot;jet_parallax_layout_image_mobile&quot;:{&quot;url&quot;:&quot;&quot;,&quot;id&quot;:&quot;&quot;,&quot;size&quot;:&quot;&quot;},&quot;jet_parallax_layout_speed&quot;:{&quot;unit&quot;:&quot;%&quot;,&quot;size&quot;:50,&quot;sizes&quot;:[]},&quot;jet_parallax_layout_type&quot;:&quot;scroll&quot;,&quot;jet_parallax_layout_direction&quot;:null,&quot;jet_parallax_layout_fx_direction&quot;:null,&quot;jet_parallax_layout_z_index&quot;:&quot;&quot;,&quot;jet_parallax_layout_bg_x&quot;:50,&quot;jet_parallax_layout_bg_x_tablet&quot;:&quot;&quot;,&quot;jet_parallax_layout_bg_x_mobile&quot;:&quot;&quot;,&quot;jet_parallax_layout_bg_y&quot;:50,&quot;jet_parallax_layout_bg_y_tablet&quot;:&quot;&quot;,&quot;jet_parallax_layout_bg_y_mobile&quot;:&quot;&quot;,&quot;jet_parallax_layout_bg_size&quot;:&quot;auto&quot;,&quot;jet_parallax_layout_bg_size_tablet&quot;:&quot;&quot;,&quot;jet_parallax_layout_bg_size_mobile&quot;:&quot;&quot;,&quot;jet_parallax_layout_animation_prop&quot;:&quot;transform&quot;,&quot;jet_parallax_layout_on&quot;:[&quot;desktop&quot;,&quot;tablet&quot;]}],&quot;background_background&quot;:&quot;classic&quot;}\">\n\t\t\t\t\t\t<div class=\"elementor-container elementor-column-gap-default\">\n\t\t\t\t\t<div class=\"elementor-column elementor-col-25 elementor-top-column elementor-element elementor-element-cf8f920\" data-id=\"cf8f920\" data-element_type=\"column\" data-e-type=\"column\">\n\t\t\t<div class=\"elementor-widget-wrap elementor-element-populated\">\n\t\t\t\t\t\t<div class=\"elementor-element elementor-element-0c90ad6 elementor-view-default elementor-widget elementor-widget-icon\" data-id=\"0c90ad6\" data-element_type=\"widget\" data-e-type=\"widget\" data-widget_type=\"icon.default\">\n\t\t\t\t<div class=\"elementor-widget-container\">\n\t\t\t\t\t\t\t<div class=\"elementor-icon-wrapper\">\n\t\t\t<div class=\"elementor-icon\">\n\t\t\t<svg xmlns=\"http:\/\/www.w3.org\/2000\/svg\" viewBox=\"0 0 204 55.49\"><g id=\"Livello_2\" data-name=\"Livello 2\"><g id=\"Livello_1-2\" data-name=\"Livello 1\"><g id=\"Livello_2-2\" data-name=\"Livello 2\"><g id=\"Livello_1-2-2\" data-name=\"Livello 1-2\"><g id=\"Raggruppa_186\" data-name=\"Raggruppa 186\"><path id=\"Tracciato_225\" data-name=\"Tracciato 225\" d=\"M60.77,0c-2.77-.7-5.12,12-7,24-2,12.6-3.77,25.21-6.29,23.85-7.27-3.92-9-46-17.66-44.09C22.93,5.33,25.7,46.7,21.18,47.55S6.9,11.18,4.63,9.35s-8.54,2.17-1.08,8.28c7.83,6.4,14.1,38.7,18.62,37.85s1.62-42.87,8.66-43.75c3.55-.45,6.15,10.67,8.72,21.79,2.52,10.93,5,21.86,8.35,21.8,4.52-.08,7.47-43.24,13-47.42C65.17,4.6,62.67.56,60.77,0\"><\/path><path id=\"Tracciato_226\" data-name=\"Tracciato 226\" d=\"M85.13,35.92h.09l7-24.3h4l7.24,24.3h.09l6.86-23.84h7.15L105.72,47.75h-5l-7-22.87h-.09L87.08,47.75h-5L70.94,12.08h7.14Z\"><\/path><rect id=\"Rettangolo_35\" data-name=\"Rettangolo 35\" x=\"119.54\" y=\"24.28\" width=\"6.49\" height=\"22.77\"><\/rect><rect id=\"Rettangolo_36\" data-name=\"Rettangolo 36\" x=\"130.95\" y=\"7.72\" width=\"6.49\" height=\"39.33\"><\/rect><path id=\"Tracciato_227\" data-name=\"Tracciato 227\" d=\"M157.12,7.72V26.37H157a6.93,6.93,0,0,0-2.73-2.09,8.53,8.53,0,0,0-3.48-.74,9.26,9.26,0,0,0-4.32,1,9.81,9.81,0,0,0-3.29,2.71,12.45,12.45,0,0,0-2.06,3.87,13.31,13.31,0,0,0-.72,4.43,14.53,14.53,0,0,0,.7,4.53,12.47,12.47,0,0,0,2.06,4,9.71,9.71,0,0,0,3.34,2.76,9.5,9.5,0,0,0,4.38,1,8.44,8.44,0,0,0,3.49-.76A6.71,6.71,0,0,0,157,44.93h.09V47h6.5V7.73ZM156.26,40a4.77,4.77,0,0,1-6.66,1.09A4.7,4.7,0,0,1,148.51,40a7.19,7.19,0,0,1,0-8.83,4.82,4.82,0,0,1,6.74-1h0a4.74,4.74,0,0,1,1,1,7.22,7.22,0,0,1,0,8.83\"><\/path><path id=\"Tracciato_228\" data-name=\"Tracciato 228\" d=\"M174.54,13.22a3.82,3.82,0,1,1-2.72-1.14,3.72,3.72,0,0,1,2.72,1.14\"><\/path><rect id=\"Rettangolo_37\" data-name=\"Rettangolo 37\" x=\"168.58\" y=\"24.28\" width=\"6.49\" height=\"22.77\"><\/rect><path id=\"Tracciato_229\" data-name=\"Tracciato 229\" d=\"M178.73,24.28h7.89l4.22,5.89,3.62-5.89h8l-8.07,10.39L204,47h-8l-5.84-7.93L184.9,47h-8.07l9.74-12.38Z\"><\/path><path id=\"Tracciato_230\" data-name=\"Tracciato 230\" d=\"M125.7,13.22a3.82,3.82,0,1,1-2.7-1.14,3.72,3.72,0,0,1,2.72,1.14\"><\/path><\/g><\/g><\/g><\/g><\/g><\/svg>\t\t\t<\/div>\n\t\t<\/div>\n\t\t\t\t\t\t<\/div>\n\t\t\t\t<\/div>\n\t\t\t\t\t<\/div>\n\t\t<\/div>\n\t\t\t\t<div class=\"elementor-column elementor-col-25 elementor-top-column elementor-element elementor-element-3cbef1f\" data-id=\"3cbef1f\" data-element_type=\"column\" data-e-type=\"column\">\n\t\t\t<div class=\"elementor-widget-wrap\">\n\t\t\t\t\t\t\t<\/div>\n\t\t<\/div>\n\t\t\t\t<div class=\"elementor-column elementor-col-25 elementor-top-column elementor-element elementor-element-a96b153\" data-id=\"a96b153\" data-element_type=\"column\" data-e-type=\"column\">\n\t\t\t<div class=\"elementor-widget-wrap\">\n\t\t\t\t\t\t\t<\/div>\n\t\t<\/div>\n\t\t\t\t<div class=\"elementor-column elementor-col-25 elementor-top-column elementor-element elementor-element-3e2f315\" data-id=\"3e2f315\" data-element_type=\"column\" data-e-type=\"column\">\n\t\t\t<div class=\"elementor-widget-wrap elementor-element-populated\">\n\t\t\t\t\t\t<div class=\"elementor-element elementor-element-0da5353 elementor-widget elementor-widget-heading\" data-id=\"0da5353\" data-element_type=\"widget\" data-e-type=\"widget\" data-widget_type=\"heading.default\">\n\t\t\t\t<div class=\"elementor-widget-container\">\n\t\t\t\t\t<h5 class=\"elementor-heading-title elementor-size-default\">WILDIX SARL<\/h5>\t\t\t\t<\/div>\n\t\t\t\t<\/div>\n\t\t\t\t<div class=\"elementor-element elementor-element-eb2497b elementor-widget elementor-widget-text-editor\" data-id=\"eb2497b\" data-element_type=\"widget\" data-e-type=\"widget\" data-widget_type=\"text-editor.default\">\n\t\t\t\t<div class=\"elementor-widget-container\">\n\t\t\t\t\t\t\t\t\t<p>9, rue du Quatre Septembre<br \/>75002 Paris, France<br \/>TVA : FR 44498492743<br \/>Siret : 498 492 743<br \/>APE : 721Z<\/p>\t\t\t\t\t\t\t\t<\/div>\n\t\t\t\t<\/div>\n\t\t\t\t<div class=\"elementor-element elementor-element-c1026c4 elementor-widget elementor-widget-text-editor\" data-id=\"c1026c4\" data-element_type=\"widget\" data-e-type=\"widget\" data-widget_type=\"text-editor.default\">\n\t\t\t\t<div class=\"elementor-widget-container\">\n\t\t\t\t\t\t\t\t\t<p>Phone: +33 1 76 74 79 80<\/p>\t\t\t\t\t\t\t\t<\/div>\n\t\t\t\t<\/div>\n\t\t\t\t\t<\/div>\n\t\t<\/div>\n\t\t\t\t\t<\/div>\n\t\t<\/section>\n\t\t\t\t<\/div>\n\t\t","protected":false},"excerpt":{"rendered":"<p>Oh\u00e9, futurs co\u00e9quipiers ! Le bon vieux navire Avaya coule. Ne le laissez pas vous entra\u00eener dans sa chute. Vous devez offrir des options \u00e0 vos clients si vous voulez qu&#8217;ils gardent la t\u00eate hors de l&#8217;eau. Choisissez Wildix comme l&#8217;un des canots de sauvetage UCaaS de votre portefeuille, et nous vous aiderons \u00e0 emmener [&hellip;]<\/p>\n","protected":false},"author":51,"featured_media":0,"parent":0,"menu_order":0,"comment_status":"closed","ping_status":"closed","template":"elementor_canvas","meta":{"_acf_changed":false,"site-sidebar-layout":"no-sidebar","site-content-layout":"page-builder","ast-site-content-layout":"full-width-container","site-content-style":"unboxed","site-sidebar-style":"unboxed","ast-global-header-display":"","ast-banner-title-visibility":"","ast-main-header-display":"","ast-hfb-above-header-display":"","ast-hfb-below-header-display":"","ast-hfb-mobile-header-display":"","site-post-title":"disabled","ast-breadcrumbs-content":"","ast-featured-img":"disabled","footer-sml-layout":"","ast-disable-related-posts":"","theme-transparent-header-meta":"","adv-header-id-meta":"","stick-header-meta":"","header-above-stick-meta":"","header-main-stick-meta":"","header-below-stick-meta":"","astra-migrate-meta-layouts":"default","ast-page-background-enabled":"default","ast-page-background-meta":{"desktop":{"background-color":"var(--ast-global-color-4)","background-image":"","background-repeat":"repeat","background-position":"center center","background-size":"auto","background-attachment":"scroll","background-type":"","background-media":"","overlay-type":"","overlay-color":"","overlay-opacity":"","overlay-gradient":""},"tablet":{"background-color":"","background-image":"","background-repeat":"repeat","background-position":"center center","background-size":"auto","background-attachment":"scroll","background-type":"","background-media":"","overlay-type":"","overlay-color":"","overlay-opacity":"","overlay-gradient":""},"mobile":{"background-color":"","background-image":"","background-repeat":"repeat","background-position":"center center","background-size":"auto","background-attachment":"scroll","background-type":"","background-media":"","overlay-type":"","overlay-color":"","overlay-opacity":"","overlay-gradient":""}},"ast-content-background-meta":{"desktop":{"background-color":"var(--ast-global-color-5)","background-image":"","background-repeat":"repeat","background-position":"center center","background-size":"auto","background-attachment":"scroll","background-type":"","background-media":"","overlay-type":"","overlay-color":"","overlay-opacity":"","overlay-gradient":""},"tablet":{"background-color":"var(--ast-global-color-5)","background-image":"","background-repeat":"repeat","background-position":"center center","background-size":"auto","background-attachment":"scroll","background-type":"","background-media":"","overlay-type":"","overlay-color":"","overlay-opacity":"","overlay-gradient":""},"mobile":{"background-color":"var(--ast-global-color-5)","background-image":"","background-repeat":"repeat","background-position":"center center","background-size":"auto","background-attachment":"scroll","background-type":"","background-media":"","overlay-type":"","overlay-color":"","overlay-opacity":"","overlay-gradient":""}},"_jet_sm_ready_style":"","_jet_sm_style":"","_jet_sm_controls_values":"","_jet_sm_fonts_collection":"","_jet_sm_fonts_links":"","footnotes":""},"class_list":["post-8015017","page","type-page","status-publish","hentry"],"acf":[],"yoast_head":"<!-- This site is optimized with the Yoast SEO plugin v27.4 - https:\/\/yoast.com\/product\/yoast-seo-wordpress\/ -->\n<title>Le temps est venu de repenser Avaya | Wildix<\/title>\n<meta name=\"description\" content=\"Le bateau Avaya semble \u00eatre sur le point de sombrer. \u00cates-vous le h\u00e9ros tant attendu par vos clients pour les sortir de ces eaux troubl\u00e9es et maintenir leurs communications \u00e0 flot ?\" \/>\n<meta name=\"robots\" content=\"index, follow, max-snippet:-1, max-image-preview:large, max-video-preview:-1\" \/>\n<meta property=\"og:locale\" content=\"fr_FR\" \/>\n<meta property=\"og:type\" content=\"article\" \/>\n<meta property=\"og:title\" content=\"Le temps est venu de repenser Avaya | Wildix\" \/>\n<meta property=\"og:description\" content=\"Le bateau Avaya semble \u00eatre sur le point de sombrer. \u00cates-vous le h\u00e9ros tant attendu par vos clients pour les sortir de ces eaux troubl\u00e9es et maintenir leurs communications \u00e0 flot ?\" \/>\n<meta property=\"og:url\" content=\"https:\/\/www.wildix.com\/fr\/bienvenue-a-bord\/\" \/>\n<meta property=\"og:site_name\" content=\"Wildix\" \/>\n<meta property=\"article:publisher\" content=\"https:\/\/www.facebook.com\/groups\/wildixtechwizards\/?mibextid=6NoCDW\" \/>\n<meta property=\"article:modified_time\" content=\"2023-03-09T21:22:53+00:00\" \/>\n<meta name=\"twitter:card\" content=\"summary_large_image\" \/>\n<meta name=\"twitter:site\" content=\"@wildix_\" \/>\n<meta name=\"twitter:label1\" content=\"Dur\u00e9e de lecture estim\u00e9e\" \/>\n\t<meta name=\"twitter:data1\" content=\"1 minute\" \/>\n<!-- \/ Yoast SEO plugin. -->","yoast_head_json":{"title":"Le temps est venu de repenser Avaya | Wildix","description":"Le bateau Avaya semble \u00eatre sur le point de sombrer. \u00cates-vous le h\u00e9ros tant attendu par vos clients pour les sortir de ces eaux troubl\u00e9es et maintenir leurs communications \u00e0 flot ?","robots":{"index":"index","follow":"follow","max-snippet":"max-snippet:-1","max-image-preview":"max-image-preview:large","max-video-preview":"max-video-preview:-1"},"og_locale":"fr_FR","og_type":"article","og_title":"Le temps est venu de repenser Avaya | Wildix","og_description":"Le bateau Avaya semble \u00eatre sur le point de sombrer. \u00cates-vous le h\u00e9ros tant attendu par vos clients pour les sortir de ces eaux troubl\u00e9es et maintenir leurs communications \u00e0 flot ?","og_url":"https:\/\/www.wildix.com\/fr\/bienvenue-a-bord\/","og_site_name":"Wildix","article_publisher":"https:\/\/www.facebook.com\/groups\/wildixtechwizards\/?mibextid=6NoCDW","article_modified_time":"2023-03-09T21:22:53+00:00","twitter_card":"summary_large_image","twitter_site":"@wildix_","twitter_misc":{"Dur\u00e9e de lecture estim\u00e9e":"1 minute"},"schema":{"@context":"https:\/\/schema.org","@graph":[{"@type":"WebPage","@id":"https:\/\/www.wildix.com\/fr\/bienvenue-a-bord\/","url":"https:\/\/www.wildix.com\/fr\/bienvenue-a-bord\/","name":"Le temps est venu de repenser Avaya | Wildix","isPartOf":{"@id":"https:\/\/www.wildix.com\/fr\/#website"},"datePublished":"2023-02-22T16:40:01+00:00","dateModified":"2023-03-09T21:22:53+00:00","description":"Le bateau Avaya semble \u00eatre sur le point de sombrer. \u00cates-vous le h\u00e9ros tant attendu par vos clients pour les sortir de ces eaux troubl\u00e9es et maintenir leurs communications \u00e0 flot ?","breadcrumb":{"@id":"https:\/\/www.wildix.com\/fr\/bienvenue-a-bord\/#breadcrumb"},"inLanguage":"fr-FR","potentialAction":[{"@type":"ReadAction","target":["https:\/\/www.wildix.com\/fr\/bienvenue-a-bord\/"]}]},{"@type":"BreadcrumbList","@id":"https:\/\/www.wildix.com\/fr\/bienvenue-a-bord\/#breadcrumb","itemListElement":[{"@type":"ListItem","position":1,"name":"Home","item":"https:\/\/www.wildix.com\/fr\/home-copy\/"},{"@type":"ListItem","position":2,"name":"Oh\u00e9, futurs co\u00e9quipiers !"}]},{"@type":"WebSite","@id":"https:\/\/www.wildix.com\/fr\/#website","url":"https:\/\/www.wildix.com\/fr\/","name":"Wildix","description":"","publisher":{"@id":"https:\/\/www.wildix.com\/fr\/#organization"},"potentialAction":[{"@type":"SearchAction","target":{"@type":"EntryPoint","urlTemplate":"https:\/\/www.wildix.com\/fr\/?s={search_term_string}"},"query-input":{"@type":"PropertyValueSpecification","valueRequired":true,"valueName":"search_term_string"}}],"inLanguage":"fr-FR"},{"@type":"Organization","@id":"https:\/\/www.wildix.com\/fr\/#organization","name":"Wildix","url":"https:\/\/www.wildix.com\/fr\/","logo":{"@type":"ImageObject","inLanguage":"fr-FR","@id":"https:\/\/www.wildix.com\/fr\/#\/schema\/logo\/image\/","url":"https:\/\/www.wildix.com\/wp-content\/uploads\/2021\/09\/logo-1.svg","contentUrl":"https:\/\/www.wildix.com\/wp-content\/uploads\/2021\/09\/logo-1.svg","caption":"Wildix"},"image":{"@id":"https:\/\/www.wildix.com\/fr\/#\/schema\/logo\/image\/"},"sameAs":["https:\/\/www.facebook.com\/groups\/wildixtechwizards\/?mibextid=6NoCDW","https:\/\/x.com\/wildix_"]}]}},"clean_content":"Oh\u00e9, futurs co\u00e9quipiers ! Le bon vieux navire Avaya coule. Ne le laissez pas vous entra\u00eener dans sa chute. Vous devez offrir des options \u00e0 vos clients si vous voulez qu\u2019ils gardent la t\u00eate hors de l\u2019eau. Choisissez Wildix comme l\u2019un des canots de sauvetage UCaaS de votre portefeuille, et nous vous aiderons \u00e0 emmener vos clients vers des eaux plus calmes. Nous sommes 100 % focalis\u00e9s sur le channel - tout tourne autour de vous ! Nous vous donnons les outils n\u00e9cessaires pour g\u00e9rer vos clients - il n'y a pas de conflit d'int\u00e9r\u00eats. Notre solution d'entreprise flexible vous permet de fournir un service et des r\u00e9sultats de qualit\u00e9 sup\u00e9rieure. Nous ne sommes pas un nouvel arrivant sur le march\u00e9, un aspirant ou un ancien - nous sommes reconnus par Gartner, Frost and Sullivan et Forrester. Une entreprise stable et priv\u00e9e Remplissez le formulaire pour recevoir un message (malheureusement pas dans une bouteille) de notre \u00e9quipe. WILDIX SARL 9, rue du Quatre Septembre75002 Paris, FranceTVA : FR 44498492743Siret : 498 492 743APE : 721Z Phone: +33 1 76 74 79 80","_links":{"self":[{"href":"https:\/\/www.wildix.com\/fr\/wp-json\/wp\/v2\/pages\/8015017","targetHints":{"allow":["GET"]}}],"collection":[{"href":"https:\/\/www.wildix.com\/fr\/wp-json\/wp\/v2\/pages"}],"about":[{"href":"https:\/\/www.wildix.com\/fr\/wp-json\/wp\/v2\/types\/page"}],"author":[{"embeddable":true,"href":"https:\/\/www.wildix.com\/fr\/wp-json\/wp\/v2\/users\/51"}],"replies":[{"embeddable":true,"href":"https:\/\/www.wildix.com\/fr\/wp-json\/wp\/v2\/comments?post=8015017"}],"version-history":[{"count":0,"href":"https:\/\/www.wildix.com\/fr\/wp-json\/wp\/v2\/pages\/8015017\/revisions"}],"wp:attachment":[{"href":"https:\/\/www.wildix.com\/fr\/wp-json\/wp\/v2\/media?parent=8015017"}],"curies":[{"name":"wp","href":"https:\/\/api.w.org\/{rel}","templated":true}]}}