{"id":7910283,"date":"2022-05-05T11:34:37","date_gmt":"2022-05-05T09:34:37","guid":{"rendered":"https:\/\/www.wildix.com\/?page_id=7910283"},"modified":"2025-11-27T16:54:08","modified_gmt":"2025-11-27T15:54:08","slug":"webinar","status":"publish","type":"page","link":"https:\/\/www.wildix.com\/fr\/webinar\/","title":{"rendered":"Wildix Webinars"},"content":{"rendered":"\t\t<div data-elementor-type=\"wp-page\" data-elementor-id=\"7910283\" class=\"elementor elementor-7910283 elementor-7910278\" data-elementor-post-type=\"page\">\n\t\t\t\t<div class=\"elementor-element elementor-element-c6c2784 e-flex e-con-boxed e-con e-parent\" data-id=\"c6c2784\" data-element_type=\"container\" data-e-type=\"container\" data-settings=\"{&quot;jet_parallax_layout_list&quot;:[{&quot;jet_parallax_layout_image&quot;:{&quot;url&quot;:&quot;&quot;,&quot;id&quot;:&quot;&quot;,&quot;size&quot;:&quot;&quot;},&quot;_id&quot;:&quot;8c11341&quot;,&quot;jet_parallax_layout_image_tablet&quot;:{&quot;url&quot;:&quot;&quot;,&quot;id&quot;:&quot;&quot;,&quot;size&quot;:&quot;&quot;},&quot;jet_parallax_layout_image_mobile&quot;:{&quot;url&quot;:&quot;&quot;,&quot;id&quot;:&quot;&quot;,&quot;size&quot;:&quot;&quot;},&quot;jet_parallax_layout_speed&quot;:{&quot;unit&quot;:&quot;%&quot;,&quot;size&quot;:50,&quot;sizes&quot;:[]},&quot;jet_parallax_layout_type&quot;:&quot;scroll&quot;,&quot;jet_parallax_layout_direction&quot;:null,&quot;jet_parallax_layout_fx_direction&quot;:null,&quot;jet_parallax_layout_z_index&quot;:&quot;&quot;,&quot;jet_parallax_layout_bg_x&quot;:50,&quot;jet_parallax_layout_bg_x_tablet&quot;:&quot;&quot;,&quot;jet_parallax_layout_bg_x_mobile&quot;:&quot;&quot;,&quot;jet_parallax_layout_bg_y&quot;:50,&quot;jet_parallax_layout_bg_y_tablet&quot;:&quot;&quot;,&quot;jet_parallax_layout_bg_y_mobile&quot;:&quot;&quot;,&quot;jet_parallax_layout_bg_size&quot;:&quot;auto&quot;,&quot;jet_parallax_layout_bg_size_tablet&quot;:&quot;&quot;,&quot;jet_parallax_layout_bg_size_mobile&quot;:&quot;&quot;,&quot;jet_parallax_layout_animation_prop&quot;:&quot;transform&quot;,&quot;jet_parallax_layout_on&quot;:[&quot;desktop&quot;,&quot;tablet&quot;]}],&quot;background_background&quot;:&quot;gradient&quot;,&quot;shape_divider_bottom&quot;:&quot;waves&quot;}\">\n\t\t\t\t\t<div class=\"e-con-inner\">\n\t\t\t\t<div class=\"elementor-shape elementor-shape-bottom\" aria-hidden=\"true\" data-negative=\"false\">\n\t\t\t<svg xmlns=\"http:\/\/www.w3.org\/2000\/svg\" viewBox=\"0 0 1000 100\" preserveAspectRatio=\"none\">\n\t<path class=\"elementor-shape-fill\" d=\"M421.9,6.5c22.6-2.5,51.5,0.4,75.5,5.3c23.6,4.9,70.9,23.5,100.5,35.7c75.8,32.2,133.7,44.5,192.6,49.7\n\tc23.6,2.1,48.7,3.5,103.4-2.5c54.7-6,106.2-25.6,106.2-25.6V0H0v30.3c0,0,72,32.6,158.4,30.5c39.2-0.7,92.8-6.7,134-22.4\n\tc21.2-8.1,52.2-18.2,79.7-24.2C399.3,7.9,411.6,7.5,421.9,6.5z\"\/>\n<\/svg>\t\t<\/div>\n\t\t<div class=\"elementor-element elementor-element-b1828b4 e-con-full e-flex e-con e-child\" data-id=\"b1828b4\" data-element_type=\"container\" data-e-type=\"container\" data-settings=\"{&quot;jet_parallax_layout_list&quot;:[]}\">\n\t\t\t\t<div class=\"elementor-element elementor-element-922009a elementor-widget elementor-widget-heading\" data-id=\"922009a\" data-element_type=\"widget\" data-e-type=\"widget\" data-widget_type=\"heading.default\">\n\t\t\t\t<div class=\"elementor-widget-container\">\n\t\t\t\t\t<h3 class=\"elementor-heading-title elementor-size-default\">La connaissance, c\u2019est le pouvoir !<\/h3>\t\t\t\t<\/div>\n\t\t\t\t<\/div>\n\t\t\t\t<\/div>\n\t\t\t\t\t<\/div>\n\t\t\t\t<\/div>\n\t\t\t\t<section class=\"elementor-section elementor-top-section elementor-element elementor-element-c23b827 elementor-section-boxed elementor-section-height-default elementor-section-height-default\" data-id=\"c23b827\" data-element_type=\"section\" data-e-type=\"section\" data-settings=\"{&quot;jet_parallax_layout_list&quot;:[{&quot;jet_parallax_layout_image&quot;:{&quot;url&quot;:&quot;&quot;,&quot;id&quot;:&quot;&quot;,&quot;size&quot;:&quot;&quot;},&quot;_id&quot;:&quot;45f3b7c&quot;,&quot;jet_parallax_layout_image_tablet&quot;:{&quot;url&quot;:&quot;&quot;,&quot;id&quot;:&quot;&quot;,&quot;size&quot;:&quot;&quot;},&quot;jet_parallax_layout_image_mobile&quot;:{&quot;url&quot;:&quot;&quot;,&quot;id&quot;:&quot;&quot;,&quot;size&quot;:&quot;&quot;},&quot;jet_parallax_layout_speed&quot;:{&quot;unit&quot;:&quot;%&quot;,&quot;size&quot;:50,&quot;sizes&quot;:[]},&quot;jet_parallax_layout_type&quot;:&quot;scroll&quot;,&quot;jet_parallax_layout_direction&quot;:null,&quot;jet_parallax_layout_fx_direction&quot;:null,&quot;jet_parallax_layout_z_index&quot;:&quot;&quot;,&quot;jet_parallax_layout_bg_x&quot;:50,&quot;jet_parallax_layout_bg_x_tablet&quot;:&quot;&quot;,&quot;jet_parallax_layout_bg_x_mobile&quot;:&quot;&quot;,&quot;jet_parallax_layout_bg_y&quot;:50,&quot;jet_parallax_layout_bg_y_tablet&quot;:&quot;&quot;,&quot;jet_parallax_layout_bg_y_mobile&quot;:&quot;&quot;,&quot;jet_parallax_layout_bg_size&quot;:&quot;auto&quot;,&quot;jet_parallax_layout_bg_size_tablet&quot;:&quot;&quot;,&quot;jet_parallax_layout_bg_size_mobile&quot;:&quot;&quot;,&quot;jet_parallax_layout_animation_prop&quot;:&quot;transform&quot;,&quot;jet_parallax_layout_on&quot;:[&quot;desktop&quot;,&quot;tablet&quot;]}]}\">\n\t\t\t\t\t\t<div class=\"elementor-container elementor-column-gap-default\">\n\t\t\t\t\t<div class=\"elementor-column elementor-col-50 elementor-top-column elementor-element elementor-element-c20aea3\" data-id=\"c20aea3\" data-element_type=\"column\" data-e-type=\"column\">\n\t\t\t<div class=\"elementor-widget-wrap elementor-element-populated\">\n\t\t\t\t\t\t<div class=\"elementor-element elementor-element-9c02aff elementor-widget elementor-widget-text-editor\" data-id=\"9c02aff\" data-element_type=\"widget\" data-e-type=\"widget\" data-widget_type=\"text-editor.default\">\n\t\t\t\t<div class=\"elementor-widget-container\">\n\t\t\t\t\t\t\t\t\t<p><strong>Wildix croit fermement en l\u2019apprentissage sans fin pour une am\u00e9lioration continue.<\/strong><\/p><p>Vous trouverez ici les archives compl\u00e8tes de tous les webinars que Wildix a organis\u00e9s pour soutenir ses partenaires dans les domaines de la technologie, des ventes et du marketing:<br \/><a href=\"https:\/\/manuals.wildix.com\/\" target=\"_blank\" rel=\"noopener noreferrer\">Wildix E-learning Platform<\/a>.<\/p>\t\t\t\t\t\t\t\t<\/div>\n\t\t\t\t<\/div>\n\t\t\t\t<div class=\"elementor-element elementor-element-d7a9af9 elementor-widget elementor-widget-image\" data-id=\"d7a9af9\" data-element_type=\"widget\" data-e-type=\"widget\" data-widget_type=\"image.default\">\n\t\t\t\t<div class=\"elementor-widget-container\">\n\t\t\t\t\t\t\t\t\t\t\t\t\t\t\t\t<a href=\"https:\/\/training.wildix.com\/\" target=\"_blank\">\n\t\t\t\t\t\t\t<img fetchpriority=\"high\" decoding=\"async\" width=\"1024\" height=\"624\" src=\"https:\/\/www.wildix.com\/wp-content\/uploads\/2022\/04\/wildix-e-learning-platform-1024x624.webp\" class=\"attachment-large size-large wp-image-7908778\" alt=\"\" srcset=\"https:\/\/www.wildix.com\/wp-content\/uploads\/2022\/04\/wildix-e-learning-platform-1024x624.webp 1024w, https:\/\/www.wildix.com\/wp-content\/uploads\/2022\/04\/wildix-e-learning-platform-300x183.webp 300w, https:\/\/www.wildix.com\/wp-content\/uploads\/2022\/04\/wildix-e-learning-platform-768x468.webp 768w, https:\/\/www.wildix.com\/wp-content\/uploads\/2022\/04\/wildix-e-learning-platform.webp 1200w\" sizes=\"(max-width: 1024px) 100vw, 1024px\" \/>\t\t\t\t\t\t\t\t<\/a>\n\t\t\t\t\t\t\t\t\t\t\t\t\t\t\t<\/div>\n\t\t\t\t<\/div>\n\t\t\t\t\t<\/div>\n\t\t<\/div>\n\t\t\t\t<div class=\"elementor-column elementor-col-50 elementor-top-column elementor-element elementor-element-95e7657\" data-id=\"95e7657\" data-element_type=\"column\" data-e-type=\"column\" data-settings=\"{&quot;background_background&quot;:&quot;classic&quot;}\">\n\t\t\t<div class=\"elementor-widget-wrap elementor-element-populated\">\n\t\t\t\t\t\t<div class=\"elementor-element elementor-element-506d0c9 elementor-widget elementor-widget-heading\" data-id=\"506d0c9\" data-element_type=\"widget\" data-e-type=\"widget\" data-widget_type=\"heading.default\">\n\t\t\t\t<div class=\"elementor-widget-container\">\n\t\t\t\t\t<h4 class=\"elementor-heading-title elementor-size-default\">Vous souhaitez participer \u00e0 nos prochains webinars ?\n\n<\/h4>\t\t\t\t<\/div>\n\t\t\t\t<\/div>\n\t\t\t\t<div class=\"elementor-element elementor-element-058b12d elementor-widget elementor-widget-text-editor\" data-id=\"058b12d\" data-element_type=\"widget\" data-e-type=\"widget\" data-widget_type=\"text-editor.default\">\n\t\t\t\t<div class=\"elementor-widget-container\">\n\t\t\t\t\t\t\t\t\t<p><strong>Merci de remplir ce formulaire pour recevoir toutes les informations.<\/strong><\/p>\t\t\t\t\t\t\t\t<\/div>\n\t\t\t\t<\/div>\n\t\t\t\t<div class=\"elementor-element elementor-element-472862a elementor-widget elementor-widget-html\" data-id=\"472862a\" data-element_type=\"widget\" data-e-type=\"widget\" data-widget_type=\"html.default\">\n\t\t\t\t<div class=\"elementor-widget-container\">\n\t\t\t\t\t<iframe src=\"https:\/\/go.wildix.com\/l\/920113\/2022-07-08\/tcvhk\" width=\"100%\" height=\"500\" type=\"text\/html\" frameborder=\"0\" allowTransparency=\"true\" style=\"border: 0\"><\/iframe>\t\t\t\t<\/div>\n\t\t\t\t<\/div>\n\t\t\t\t\t<\/div>\n\t\t<\/div>\n\t\t\t\t\t<\/div>\n\t\t<\/section>\n\t\t\t\t<\/div>\n\t\t","protected":false},"excerpt":{"rendered":"<p>La connaissance, c\u2019est le pouvoir ! Wildix croit fermement en l\u2019apprentissage sans fin pour une am\u00e9lioration continue. Vous trouverez ici les archives compl\u00e8tes de tous les webinars que Wildix a organis\u00e9s pour soutenir ses partenaires dans les domaines de la technologie, des ventes et du marketing:Wildix E-learning Platform. Vous souhaitez participer \u00e0 nos prochains webinars [&hellip;]<\/p>\n","protected":false},"author":20,"featured_media":7908767,"parent":0,"menu_order":0,"comment_status":"closed","ping_status":"closed","template":"","meta":{"_acf_changed":false,"site-sidebar-layout":"no-sidebar","site-content-layout":"page-builder","ast-site-content-layout":"default","site-content-style":"default","site-sidebar-style":"default","ast-global-header-display":"","ast-banner-title-visibility":"","ast-main-header-display":"","ast-hfb-above-header-display":"","ast-hfb-below-header-display":"","ast-hfb-mobile-header-display":"","site-post-title":"disabled","ast-breadcrumbs-content":"","ast-featured-img":"disabled","footer-sml-layout":"","ast-disable-related-posts":"","theme-transparent-header-meta":"default","adv-header-id-meta":"","stick-header-meta":"","header-above-stick-meta":"","header-main-stick-meta":"","header-below-stick-meta":"","astra-migrate-meta-layouts":"default","ast-page-background-enabled":"default","ast-page-background-meta":{"desktop":{"background-color":"var(--ast-global-color-4)","background-image":"","background-repeat":"repeat","background-position":"center center","background-size":"auto","background-attachment":"scroll","background-type":"","background-media":"","overlay-type":"","overlay-color":"","overlay-opacity":"","overlay-gradient":""},"tablet":{"background-color":"","background-image":"","background-repeat":"repeat","background-position":"center center","background-size":"auto","background-attachment":"scroll","background-type":"","background-media":"","overlay-type":"","overlay-color":"","overlay-opacity":"","overlay-gradient":""},"mobile":{"background-color":"","background-image":"","background-repeat":"repeat","background-position":"center center","background-size":"auto","background-attachment":"scroll","background-type":"","background-media":"","overlay-type":"","overlay-color":"","overlay-opacity":"","overlay-gradient":""}},"ast-content-background-meta":{"desktop":{"background-color":"var(--ast-global-color-5)","background-image":"","background-repeat":"repeat","background-position":"center center","background-size":"auto","background-attachment":"scroll","background-type":"","background-media":"","overlay-type":"","overlay-color":"","overlay-opacity":"","overlay-gradient":""},"tablet":{"background-color":"var(--ast-global-color-5)","background-image":"","background-repeat":"repeat","background-position":"center center","background-size":"auto","background-attachment":"scroll","background-type":"","background-media":"","overlay-type":"","overlay-color":"","overlay-opacity":"","overlay-gradient":""},"mobile":{"background-color":"var(--ast-global-color-5)","background-image":"","background-repeat":"repeat","background-position":"center center","background-size":"auto","background-attachment":"scroll","background-type":"","background-media":"","overlay-type":"","overlay-color":"","overlay-opacity":"","overlay-gradient":""}},"_jet_sm_ready_style":"","_jet_sm_style":"","_jet_sm_controls_values":"","_jet_sm_fonts_collection":"","_jet_sm_fonts_links":"","footnotes":""},"class_list":["post-7910283","page","type-page","status-publish","has-post-thumbnail","hentry"],"acf":[],"yoast_head":"<!-- This site is optimized with the Yoast SEO plugin v27.2 - https:\/\/yoast.com\/product\/yoast-seo-wordpress\/ -->\n<title>Wildix Webinars Wildix<\/title>\n<meta name=\"robots\" content=\"index, follow, max-snippet:-1, max-image-preview:large, max-video-preview:-1\" \/>\n<meta property=\"og:locale\" content=\"fr_FR\" \/>\n<meta property=\"og:type\" content=\"article\" \/>\n<meta property=\"og:title\" content=\"Wildix Webinars Wildix\" \/>\n<meta property=\"og:description\" content=\"La connaissance, c\u2019est le pouvoir ! Wildix croit fermement en l\u2019apprentissage sans fin pour une am\u00e9lioration continue. Vous trouverez ici les archives compl\u00e8tes de tous les webinars que Wildix a organis\u00e9s pour soutenir ses partenaires dans les domaines de la technologie, des ventes et du marketing:Wildix E-learning Platform. Vous souhaitez participer \u00e0 nos prochains webinars [&hellip;]\" \/>\n<meta property=\"og:url\" content=\"https:\/\/www.wildix.com\/fr\/webinar\/\" \/>\n<meta property=\"og:site_name\" content=\"Wildix\" \/>\n<meta property=\"article:publisher\" content=\"https:\/\/www.facebook.com\/groups\/wildixtechwizards\/?mibextid=6NoCDW\" \/>\n<meta property=\"article:modified_time\" content=\"2025-11-27T15:54:08+00:00\" \/>\n<meta property=\"og:image\" content=\"https:\/\/www.wildix.com\/wp-content\/uploads\/2022\/04\/wildix-wizywebinar-3.jpeg\" \/>\n\t<meta property=\"og:image:width\" content=\"800\" \/>\n\t<meta property=\"og:image:height\" content=\"500\" \/>\n\t<meta property=\"og:image:type\" content=\"image\/jpeg\" \/>\n<meta name=\"twitter:card\" content=\"summary_large_image\" \/>\n<meta name=\"twitter:site\" content=\"@wildix_\" \/>\n<meta name=\"twitter:label1\" content=\"Dur\u00e9e de lecture estim\u00e9e\" \/>\n\t<meta name=\"twitter:data1\" content=\"1 minute\" \/>\n<!-- \/ Yoast SEO plugin. -->","yoast_head_json":{"title":"Wildix Webinars Wildix","robots":{"index":"index","follow":"follow","max-snippet":"max-snippet:-1","max-image-preview":"max-image-preview:large","max-video-preview":"max-video-preview:-1"},"og_locale":"fr_FR","og_type":"article","og_title":"Wildix Webinars Wildix","og_description":"La connaissance, c\u2019est le pouvoir ! Wildix croit fermement en l\u2019apprentissage sans fin pour une am\u00e9lioration continue. Vous trouverez ici les archives compl\u00e8tes de tous les webinars que Wildix a organis\u00e9s pour soutenir ses partenaires dans les domaines de la technologie, des ventes et du marketing:Wildix E-learning Platform. Vous souhaitez participer \u00e0 nos prochains webinars [&hellip;]","og_url":"https:\/\/www.wildix.com\/fr\/webinar\/","og_site_name":"Wildix","article_publisher":"https:\/\/www.facebook.com\/groups\/wildixtechwizards\/?mibextid=6NoCDW","article_modified_time":"2025-11-27T15:54:08+00:00","og_image":[{"width":800,"height":500,"url":"https:\/\/www.wildix.com\/wp-content\/uploads\/2022\/04\/wildix-wizywebinar-3.jpeg","type":"image\/jpeg"}],"twitter_card":"summary_large_image","twitter_site":"@wildix_","twitter_misc":{"Dur\u00e9e de lecture estim\u00e9e":"1 minute"},"schema":{"@context":"https:\/\/schema.org","@graph":[{"@type":"WebPage","@id":"https:\/\/www.wildix.com\/fr\/webinar\/","url":"https:\/\/www.wildix.com\/fr\/webinar\/","name":"Wildix Webinars Wildix","isPartOf":{"@id":"https:\/\/www.wildix.com\/fr\/#website"},"primaryImageOfPage":{"@id":"https:\/\/www.wildix.com\/fr\/webinar\/#primaryimage"},"image":{"@id":"https:\/\/www.wildix.com\/fr\/webinar\/#primaryimage"},"thumbnailUrl":"https:\/\/www.wildix.com\/wp-content\/uploads\/2022\/04\/wildix-wizywebinar-3.jpeg","datePublished":"2022-05-05T09:34:37+00:00","dateModified":"2025-11-27T15:54:08+00:00","breadcrumb":{"@id":"https:\/\/www.wildix.com\/fr\/webinar\/#breadcrumb"},"inLanguage":"fr-FR","potentialAction":[{"@type":"ReadAction","target":["https:\/\/www.wildix.com\/fr\/webinar\/"]}]},{"@type":"ImageObject","inLanguage":"fr-FR","@id":"https:\/\/www.wildix.com\/fr\/webinar\/#primaryimage","url":"https:\/\/www.wildix.com\/wp-content\/uploads\/2022\/04\/wildix-wizywebinar-3.jpeg","contentUrl":"https:\/\/www.wildix.com\/wp-content\/uploads\/2022\/04\/wildix-wizywebinar-3.jpeg","width":800,"height":500},{"@type":"BreadcrumbList","@id":"https:\/\/www.wildix.com\/fr\/webinar\/#breadcrumb","itemListElement":[{"@type":"ListItem","position":1,"name":"Home","item":"https:\/\/www.wildix.com\/fr\/home-copy\/"},{"@type":"ListItem","position":2,"name":"Wildix Webinars"}]},{"@type":"WebSite","@id":"https:\/\/www.wildix.com\/fr\/#website","url":"https:\/\/www.wildix.com\/fr\/","name":"Wildix","description":"","publisher":{"@id":"https:\/\/www.wildix.com\/fr\/#organization"},"potentialAction":[{"@type":"SearchAction","target":{"@type":"EntryPoint","urlTemplate":"https:\/\/www.wildix.com\/fr\/?s={search_term_string}"},"query-input":{"@type":"PropertyValueSpecification","valueRequired":true,"valueName":"search_term_string"}}],"inLanguage":"fr-FR"},{"@type":"Organization","@id":"https:\/\/www.wildix.com\/fr\/#organization","name":"Wildix","url":"https:\/\/www.wildix.com\/fr\/","logo":{"@type":"ImageObject","inLanguage":"fr-FR","@id":"https:\/\/www.wildix.com\/fr\/#\/schema\/logo\/image\/","url":"https:\/\/www.wildix.com\/wp-content\/uploads\/2021\/09\/logo-1.svg","contentUrl":"https:\/\/www.wildix.com\/wp-content\/uploads\/2021\/09\/logo-1.svg","caption":"Wildix"},"image":{"@id":"https:\/\/www.wildix.com\/fr\/#\/schema\/logo\/image\/"},"sameAs":["https:\/\/www.facebook.com\/groups\/wildixtechwizards\/?mibextid=6NoCDW","https:\/\/x.com\/wildix_"]}]}},"clean_content":"La connaissance, c\u2019est le pouvoir ! Wildix croit fermement en l\u2019apprentissage sans fin pour une am\u00e9lioration continue.Vous trouverez ici les archives compl\u00e8tes de tous les webinars que Wildix a organis\u00e9s pour soutenir ses partenaires dans les domaines de la technologie, des ventes et du marketing:Wildix E-learning Platform. Vous souhaitez participer \u00e0 nos prochains webinars ? Merci de remplir ce formulaire pour recevoir toutes les informations.","_links":{"self":[{"href":"https:\/\/www.wildix.com\/fr\/wp-json\/wp\/v2\/pages\/7910283","targetHints":{"allow":["GET"]}}],"collection":[{"href":"https:\/\/www.wildix.com\/fr\/wp-json\/wp\/v2\/pages"}],"about":[{"href":"https:\/\/www.wildix.com\/fr\/wp-json\/wp\/v2\/types\/page"}],"author":[{"embeddable":true,"href":"https:\/\/www.wildix.com\/fr\/wp-json\/wp\/v2\/users\/20"}],"replies":[{"embeddable":true,"href":"https:\/\/www.wildix.com\/fr\/wp-json\/wp\/v2\/comments?post=7910283"}],"version-history":[{"count":5,"href":"https:\/\/www.wildix.com\/fr\/wp-json\/wp\/v2\/pages\/7910283\/revisions"}],"predecessor-version":[{"id":8175456,"href":"https:\/\/www.wildix.com\/fr\/wp-json\/wp\/v2\/pages\/7910283\/revisions\/8175456"}],"wp:featuredmedia":[{"embeddable":true,"href":"https:\/\/www.wildix.com\/fr\/wp-json\/wp\/v2\/media\/7908767"}],"wp:attachment":[{"href":"https:\/\/www.wildix.com\/fr\/wp-json\/wp\/v2\/media?parent=7910283"}],"curies":[{"name":"wp","href":"https:\/\/api.w.org\/{rel}","templated":true}]}}