{"id":8195874,"date":"2026-04-02T09:20:35","date_gmt":"2026-04-02T07:20:35","guid":{"rendered":"https:\/\/www.wildix.com\/from-uc-to-ai\/thank-you\/"},"modified":"2026-04-30T15:48:05","modified_gmt":"2026-04-30T13:48:05","slug":"thank-you","status":"publish","type":"page","link":"https:\/\/www.wildix.com\/es\/from-uc-to-ai\/thank-you\/","title":{"rendered":"x-bees Campaign &#8211; Thank you &#8211; ES"},"content":{"rendered":"\t\t<div data-elementor-type=\"wp-page\" data-elementor-id=\"8195874\" class=\"elementor elementor-8195874 elementor-8191775\" data-elementor-post-type=\"page\">\n\t\t\t\t<div class=\"elementor-element elementor-element-3f011ee e-flex e-con-boxed e-con e-parent\" data-id=\"3f011ee\" data-element_type=\"container\" data-e-type=\"container\" data-settings=\"{&quot;jet_parallax_layout_list&quot;:[]}\">\n\t\t\t\t\t<div class=\"e-con-inner\">\n\t\t<div class=\"elementor-element elementor-element-6fa0140 e-con-full e-flex e-con e-child\" data-id=\"6fa0140\" data-element_type=\"container\" data-e-type=\"container\" data-settings=\"{&quot;jet_parallax_layout_list&quot;:[]}\">\n\t\t\t\t<div class=\"elementor-element elementor-element-c8d0e51 elementor-widget elementor-widget-image\" data-id=\"c8d0e51\" data-element_type=\"widget\" data-e-type=\"widget\" data-widget_type=\"image.default\">\n\t\t\t\t<div class=\"elementor-widget-container\">\n\t\t\t\t\t\t\t\t\t\t\t\t\t\t\t\t<a href=\"\/\">\n\t\t\t\t\t\t\t<img decoding=\"async\" width=\"300\" height=\"100\" src=\"https:\/\/www.wildix.com\/wp-content\/uploads\/2025\/02\/Wildix-logo-white.webp\" class=\"attachment-large size-large wp-image-8130084\" alt=\"\" \/>\t\t\t\t\t\t\t\t<\/a>\n\t\t\t\t\t\t\t\t\t\t\t\t\t\t\t<\/div>\n\t\t\t\t<\/div>\n\t\t\t\t<\/div>\n\t\t\t\t\t<\/div>\n\t\t\t\t<\/div>\n\t\t<div class=\"elementor-element elementor-element-252d960 hero-back e-flex e-con-boxed e-con e-parent\" data-id=\"252d960\" data-element_type=\"container\" data-e-type=\"container\" data-settings=\"{&quot;background_background&quot;:&quot;classic&quot;,&quot;jet_parallax_layout_list&quot;:[]}\">\n\t\t\t\t\t<div class=\"e-con-inner\">\n\t\t\t\t<div class=\"elementor-element elementor-element-95ece24 elementor-widget__width-initial elementor-widget-tablet__width-auto elementor-widget elementor-widget-heading\" data-id=\"95ece24\" data-element_type=\"widget\" data-e-type=\"widget\" data-widget_type=\"heading.default\">\n\t\t\t\t<div class=\"elementor-widget-container\">\n\t\t\t\t\t<h2 class=\"elementor-heading-title elementor-size-default\">Est\u00e1s en camino hacia las comunicaciones empresariales inteligentes<\/h2>\t\t\t\t<\/div>\n\t\t\t\t<\/div>\n\t\t<div class=\"elementor-element elementor-element-ee9d5c6 e-con-full e-flex e-con e-child\" data-id=\"ee9d5c6\" data-element_type=\"container\" data-e-type=\"container\" data-settings=\"{&quot;jet_parallax_layout_list&quot;:[]}\">\n\t\t<div class=\"elementor-element elementor-element-61b4b03 e-con-full e-flex e-con e-child\" data-id=\"61b4b03\" data-element_type=\"container\" data-e-type=\"container\" data-settings=\"{&quot;jet_parallax_layout_list&quot;:[]}\">\n\t\t<div class=\"elementor-element elementor-element-8c72d12 e-con-full e-flex e-con e-child\" data-id=\"8c72d12\" data-element_type=\"container\" data-e-type=\"container\" data-settings=\"{&quot;jet_parallax_layout_list&quot;:[]}\">\n\t\t\t\t<div class=\"elementor-element elementor-element-8e14c30 elementor-widget__width-initial elementor-widget-tablet__width-auto elementor-widget elementor-widget-text-editor\" data-id=\"8e14c30\" data-element_type=\"widget\" data-e-type=\"widget\" data-widget_type=\"text-editor.default\">\n\t\t\t\t<div class=\"elementor-widget-container\">\n\t\t\t\t\t\t\t\t\tHemos recibido tu solicitud y ya nos hemos puesto manos a la obra.\nUno de nuestros especialistas en x-bees est\u00e1 revisando tus datos y se pondr\u00e1 en contacto contigo en breve para programar una demostraci\u00f3n de 15 minutos.\n\t\t\t\t\t\t\t\t<\/div>\n\t\t\t\t<\/div>\n\t\t\t\t<div class=\"elementor-element elementor-element-ecd37c5 elementor-widget__width-initial elementor-widget-tablet__width-auto elementor-widget elementor-widget-text-editor\" data-id=\"ecd37c5\" data-element_type=\"widget\" data-e-type=\"widget\" data-widget_type=\"text-editor.default\">\n\t\t\t\t<div class=\"elementor-widget-container\">\n\t\t\t\t\t\t\t\t\tSin compromiso, solo un an\u00e1lisis centrado en lo que usas actualmente y lo que te est\u00e1s perdiendo.\n<br><br>\nEstamos deseando mostrarte c\u00f3mo las empresas est\u00e1n utilizando x-bees, la plataforma de IA ag\u00e9ntica de Wildix, para encontrar conversaciones al instante, demostrar cada acuerdo y gestionar equipos en tiempo real.\t\t\t\t\t\t\t\t<\/div>\n\t\t\t\t<\/div>\n\t\t\t\t<\/div>\n\t\t\t\t<\/div>\n\t\t<div class=\"elementor-element elementor-element-b35b6a0 e-con-full e-flex e-con e-child\" data-id=\"b35b6a0\" data-element_type=\"container\" data-e-type=\"container\" data-settings=\"{&quot;jet_parallax_layout_list&quot;:[],&quot;background_background&quot;:&quot;classic&quot;}\">\n\t\t<div class=\"elementor-element elementor-element-64fd5c6 e-con-full e-flex e-con e-child\" data-id=\"64fd5c6\" data-element_type=\"container\" data-e-type=\"container\" data-settings=\"{&quot;jet_parallax_layout_list&quot;:[]}\">\n\t\t\t\t<div class=\"elementor-element elementor-element-fc25f85 elementor-widget elementor-widget-text-editor\" data-id=\"fc25f85\" data-element_type=\"widget\" data-e-type=\"widget\" data-widget_type=\"text-editor.default\">\n\t\t\t\t<div class=\"elementor-widget-container\">\n\t\t\t\t\t\t\t\t\tAdel\u00e1ntate mientras esperas. \t\t\t\t\t\t\t\t<\/div>\n\t\t\t\t<\/div>\n\t\t\t\t<div class=\"elementor-element elementor-element-8f0c346 elementor-widget elementor-widget-text-editor\" data-id=\"8f0c346\" data-element_type=\"widget\" data-e-type=\"widget\" data-widget_type=\"text-editor.default\">\n\t\t\t\t<div class=\"elementor-widget-container\">\n\t\t\t\t\t\t\t\t\tMientras tanto, descubre c\u00f3mo Revenue Intelligence puede convertir cada conversaci\u00f3n en inteligencia procesable y conoce a Wilma, nuestra asistente con IA que pone esas capacidades a trabajar desde el primer d\u00eda.\nGracias por contactar con nosotros.\n\t\t\t\t\t\t\t\t<\/div>\n\t\t\t\t<\/div>\n\t\t\t\t<\/div>\n\t\t<div class=\"elementor-element elementor-element-3612e17 e-con-full e-flex e-con e-child\" data-id=\"3612e17\" data-element_type=\"container\" data-e-type=\"container\" data-settings=\"{&quot;jet_parallax_layout_list&quot;:[]}\">\n\t\t\t\t<div class=\"elementor-element elementor-element-fb09336 elementor-align-center elementor-tablet-align-center elementor-mobile-align-left elementor-widget__width-auto btn-color-1 elementor-widget elementor-widget-button\" data-id=\"fb09336\" data-element_type=\"widget\" data-e-type=\"widget\" data-widget_type=\"button.default\">\n\t\t\t\t<div class=\"elementor-widget-container\">\n\t\t\t\t\t\t\t\t\t<div class=\"elementor-button-wrapper\">\n\t\t\t\t\t<a class=\"elementor-button elementor-button-link elementor-size-sm\" href=\"https:\/\/www.wildix.com\/es\/product\/revenue-intelligence-software\/\">\n\t\t\t\t\t\t<span class=\"elementor-button-content-wrapper\">\n\t\t\t\t\t\t\t\t\t<span class=\"elementor-button-text\">Revenue Intelligence<\/span>\n\t\t\t\t\t<\/span>\n\t\t\t\t\t<\/a>\n\t\t\t\t<\/div>\n\t\t\t\t\t\t\t\t<\/div>\n\t\t\t\t<\/div>\n\t\t\t\t<div class=\"elementor-element elementor-element-b09bae2 elementor-align-center elementor-tablet-align-center elementor-mobile-align-left elementor-widget__width-auto btn-color-1 elementor-widget elementor-widget-button\" data-id=\"b09bae2\" data-element_type=\"widget\" data-e-type=\"widget\" data-widget_type=\"button.default\">\n\t\t\t\t<div class=\"elementor-widget-container\">\n\t\t\t\t\t\t\t\t\t<div class=\"elementor-button-wrapper\">\n\t\t\t\t\t<a class=\"elementor-button elementor-button-link elementor-size-sm\" href=\"https:\/\/www.wildix.com\/es\/product\/wilma-ai\/\">\n\t\t\t\t\t\t<span class=\"elementor-button-content-wrapper\">\n\t\t\t\t\t\t\t\t\t<span class=\"elementor-button-text\">Conoce a Wilma AI<\/span>\n\t\t\t\t\t<\/span>\n\t\t\t\t\t<\/a>\n\t\t\t\t<\/div>\n\t\t\t\t\t\t\t\t<\/div>\n\t\t\t\t<\/div>\n\t\t\t\t<\/div>\n\t\t\t\t<\/div>\n\t\t\t\t<\/div>\n\t\t\t\t\t<\/div>\n\t\t\t\t<\/div>\n\t\t<div class=\"elementor-element elementor-element-411780f footer-dark e-flex e-con-boxed e-con e-child\" data-id=\"411780f\" data-element_type=\"container\" data-e-type=\"container\" data-settings=\"{&quot;jet_parallax_layout_list&quot;:[{&quot;jet_parallax_layout_image&quot;:{&quot;url&quot;:&quot;&quot;,&quot;id&quot;:&quot;&quot;,&quot;size&quot;:&quot;&quot;},&quot;_id&quot;:&quot;f4a8e14&quot;,&quot;jet_parallax_layout_image_tablet&quot;:{&quot;url&quot;:&quot;&quot;,&quot;id&quot;:&quot;&quot;,&quot;size&quot;:&quot;&quot;},&quot;jet_parallax_layout_image_mobile&quot;:{&quot;url&quot;:&quot;&quot;,&quot;id&quot;:&quot;&quot;,&quot;size&quot;:&quot;&quot;},&quot;jet_parallax_layout_speed&quot;:{&quot;unit&quot;:&quot;%&quot;,&quot;size&quot;:50,&quot;sizes&quot;:[]},&quot;jet_parallax_layout_type&quot;:&quot;scroll&quot;,&quot;jet_parallax_layout_direction&quot;:null,&quot;jet_parallax_layout_fx_direction&quot;:null,&quot;jet_parallax_layout_z_index&quot;:&quot;&quot;,&quot;jet_parallax_layout_bg_x&quot;:50,&quot;jet_parallax_layout_bg_x_tablet&quot;:&quot;&quot;,&quot;jet_parallax_layout_bg_x_mobile&quot;:&quot;&quot;,&quot;jet_parallax_layout_bg_y&quot;:50,&quot;jet_parallax_layout_bg_y_tablet&quot;:&quot;&quot;,&quot;jet_parallax_layout_bg_y_mobile&quot;:&quot;&quot;,&quot;jet_parallax_layout_bg_size&quot;:&quot;auto&quot;,&quot;jet_parallax_layout_bg_size_tablet&quot;:&quot;&quot;,&quot;jet_parallax_layout_bg_size_mobile&quot;:&quot;&quot;,&quot;jet_parallax_layout_animation_prop&quot;:&quot;transform&quot;,&quot;jet_parallax_layout_on&quot;:[&quot;desktop&quot;,&quot;tablet&quot;]}],&quot;background_background&quot;:&quot;classic&quot;}\">\n\t\t\t\t\t<div class=\"e-con-inner\">\n\t\t<div class=\"elementor-element elementor-element-d0b6075 e-con-full e-flex e-con e-child\" data-id=\"d0b6075\" data-element_type=\"container\" data-e-type=\"container\" data-settings=\"{&quot;jet_parallax_layout_list&quot;:[]}\">\n\t\t<div class=\"elementor-element elementor-element-e2a40e9 e-con-full e-flex e-con e-child\" data-id=\"e2a40e9\" data-element_type=\"container\" data-e-type=\"container\" data-settings=\"{&quot;jet_parallax_layout_list&quot;:[]}\">\n\t\t\t\t<div class=\"elementor-element elementor-element-6a1942c elementor-widget elementor-widget-image\" data-id=\"6a1942c\" data-element_type=\"widget\" data-e-type=\"widget\" data-widget_type=\"image.default\">\n\t\t\t\t<div class=\"elementor-widget-container\">\n\t\t\t\t\t\t\t\t\t\t\t\t\t\t\t\t<a href=\"\/\">\n\t\t\t\t\t\t\t<img decoding=\"async\" width=\"300\" height=\"100\" src=\"https:\/\/www.wildix.com\/wp-content\/uploads\/2021\/09\/Wildix-logo-white.webp\" class=\"attachment-full size-full wp-image-8107027\" alt=\"Wildix logo\" \/>\t\t\t\t\t\t\t\t<\/a>\n\t\t\t\t\t\t\t\t\t\t\t\t\t\t\t<\/div>\n\t\t\t\t<\/div>\n\t\t\t\t<\/div>\n\t\t<div class=\"elementor-element elementor-element-509dc9d e-con-full e-flex e-con e-child\" data-id=\"509dc9d\" data-element_type=\"container\" data-e-type=\"container\" data-settings=\"{&quot;jet_parallax_layout_list&quot;:[]}\">\n\t\t\t\t<div class=\"elementor-element elementor-element-f0bf1bf elementor-widget elementor-widget-text-editor\" data-id=\"f0bf1bf\" data-element_type=\"widget\" data-e-type=\"widget\" data-widget_type=\"text-editor.default\">\n\t\t\t\t<div class=\"elementor-widget-container\">\n\t\t\t\t\t\t\t\t\tWildix UK Limited\t\t\t\t\t\t\t\t<\/div>\n\t\t\t\t<\/div>\n\t\t\t\t<div class=\"elementor-element elementor-element-1fe4970 elementor-widget elementor-widget-text-editor\" data-id=\"1fe4970\" data-element_type=\"widget\" data-e-type=\"widget\" data-widget_type=\"text-editor.default\">\n\t\t\t\t<div class=\"elementor-widget-container\">\n\t\t\t\t\t\t\t\t\tRolt House,<br>\nCoventry Canal Basin,<br>\nSt. Nicholas Street, Coventry,<br>\nWest Midlands, CV1 4LY<br>\nVAT ID: 276226491\t\t\t\t\t\t\t\t<\/div>\n\t\t\t\t<\/div>\n\t\t\t\t<div class=\"elementor-element elementor-element-e7b60f8 elementor-widget elementor-widget-text-editor\" data-id=\"e7b60f8\" data-element_type=\"widget\" data-e-type=\"widget\" data-widget_type=\"text-editor.default\">\n\t\t\t\t<div class=\"elementor-widget-container\">\n\t\t\t\t\t\t\t\t\tPhone: +44\u00a0330\u00a0056\u00a03634\t\t\t\t\t\t\t\t<\/div>\n\t\t\t\t<\/div>\n\t\t\t\t<\/div>\n\t\t<div class=\"elementor-element elementor-element-5d60aa1 e-con-full e-flex e-con e-child\" data-id=\"5d60aa1\" data-element_type=\"container\" data-e-type=\"container\" data-settings=\"{&quot;jet_parallax_layout_list&quot;:[]}\">\n\t\t\t\t<div class=\"elementor-element elementor-element-8b0e832 elementor-widget elementor-widget-text-editor\" data-id=\"8b0e832\" data-element_type=\"widget\" data-e-type=\"widget\" data-widget_type=\"text-editor.default\">\n\t\t\t\t<div class=\"elementor-widget-container\">\n\t\t\t\t\t\t\t\t\tWildix Inc.\t\t\t\t\t\t\t\t<\/div>\n\t\t\t\t<\/div>\n\t\t\t\t<div class=\"elementor-element elementor-element-bd966d1 elementor-widget elementor-widget-text-editor\" data-id=\"bd966d1\" data-element_type=\"widget\" data-e-type=\"widget\" data-widget_type=\"text-editor.default\">\n\t\t\t\t<div class=\"elementor-widget-container\">\n\t\t\t\t\t\t\t\t\t800\u00a0N\u00a0High\u00a0Street<br>\nColumbus,\u00a0OH\u00a043215\t\t\t\t\t\t\t\t<\/div>\n\t\t\t\t<\/div>\n\t\t\t\t<div class=\"elementor-element elementor-element-2404c42 elementor-widget elementor-widget-text-editor\" data-id=\"2404c42\" data-element_type=\"widget\" data-e-type=\"widget\" data-widget_type=\"text-editor.default\">\n\t\t\t\t<div class=\"elementor-widget-container\">\n\t\t\t\t\t\t\t\t\tPhone: +1\u00a0614\u2011484\u20111500\t\t\t\t\t\t\t\t<\/div>\n\t\t\t\t<\/div>\n\t\t\t\t<\/div>\n\t\t<div class=\"elementor-element elementor-element-1ef2327 e-con-full e-flex e-con e-child\" data-id=\"1ef2327\" data-element_type=\"container\" data-e-type=\"container\" data-settings=\"{&quot;jet_parallax_layout_list&quot;:[]}\">\n\t\t\t\t<div class=\"elementor-element elementor-element-1f2e063 elementor-widget elementor-widget-text-editor\" data-id=\"1f2e063\" data-element_type=\"widget\" data-e-type=\"widget\" data-widget_type=\"text-editor.default\">\n\t\t\t\t<div class=\"elementor-widget-container\">\n\t\t\t\t\t\t\t\t\tWildix O\u00dc \u2013 Holding Company\t\t\t\t\t\t\t\t<\/div>\n\t\t\t\t<\/div>\n\t\t\t\t<div class=\"elementor-element elementor-element-b997ba8 elementor-widget elementor-widget-text-editor\" data-id=\"b997ba8\" data-element_type=\"widget\" data-e-type=\"widget\" data-widget_type=\"text-editor.default\">\n\t\t\t\t<div class=\"elementor-widget-container\">\n\t\t\t\t\t\t\t\t\tLaeva tn. 2,<br>\n10111, Tallinn, Estonia<br>\nVAT ID: EE 101984698\t\t\t\t\t\t\t\t<\/div>\n\t\t\t\t<\/div>\n\t\t\t\t<div class=\"elementor-element elementor-element-94fc61e elementor-widget elementor-widget-text-editor\" data-id=\"94fc61e\" data-element_type=\"widget\" data-e-type=\"widget\" data-widget_type=\"text-editor.default\">\n\t\t\t\t<div class=\"elementor-widget-container\">\n\t\t\t\t\t\t\t\t\tPhone: +372\u00a0(61)\u00a089586\t\t\t\t\t\t\t\t<\/div>\n\t\t\t\t<\/div>\n\t\t\t\t<\/div>\n\t\t\t\t<\/div>\n\t\t\t\t\t<\/div>\n\t\t\t\t<\/div>\n\t\t\t\t<\/div>\n\t\t","protected":false},"excerpt":{"rendered":"<p>Est\u00e1s en camino hacia las comunicaciones empresariales inteligentes Hemos recibido tu solicitud y ya nos hemos puesto manos a la obra. Uno de nuestros especialistas en x-bees est\u00e1 revisando tus datos y se pondr\u00e1 en contacto contigo en breve para programar una demostraci\u00f3n de 15 minutos. Sin compromiso, solo un an\u00e1lisis centrado en lo que [&hellip;]<\/p>\n","protected":false},"author":71,"featured_media":0,"parent":8195746,"menu_order":0,"comment_status":"closed","ping_status":"closed","template":"elementor_canvas","meta":{"_acf_changed":false,"site-sidebar-layout":"no-sidebar","site-content-layout":"page-builder","ast-site-content-layout":"full-width-container","site-content-style":"default","site-sidebar-style":"default","ast-global-header-display":"","ast-banner-title-visibility":"","ast-main-header-display":"","ast-hfb-above-header-display":"","ast-hfb-below-header-display":"","ast-hfb-mobile-header-display":"","site-post-title":"","ast-breadcrumbs-content":"","ast-featured-img":"disabled","footer-sml-layout":"","ast-disable-related-posts":"","theme-transparent-header-meta":"","adv-header-id-meta":"","stick-header-meta":"","header-above-stick-meta":"","header-main-stick-meta":"","header-below-stick-meta":"","astra-migrate-meta-layouts":"set","ast-page-background-enabled":"default","ast-page-background-meta":{"desktop":{"background-color":"var(--ast-global-color-4)","background-image":"","background-repeat":"repeat","background-position":"center center","background-size":"auto","background-attachment":"scroll","background-type":"","background-media":"","overlay-type":"","overlay-color":"","overlay-opacity":"","overlay-gradient":""},"tablet":{"background-color":"","background-image":"","background-repeat":"repeat","background-position":"center center","background-size":"auto","background-attachment":"scroll","background-type":"","background-media":"","overlay-type":"","overlay-color":"","overlay-opacity":"","overlay-gradient":""},"mobile":{"background-color":"","background-image":"","background-repeat":"repeat","background-position":"center center","background-size":"auto","background-attachment":"scroll","background-type":"","background-media":"","overlay-type":"","overlay-color":"","overlay-opacity":"","overlay-gradient":""}},"ast-content-background-meta":{"desktop":{"background-color":"var(--ast-global-color-5)","background-image":"","background-repeat":"repeat","background-position":"center center","background-size":"auto","background-attachment":"scroll","background-type":"","background-media":"","overlay-type":"","overlay-color":"","overlay-opacity":"","overlay-gradient":""},"tablet":{"background-color":"var(--ast-global-color-5)","background-image":"","background-repeat":"repeat","background-position":"center center","background-size":"auto","background-attachment":"scroll","background-type":"","background-media":"","overlay-type":"","overlay-color":"","overlay-opacity":"","overlay-gradient":""},"mobile":{"background-color":"var(--ast-global-color-5)","background-image":"","background-repeat":"repeat","background-position":"center center","background-size":"auto","background-attachment":"scroll","background-type":"","background-media":"","overlay-type":"","overlay-color":"","overlay-opacity":"","overlay-gradient":""}},"_jet_sm_ready_style":"","_jet_sm_style":"","_jet_sm_controls_values":"","_jet_sm_fonts_collection":"","_jet_sm_fonts_links":"","footnotes":""},"class_list":["post-8195874","page","type-page","status-publish","hentry"],"acf":[],"yoast_head":"<!-- This site is optimized with the Yoast SEO plugin v27.4 - https:\/\/yoast.com\/product\/yoast-seo-wordpress\/ -->\n<title>x-bees Campaign - Thank you - ES | Wildix<\/title>\n<meta name=\"robots\" content=\"index, follow, max-snippet:-1, max-image-preview:large, max-video-preview:-1\" \/>\n<meta property=\"og:locale\" content=\"es_ES\" \/>\n<meta property=\"og:type\" content=\"article\" \/>\n<meta property=\"og:title\" content=\"x-bees Campaign - Thank you - ES | Wildix\" \/>\n<meta property=\"og:description\" content=\"Est\u00e1s en camino hacia las comunicaciones empresariales inteligentes Hemos recibido tu solicitud y ya nos hemos puesto manos a la obra. Uno de nuestros especialistas en x-bees est\u00e1 revisando tus datos y se pondr\u00e1 en contacto contigo en breve para programar una demostraci\u00f3n de 15 minutos. Sin compromiso, solo un an\u00e1lisis centrado en lo que [&hellip;]\" \/>\n<meta property=\"og:url\" content=\"https:\/\/www.wildix.com\/es\/from-uc-to-ai\/thank-you\/\" \/>\n<meta property=\"og:site_name\" content=\"Wildix\" \/>\n<meta property=\"article:publisher\" content=\"https:\/\/www.facebook.com\/groups\/wildixtechwizards\/?mibextid=6NoCDW\" \/>\n<meta property=\"article:modified_time\" content=\"2026-04-30T13:48:05+00:00\" \/>\n<meta property=\"og:image\" content=\"https:\/\/www.wildix.com\/wp-content\/uploads\/2025\/02\/Wildix-logo-white.webp\" \/>\n<meta name=\"twitter:card\" content=\"summary_large_image\" \/>\n<meta name=\"twitter:site\" content=\"@wildix_\" \/>\n<meta name=\"twitter:label1\" content=\"Tiempo de lectura\" \/>\n\t<meta name=\"twitter:data1\" content=\"2 minutos\" \/>\n<!-- \/ Yoast SEO plugin. -->","yoast_head_json":{"title":"x-bees Campaign - Thank you - ES | Wildix","robots":{"index":"index","follow":"follow","max-snippet":"max-snippet:-1","max-image-preview":"max-image-preview:large","max-video-preview":"max-video-preview:-1"},"og_locale":"es_ES","og_type":"article","og_title":"x-bees Campaign - Thank you - ES | Wildix","og_description":"Est\u00e1s en camino hacia las comunicaciones empresariales inteligentes Hemos recibido tu solicitud y ya nos hemos puesto manos a la obra. Uno de nuestros especialistas en x-bees est\u00e1 revisando tus datos y se pondr\u00e1 en contacto contigo en breve para programar una demostraci\u00f3n de 15 minutos. Sin compromiso, solo un an\u00e1lisis centrado en lo que [&hellip;]","og_url":"https:\/\/www.wildix.com\/es\/from-uc-to-ai\/thank-you\/","og_site_name":"Wildix","article_publisher":"https:\/\/www.facebook.com\/groups\/wildixtechwizards\/?mibextid=6NoCDW","article_modified_time":"2026-04-30T13:48:05+00:00","og_image":[{"url":"https:\/\/www.wildix.com\/wp-content\/uploads\/2025\/02\/Wildix-logo-white.webp","type":"","width":"","height":""}],"twitter_card":"summary_large_image","twitter_site":"@wildix_","twitter_misc":{"Tiempo de lectura":"2 minutos"},"schema":{"@context":"https:\/\/schema.org","@graph":[{"@type":"WebPage","@id":"https:\/\/www.wildix.com\/es\/from-uc-to-ai\/thank-you\/","url":"https:\/\/www.wildix.com\/es\/from-uc-to-ai\/thank-you\/","name":"x-bees Campaign - Thank you - ES | Wildix","isPartOf":{"@id":"https:\/\/www.wildix.com\/es\/#website"},"primaryImageOfPage":{"@id":"https:\/\/www.wildix.com\/es\/from-uc-to-ai\/thank-you\/#primaryimage"},"image":{"@id":"https:\/\/www.wildix.com\/es\/from-uc-to-ai\/thank-you\/#primaryimage"},"thumbnailUrl":"https:\/\/www.wildix.com\/wp-content\/uploads\/2025\/02\/Wildix-logo-white.webp","datePublished":"2026-04-02T07:20:35+00:00","dateModified":"2026-04-30T13:48:05+00:00","breadcrumb":{"@id":"https:\/\/www.wildix.com\/es\/from-uc-to-ai\/thank-you\/#breadcrumb"},"inLanguage":"es","potentialAction":[{"@type":"ReadAction","target":["https:\/\/www.wildix.com\/es\/from-uc-to-ai\/thank-you\/"]}]},{"@type":"ImageObject","inLanguage":"es","@id":"https:\/\/www.wildix.com\/es\/from-uc-to-ai\/thank-you\/#primaryimage","url":"https:\/\/www.wildix.com\/wp-content\/uploads\/2025\/02\/Wildix-logo-white.webp","contentUrl":"https:\/\/www.wildix.com\/wp-content\/uploads\/2025\/02\/Wildix-logo-white.webp"},{"@type":"BreadcrumbList","@id":"https:\/\/www.wildix.com\/es\/from-uc-to-ai\/thank-you\/#breadcrumb","itemListElement":[{"@type":"ListItem","position":1,"name":"Home","item":"https:\/\/www.wildix.com\/es\/"},{"@type":"ListItem","position":2,"name":"x-bees Campaign &#8211; ES","item":"https:\/\/www.wildix.com\/es\/from-uc-to-ai\/"},{"@type":"ListItem","position":3,"name":"x-bees Campaign &#8211; Thank you &#8211; ES"}]},{"@type":"WebSite","@id":"https:\/\/www.wildix.com\/es\/#website","url":"https:\/\/www.wildix.com\/es\/","name":"Wildix","description":"","publisher":{"@id":"https:\/\/www.wildix.com\/es\/#organization"},"potentialAction":[{"@type":"SearchAction","target":{"@type":"EntryPoint","urlTemplate":"https:\/\/www.wildix.com\/es\/?s={search_term_string}"},"query-input":{"@type":"PropertyValueSpecification","valueRequired":true,"valueName":"search_term_string"}}],"inLanguage":"es"},{"@type":"Organization","@id":"https:\/\/www.wildix.com\/es\/#organization","name":"Wildix","url":"https:\/\/www.wildix.com\/es\/","logo":{"@type":"ImageObject","inLanguage":"es","@id":"https:\/\/www.wildix.com\/es\/#\/schema\/logo\/image\/","url":"https:\/\/www.wildix.com\/wp-content\/uploads\/2021\/09\/logo-1.svg","contentUrl":"https:\/\/www.wildix.com\/wp-content\/uploads\/2021\/09\/logo-1.svg","caption":"Wildix"},"image":{"@id":"https:\/\/www.wildix.com\/es\/#\/schema\/logo\/image\/"},"sameAs":["https:\/\/www.facebook.com\/groups\/wildixtechwizards\/?mibextid=6NoCDW","https:\/\/x.com\/wildix_"]}]}},"clean_content":"Est\u00e1s en camino hacia las comunicaciones empresariales inteligentes Hemos recibido tu solicitud y ya nos hemos puesto manos a la obra. Uno de nuestros especialistas en x-bees est\u00e1 revisando tus datos y se pondr\u00e1 en contacto contigo en breve para programar una demostraci\u00f3n de 15 minutos. Sin compromiso, solo un an\u00e1lisis centrado en lo que usas actualmente y lo que te est\u00e1s perdiendo. Estamos deseando mostrarte c\u00f3mo las empresas est\u00e1n utilizando x-bees, la plataforma de IA ag\u00e9ntica de Wildix, para encontrar conversaciones al instante, demostrar cada acuerdo y gestionar equipos en tiempo real. Adel\u00e1ntate mientras esperas. Mientras tanto, descubre c\u00f3mo Revenue Intelligence puede convertir cada conversaci\u00f3n en inteligencia procesable y conoce a Wilma, nuestra asistente con IA que pone esas capacidades a trabajar desde el primer d\u00eda. Gracias por contactar con nosotros. Revenue Intelligence Conoce a Wilma AI Wildix UK Limited Rolt House, Coventry Canal Basin, St. Nicholas Street, Coventry, West Midlands, CV1 4LY VAT ID: 276226491 Phone: +44\u00a0330\u00a0056\u00a03634 Wildix Inc. 800\u00a0N\u00a0High\u00a0Street Columbus,\u00a0OH\u00a043215 Phone: +1\u00a0614\u2011484\u20111500 Wildix O\u00dc \u2013 Holding Company Laeva tn. 2, 10111, Tallinn, Estonia VAT ID: EE 101984698 Phone: +372\u00a0(61)\u00a089586","_links":{"self":[{"href":"https:\/\/www.wildix.com\/es\/wp-json\/wp\/v2\/pages\/8195874","targetHints":{"allow":["GET"]}}],"collection":[{"href":"https:\/\/www.wildix.com\/es\/wp-json\/wp\/v2\/pages"}],"about":[{"href":"https:\/\/www.wildix.com\/es\/wp-json\/wp\/v2\/types\/page"}],"author":[{"embeddable":true,"href":"https:\/\/www.wildix.com\/es\/wp-json\/wp\/v2\/users\/71"}],"replies":[{"embeddable":true,"href":"https:\/\/www.wildix.com\/es\/wp-json\/wp\/v2\/comments?post=8195874"}],"version-history":[{"count":5,"href":"https:\/\/www.wildix.com\/es\/wp-json\/wp\/v2\/pages\/8195874\/revisions"}],"predecessor-version":[{"id":8196752,"href":"https:\/\/www.wildix.com\/es\/wp-json\/wp\/v2\/pages\/8195874\/revisions\/8196752"}],"up":[{"embeddable":true,"href":"https:\/\/www.wildix.com\/es\/wp-json\/wp\/v2\/pages\/8195746"}],"wp:attachment":[{"href":"https:\/\/www.wildix.com\/es\/wp-json\/wp\/v2\/media?parent=8195874"}],"curies":[{"name":"wp","href":"https:\/\/api.w.org\/{rel}","templated":true}]}}