{"id":8068323,"date":"2024-02-08T13:58:32","date_gmt":"2024-02-08T12:58:32","guid":{"rendered":"https:\/\/www.wildix.com\/w-pa-use-case\/"},"modified":"2024-04-16T15:17:00","modified_gmt":"2024-04-16T13:17:00","slug":"w-pa-caso-de-uso","status":"publish","type":"page","link":"https:\/\/www.wildix.com\/es\/w-pa-caso-de-uso\/","title":{"rendered":"CASO DE\u00a0USO DE\u00a0W\u2011PA"},"content":{"rendered":"\t\t<div data-elementor-type=\"wp-page\" data-elementor-id=\"8068323\" class=\"elementor elementor-8068323 elementor-8067982\" data-elementor-post-type=\"page\">\n\t\t\t\t<div class=\"elementor-element elementor-element-4b15684 e-flex e-con-boxed e-con e-parent\" data-id=\"4b15684\" data-element_type=\"container\" data-e-type=\"container\" data-settings=\"{&quot;background_background&quot;:&quot;gradient&quot;,&quot;jet_parallax_layout_list&quot;:[]}\">\n\t\t\t\t\t<div class=\"e-con-inner\">\n\t\t<div class=\"elementor-element elementor-element-6a59e8e e-con-full e-flex e-con e-child\" data-id=\"6a59e8e\" data-element_type=\"container\" data-e-type=\"container\" data-settings=\"{&quot;jet_parallax_layout_list&quot;:[]}\">\n\t\t\t\t<div class=\"elementor-element elementor-element-4b3995d elementor-widget elementor-widget-heading\" data-id=\"4b3995d\" data-element_type=\"widget\" data-e-type=\"widget\" data-widget_type=\"heading.default\">\n\t\t\t\t<div class=\"elementor-widget-container\">\n\t\t\t\t\t<h2 class=\"elementor-heading-title elementor-size-default\">No solo en aeropuertos, hospitales o supermercados:<br \/>\n\u00a1Descubre c\u00f3mo utilizar W\u2011PA tambi\u00e9n en los entornos m\u00e1s\u00a0peque\u00f1os!<\/h2>\t\t\t\t<\/div>\n\t\t\t\t<\/div>\n\t\t\t\t<\/div>\n\t\t\t\t\t<\/div>\n\t\t\t\t<\/div>\n\t\t<div class=\"elementor-element elementor-element-b3352a6 e-flex e-con-boxed e-con e-parent\" data-id=\"b3352a6\" data-element_type=\"container\" data-e-type=\"container\" data-settings=\"{&quot;jet_parallax_layout_list&quot;:[]}\">\n\t\t\t\t\t<div class=\"e-con-inner\">\n\t\t<div class=\"elementor-element elementor-element-72707c5 e-con-full e-flex e-con e-child\" data-id=\"72707c5\" data-element_type=\"container\" data-e-type=\"container\" data-settings=\"{&quot;jet_parallax_layout_list&quot;:[]}\">\n\t\t\t\t<div class=\"elementor-element elementor-element-5db3233 elementor-widget elementor-widget-text-editor\" data-id=\"5db3233\" data-element_type=\"widget\" data-e-type=\"widget\" data-widget_type=\"text-editor.default\">\n\t\t\t\t<div class=\"elementor-widget-container\">\n\t\t\t\t\t\t\t\t\t<b>Wildix Public Announcer<\/b> fue creado para poder realizar anuncios y proporcionar informaci\u00f3n en entornos grandes como supermercados, aeropuertos y hospitales.\t\t\t\t\t\t\t\t<\/div>\n\t\t\t\t<\/div>\n\t\t\t\t<div class=\"elementor-element elementor-element-bbe1086 elementor-widget elementor-widget-text-editor\" data-id=\"bbe1086\" data-element_type=\"widget\" data-e-type=\"widget\" data-widget_type=\"text-editor.default\">\n\t\t\t\t<div class=\"elementor-widget-container\">\n\t\t\t\t\t\t\t\t\tSin embargo, el sistema W\u2011PA es un producto muy vers\u00e1til y es capaz de funcionar en los entornos m\u00e1s peque\u00f1os, como se observa en el siguiente caso de uso: <b>Enecom<\/b>, un Partner de Wildix, has successfully installed a W\u2011PA system in the garage ha instalado con \u00e9xito un sistema W\u2011PA en el garaje de la <b>Cl\u00ednica Dental Gabriella Grassi<\/b>.\t\t\t\t\t\t\t\t<\/div>\n\t\t\t\t<\/div>\n\t\t\t\t<div class=\"elementor-element elementor-element-f494954 elementor-widget elementor-widget-text-editor\" data-id=\"f494954\" data-element_type=\"widget\" data-e-type=\"widget\" data-widget_type=\"text-editor.default\">\n\t\t\t\t<div class=\"elementor-widget-container\">\n\t\t\t\t\t\t\t\t\tLa prestigiosa cl\u00ednica dental (una instalaci\u00f3n de m\u00e1s de 500\u00a0metros cuadrados) se encuentra en un edificio en el centro hist\u00f3rico de Potenza, donde la disponibilidad de estacionamiento es bastante limitada.\t\t\t\t\t\t\t\t<\/div>\n\t\t\t\t<\/div>\n\t\t\t\t<div class=\"elementor-element elementor-element-0411210 elementor-widget elementor-widget-text-editor\" data-id=\"0411210\" data-element_type=\"widget\" data-e-type=\"widget\" data-widget_type=\"text-editor.default\">\n\t\t\t\t<div class=\"elementor-widget-container\">\n\t\t\t\t\t\t\t\t\tEnecom dise\u00f1\u00f3 todo el sistema de comunicaci\u00f3n para el cliente con el objetivo de hacer cada aspecto lo m\u00e1s eficiente posible; se implement\u00f3 el elegante tel\u00e9fono Vision para la recepci\u00f3n y las oficinas, el tel\u00e9fono inal\u00e1mbrico W\u2011AIR para facilitar la movilidad de los dentistas y asistentes dentales dentro de la oficina, y se ha instalado un sistema de videoportero en la entrada.\t\t\t\t\t\t\t\t<\/div>\n\t\t\t\t<\/div>\n\t\t\t\t<div class=\"elementor-element elementor-element-85dfade elementor-widget elementor-widget-text-editor\" data-id=\"85dfade\" data-element_type=\"widget\" data-e-type=\"widget\" data-widget_type=\"text-editor.default\">\n\t\t\t\t<div class=\"elementor-widget-container\">\n\t\t\t\t\t\t\t\t\tPara aquellos clientes que llegan en coche, Enecom ha establecido un sistema a\u00fan m\u00e1s eficaz: <b>el dispositivo W\u2011PA activa la puerta del garaje reservado para los clientes de la cl\u00ednica dental, y al mismo tiempo, est\u00e1 conectado a dos altavoces ac\u00fasticos<\/b>.\t\t\t\t\t\t\t\t<\/div>\n\t\t\t\t<\/div>\n\t\t\t\t<div class=\"elementor-element elementor-element-0841164 elementor-widget elementor-widget-text-editor\" data-id=\"0841164\" data-element_type=\"widget\" data-e-type=\"widget\" data-widget_type=\"text-editor.default\">\n\t\t\t\t<div class=\"elementor-widget-container\">\n\t\t\t\t\t\t\t\t\tLa soluci\u00f3n permite que la cl\u00ednica verifique la identidad de los clientes mediante la funci\u00f3n de intercomunicaci\u00f3n de Vision. El\u00a0W\u2011PA abre la puerta del garaje y comunica mensajes de voz, como instrucciones sobre c\u00f3mo llegar a las oficinas desde el garaje o d\u00f3nde mover su veh\u00edculo para no bloquear el paso.\t\t\t\t\t\t\t\t<\/div>\n\t\t\t\t<\/div>\n\t\t\t\t<div class=\"elementor-element elementor-element-0916b26 elementor-widget elementor-widget-text-editor\" data-id=\"0916b26\" data-element_type=\"widget\" data-e-type=\"widget\" data-widget_type=\"text-editor.default\">\n\t\t\t\t<div class=\"elementor-widget-container\">\n\t\t\t\t\t\t\t\t\tEnecom ha mejorado la comunicaci\u00f3n no solo dentro de la cl\u00ednica dental, sino que gracias al sistema W\u2011PA, ha mejorado la capacidad de gestionar f\u00e1cilmente tanto la puerta del garaje subterr\u00e1neo como los mensajes de voz para los clientes que acaban de llegar al garaje, asegurando asistencia completa.\t\t\t\t\t\t\t\t<\/div>\n\t\t\t\t<\/div>\n\t\t\t\t<\/div>\n\t\t<div class=\"elementor-element elementor-element-313e5e0 e-con-full e-flex e-con e-child\" data-id=\"313e5e0\" data-element_type=\"container\" data-e-type=\"container\" data-settings=\"{&quot;jet_parallax_layout_list&quot;:[]}\">\n\t\t\t\t<div class=\"elementor-element elementor-element-5565f52 elementor-widget elementor-widget-gallery\" data-id=\"5565f52\" data-element_type=\"widget\" data-e-type=\"widget\" data-settings=\"{&quot;columns&quot;:1,&quot;columns_tablet&quot;:3,&quot;aspect_ratio&quot;:&quot;16:9&quot;,&quot;lazyload&quot;:&quot;yes&quot;,&quot;gallery_layout&quot;:&quot;grid&quot;,&quot;columns_mobile&quot;:1,&quot;gap&quot;:{&quot;unit&quot;:&quot;px&quot;,&quot;size&quot;:10,&quot;sizes&quot;:[]},&quot;gap_tablet&quot;:{&quot;unit&quot;:&quot;px&quot;,&quot;size&quot;:10,&quot;sizes&quot;:[]},&quot;gap_mobile&quot;:{&quot;unit&quot;:&quot;px&quot;,&quot;size&quot;:10,&quot;sizes&quot;:[]},&quot;link_to&quot;:&quot;file&quot;,&quot;overlay_background&quot;:&quot;yes&quot;,&quot;content_hover_animation&quot;:&quot;fade-in&quot;}\" data-widget_type=\"gallery.default\">\n\t\t\t\t<div class=\"elementor-widget-container\">\n\t\t\t\t\t\t\t<div class=\"elementor-gallery__container\">\n\t\t\t\t\t\t\t<a class=\"e-gallery-item elementor-gallery-item elementor-animated-content\" href=\"https:\/\/www.wildix.com\/wp-content\/uploads\/2024\/02\/w-pa-sip-1.webp\" data-elementor-open-lightbox=\"yes\" data-elementor-lightbox-slideshow=\"5565f52\" data-elementor-lightbox-title=\"W-PA SIP Paging Gateaway\" data-e-action-hash=\"#elementor-action%3Aaction%3Dlightbox%26settings%3DeyJpZCI6ODA2ODExNSwidXJsIjoiaHR0cHM6XC9cL3d3dy53aWxkaXguY29tXC93cC1jb250ZW50XC91cGxvYWRzXC8yMDI0XC8wMlwvdy1wYS1zaXAtMS53ZWJwIiwic2xpZGVzaG93IjoiNTU2NWY1MiJ9\">\n\t\t\t\t\t<div class=\"e-gallery-image elementor-gallery-item__image\" data-thumbnail=\"https:\/\/www.wildix.com\/wp-content\/uploads\/2024\/02\/w-pa-sip-1.webp\" data-width=\"1200\" data-height=\"662\" aria-label=\"W-PA SIP Paging Gateaway\" role=\"img\" ><\/div>\n\t\t\t\t\t\t\t\t\t\t\t<div class=\"elementor-gallery-item__overlay\"><\/div>\n\t\t\t\t\t\t\t\t\t\t\t\t\t\t<\/a>\n\t\t\t\t\t\t\t<a class=\"e-gallery-item elementor-gallery-item elementor-animated-content\" href=\"https:\/\/www.wildix.com\/wp-content\/uploads\/2024\/02\/w-pa-case-study.webp\" data-elementor-open-lightbox=\"yes\" data-elementor-lightbox-slideshow=\"5565f52\" data-elementor-lightbox-title=\"W-PA Use Case\" data-e-action-hash=\"#elementor-action%3Aaction%3Dlightbox%26settings%3DeyJpZCI6ODA2ODA3NSwidXJsIjoiaHR0cHM6XC9cL3d3dy53aWxkaXguY29tXC93cC1jb250ZW50XC91cGxvYWRzXC8yMDI0XC8wMlwvdy1wYS1jYXNlLXN0dWR5LndlYnAiLCJzbGlkZXNob3ciOiI1NTY1ZjUyIn0%3D\">\n\t\t\t\t\t<div class=\"e-gallery-image elementor-gallery-item__image\" data-thumbnail=\"https:\/\/www.wildix.com\/wp-content\/uploads\/2024\/02\/w-pa-case-study.webp\" data-width=\"1200\" data-height=\"800\" aria-label=\"Discover how to use W-PA also in the smallest environments!\" role=\"img\" ><\/div>\n\t\t\t\t\t\t\t\t\t\t\t<div class=\"elementor-gallery-item__overlay\"><\/div>\n\t\t\t\t\t\t\t\t\t\t\t\t\t\t<\/a>\n\t\t\t\t\t\t\t<a class=\"e-gallery-item elementor-gallery-item elementor-animated-content\" href=\"https:\/\/www.wildix.com\/wp-content\/uploads\/2024\/02\/w-pa-case-study-med.webp\" data-elementor-open-lightbox=\"yes\" data-elementor-lightbox-slideshow=\"5565f52\" data-elementor-lightbox-title=\"W-PA Use Case\" data-e-action-hash=\"#elementor-action%3Aaction%3Dlightbox%26settings%3DeyJpZCI6ODA2ODA2OCwidXJsIjoiaHR0cHM6XC9cL3d3dy53aWxkaXguY29tXC93cC1jb250ZW50XC91cGxvYWRzXC8yMDI0XC8wMlwvdy1wYS1jYXNlLXN0dWR5LW1lZC53ZWJwIiwic2xpZGVzaG93IjoiNTU2NWY1MiJ9\">\n\t\t\t\t\t<div class=\"e-gallery-image elementor-gallery-item__image\" data-thumbnail=\"https:\/\/www.wildix.com\/wp-content\/uploads\/2024\/02\/w-pa-case-study-med.webp\" data-width=\"1200\" data-height=\"800\" aria-label=\"Discover how to use W-PA also in the smallest environments!\" role=\"img\" ><\/div>\n\t\t\t\t\t\t\t\t\t\t\t<div class=\"elementor-gallery-item__overlay\"><\/div>\n\t\t\t\t\t\t\t\t\t\t\t\t\t\t<\/a>\n\t\t\t\t\t<\/div>\n\t\t\t\t\t<\/div>\n\t\t\t\t<\/div>\n\t\t\t\t<\/div>\n\t\t\t\t\t<\/div>\n\t\t\t\t<\/div>\n\t\t\t\t<\/div>\n\t\t","protected":false},"excerpt":{"rendered":"<p>No solo en aeropuertos, hospitales o supermercados: \u00a1Descubre c\u00f3mo utilizar W\u2011PA tambi\u00e9n en los entornos m\u00e1s\u00a0peque\u00f1os! Wildix Public Announcer fue creado para poder realizar anuncios y proporcionar informaci\u00f3n en entornos grandes como supermercados, aeropuertos y hospitales.Sin embargo, el sistema W\u2011PA es un producto muy vers\u00e1til y es capaz de funcionar en los entornos m\u00e1s peque\u00f1os, [&hellip;]<\/p>\n","protected":false},"author":51,"featured_media":8068080,"parent":0,"menu_order":0,"comment_status":"closed","ping_status":"closed","template":"","meta":{"_acf_changed":false,"site-sidebar-layout":"no-sidebar","site-content-layout":"page-builder","ast-site-content-layout":"default","site-content-style":"default","site-sidebar-style":"default","ast-global-header-display":"","ast-banner-title-visibility":"","ast-main-header-display":"","ast-hfb-above-header-display":"","ast-hfb-below-header-display":"","ast-hfb-mobile-header-display":"","site-post-title":"disabled","ast-breadcrumbs-content":"","ast-featured-img":"disabled","footer-sml-layout":"","ast-disable-related-posts":"","theme-transparent-header-meta":"","adv-header-id-meta":"","stick-header-meta":"","header-above-stick-meta":"","header-main-stick-meta":"","header-below-stick-meta":"","astra-migrate-meta-layouts":"set","ast-page-background-enabled":"default","ast-page-background-meta":{"desktop":{"background-color":"var(--ast-global-color-4)","background-image":"","background-repeat":"repeat","background-position":"center center","background-size":"auto","background-attachment":"scroll","background-type":"","background-media":"","overlay-type":"","overlay-color":"","overlay-opacity":"","overlay-gradient":""},"tablet":{"background-color":"","background-image":"","background-repeat":"repeat","background-position":"center center","background-size":"auto","background-attachment":"scroll","background-type":"","background-media":"","overlay-type":"","overlay-color":"","overlay-opacity":"","overlay-gradient":""},"mobile":{"background-color":"","background-image":"","background-repeat":"repeat","background-position":"center center","background-size":"auto","background-attachment":"scroll","background-type":"","background-media":"","overlay-type":"","overlay-color":"","overlay-opacity":"","overlay-gradient":""}},"ast-content-background-meta":{"desktop":{"background-color":"var(--ast-global-color-5)","background-image":"","background-repeat":"repeat","background-position":"center center","background-size":"auto","background-attachment":"scroll","background-type":"","background-media":"","overlay-type":"","overlay-color":"","overlay-opacity":"","overlay-gradient":""},"tablet":{"background-color":"var(--ast-global-color-5)","background-image":"","background-repeat":"repeat","background-position":"center center","background-size":"auto","background-attachment":"scroll","background-type":"","background-media":"","overlay-type":"","overlay-color":"","overlay-opacity":"","overlay-gradient":""},"mobile":{"background-color":"var(--ast-global-color-5)","background-image":"","background-repeat":"repeat","background-position":"center center","background-size":"auto","background-attachment":"scroll","background-type":"","background-media":"","overlay-type":"","overlay-color":"","overlay-opacity":"","overlay-gradient":""}},"_jet_sm_ready_style":"","_jet_sm_style":"","_jet_sm_controls_values":"","_jet_sm_fonts_collection":"","_jet_sm_fonts_links":"","footnotes":""},"class_list":["post-8068323","page","type-page","status-publish","has-post-thumbnail","hentry"],"acf":[],"yoast_head":"<!-- This site is optimized with the Yoast SEO plugin v27.2 - https:\/\/yoast.com\/product\/yoast-seo-wordpress\/ -->\n<title>Caso de uso de W\u2011PA\u00a0| Wildix<\/title>\n<meta name=\"description\" content=\"Enecom, un Partner de Wildix, ha instalado con \u00e9xito un sistema W\u2011PA en el garaje de la Cl\u00ednica Dental Gabriella Grassi.\" \/>\n<meta name=\"robots\" content=\"index, follow, max-snippet:-1, max-image-preview:large, max-video-preview:-1\" \/>\n<meta property=\"og:locale\" content=\"es_ES\" \/>\n<meta property=\"og:type\" content=\"article\" \/>\n<meta property=\"og:title\" content=\"Caso de uso de W\u2011PA\u00a0| Wildix\" \/>\n<meta property=\"og:description\" content=\"Enecom, un Partner de Wildix, ha instalado con \u00e9xito un sistema W\u2011PA en el garaje de la Cl\u00ednica Dental Gabriella Grassi.\" \/>\n<meta property=\"og:url\" content=\"https:\/\/www.wildix.com\/es\/w-pa-caso-de-uso\/\" \/>\n<meta property=\"og:site_name\" content=\"Wildix\" \/>\n<meta property=\"article:publisher\" content=\"https:\/\/www.facebook.com\/groups\/wildixtechwizards\/?mibextid=6NoCDW\" \/>\n<meta property=\"article:modified_time\" content=\"2024-04-16T13:17:00+00:00\" \/>\n<meta property=\"og:image\" content=\"https:\/\/www.wildix.com\/wp-content\/uploads\/2024\/02\/w-pa-case-study.webp\" \/>\n\t<meta property=\"og:image:width\" content=\"1200\" \/>\n\t<meta property=\"og:image:height\" content=\"800\" \/>\n\t<meta property=\"og:image:type\" content=\"image\/webp\" \/>\n<meta name=\"twitter:card\" content=\"summary_large_image\" \/>\n<meta name=\"twitter:site\" content=\"@wildix_\" \/>\n<meta name=\"twitter:label1\" content=\"Tiempo de lectura\" \/>\n\t<meta name=\"twitter:data1\" content=\"2 minutos\" \/>\n<!-- \/ Yoast SEO plugin. -->","yoast_head_json":{"title":"Caso de uso de W\u2011PA\u00a0| Wildix","description":"Enecom, un Partner de Wildix, ha instalado con \u00e9xito un sistema W\u2011PA en el garaje de la Cl\u00ednica Dental Gabriella Grassi.","robots":{"index":"index","follow":"follow","max-snippet":"max-snippet:-1","max-image-preview":"max-image-preview:large","max-video-preview":"max-video-preview:-1"},"og_locale":"es_ES","og_type":"article","og_title":"Caso de uso de W\u2011PA\u00a0| Wildix","og_description":"Enecom, un Partner de Wildix, ha instalado con \u00e9xito un sistema W\u2011PA en el garaje de la Cl\u00ednica Dental Gabriella Grassi.","og_url":"https:\/\/www.wildix.com\/es\/w-pa-caso-de-uso\/","og_site_name":"Wildix","article_publisher":"https:\/\/www.facebook.com\/groups\/wildixtechwizards\/?mibextid=6NoCDW","article_modified_time":"2024-04-16T13:17:00+00:00","og_image":[{"width":1200,"height":800,"url":"https:\/\/www.wildix.com\/wp-content\/uploads\/2024\/02\/w-pa-case-study.webp","type":"image\/webp"}],"twitter_card":"summary_large_image","twitter_site":"@wildix_","twitter_misc":{"Tiempo de lectura":"2 minutos"},"schema":{"@context":"https:\/\/schema.org","@graph":[{"@type":"WebPage","@id":"https:\/\/www.wildix.com\/es\/w-pa-caso-de-uso\/","url":"https:\/\/www.wildix.com\/es\/w-pa-caso-de-uso\/","name":"Caso de uso de W\u2011PA\u00a0| Wildix","isPartOf":{"@id":"https:\/\/www.wildix.com\/es\/#website"},"primaryImageOfPage":{"@id":"https:\/\/www.wildix.com\/es\/w-pa-caso-de-uso\/#primaryimage"},"image":{"@id":"https:\/\/www.wildix.com\/es\/w-pa-caso-de-uso\/#primaryimage"},"thumbnailUrl":"https:\/\/www.wildix.com\/wp-content\/uploads\/2024\/02\/w-pa-case-study.webp","datePublished":"2024-02-08T12:58:32+00:00","dateModified":"2024-04-16T13:17:00+00:00","description":"Enecom, un Partner de Wildix, ha instalado con \u00e9xito un sistema W\u2011PA en el garaje de la Cl\u00ednica Dental Gabriella Grassi.","breadcrumb":{"@id":"https:\/\/www.wildix.com\/es\/w-pa-caso-de-uso\/#breadcrumb"},"inLanguage":"es","potentialAction":[{"@type":"ReadAction","target":["https:\/\/www.wildix.com\/es\/w-pa-caso-de-uso\/"]}]},{"@type":"ImageObject","inLanguage":"es","@id":"https:\/\/www.wildix.com\/es\/w-pa-caso-de-uso\/#primaryimage","url":"https:\/\/www.wildix.com\/wp-content\/uploads\/2024\/02\/w-pa-case-study.webp","contentUrl":"https:\/\/www.wildix.com\/wp-content\/uploads\/2024\/02\/w-pa-case-study.webp","width":1200,"height":800,"caption":"Discover how to use W-PA also in the smallest environments!"},{"@type":"BreadcrumbList","@id":"https:\/\/www.wildix.com\/es\/w-pa-caso-de-uso\/#breadcrumb","itemListElement":[{"@type":"ListItem","position":1,"name":"Home","item":"https:\/\/www.wildix.com\/es\/"},{"@type":"ListItem","position":2,"name":"CASO DE\u00a0USO DE\u00a0W\u2011PA"}]},{"@type":"WebSite","@id":"https:\/\/www.wildix.com\/es\/#website","url":"https:\/\/www.wildix.com\/es\/","name":"Wildix","description":"","publisher":{"@id":"https:\/\/www.wildix.com\/es\/#organization"},"potentialAction":[{"@type":"SearchAction","target":{"@type":"EntryPoint","urlTemplate":"https:\/\/www.wildix.com\/es\/?s={search_term_string}"},"query-input":{"@type":"PropertyValueSpecification","valueRequired":true,"valueName":"search_term_string"}}],"inLanguage":"es"},{"@type":"Organization","@id":"https:\/\/www.wildix.com\/es\/#organization","name":"Wildix","url":"https:\/\/www.wildix.com\/es\/","logo":{"@type":"ImageObject","inLanguage":"es","@id":"https:\/\/www.wildix.com\/es\/#\/schema\/logo\/image\/","url":"https:\/\/www.wildix.com\/wp-content\/uploads\/2021\/09\/logo-1.svg","contentUrl":"https:\/\/www.wildix.com\/wp-content\/uploads\/2021\/09\/logo-1.svg","caption":"Wildix"},"image":{"@id":"https:\/\/www.wildix.com\/es\/#\/schema\/logo\/image\/"},"sameAs":["https:\/\/www.facebook.com\/groups\/wildixtechwizards\/?mibextid=6NoCDW","https:\/\/x.com\/wildix_"]}]}},"clean_content":"No solo en aeropuertos, hospitales o supermercados: \u00a1Descubre c\u00f3mo utilizar W\u2011PA tambi\u00e9n en los entornos m\u00e1s\u00a0peque\u00f1os! Wildix Public Announcer fue creado para poder realizar anuncios y proporcionar informaci\u00f3n en entornos grandes como supermercados, aeropuertos y hospitales. Sin embargo, el sistema W\u2011PA es un producto muy vers\u00e1til y es capaz de funcionar en los entornos m\u00e1s peque\u00f1os, como se observa en el siguiente caso de uso: Enecom, un Partner de Wildix, has successfully installed a W\u2011PA system in the garage ha instalado con \u00e9xito un sistema W\u2011PA en el garaje de la Cl\u00ednica Dental Gabriella Grassi. La prestigiosa cl\u00ednica dental (una instalaci\u00f3n de m\u00e1s de 500\u00a0metros cuadrados) se encuentra en un edificio en el centro hist\u00f3rico de Potenza, donde la disponibilidad de estacionamiento es bastante limitada. Enecom dise\u00f1\u00f3 todo el sistema de comunicaci\u00f3n para el cliente con el objetivo de hacer cada aspecto lo m\u00e1s eficiente posible; se implement\u00f3 el elegante tel\u00e9fono Vision para la recepci\u00f3n y las oficinas, el tel\u00e9fono inal\u00e1mbrico W\u2011AIR para facilitar la movilidad de los dentistas y asistentes dentales dentro de la oficina, y se ha instalado un sistema de videoportero en la entrada. Para aquellos clientes que llegan en coche, Enecom ha establecido un sistema a\u00fan m\u00e1s eficaz: el dispositivo W\u2011PA activa la puerta del garaje reservado para los clientes de la cl\u00ednica dental, y al mismo tiempo, est\u00e1 conectado a dos altavoces ac\u00fasticos. La soluci\u00f3n permite que la cl\u00ednica verifique la identidad de los clientes mediante la funci\u00f3n de intercomunicaci\u00f3n de Vision. El\u00a0W\u2011PA abre la puerta del garaje y comunica mensajes de voz, como instrucciones sobre c\u00f3mo llegar a las oficinas desde el garaje o d\u00f3nde mover su veh\u00edculo para no bloquear el paso. Enecom ha mejorado la comunicaci\u00f3n no solo dentro de la cl\u00ednica dental, sino que gracias al sistema W\u2011PA, ha mejorado la capacidad de gestionar f\u00e1cilmente tanto la puerta del garaje subterr\u00e1neo como los mensajes de voz para los clientes que acaban de llegar al garaje, asegurando asistencia completa.","_links":{"self":[{"href":"https:\/\/www.wildix.com\/es\/wp-json\/wp\/v2\/pages\/8068323","targetHints":{"allow":["GET"]}}],"collection":[{"href":"https:\/\/www.wildix.com\/es\/wp-json\/wp\/v2\/pages"}],"about":[{"href":"https:\/\/www.wildix.com\/es\/wp-json\/wp\/v2\/types\/page"}],"author":[{"embeddable":true,"href":"https:\/\/www.wildix.com\/es\/wp-json\/wp\/v2\/users\/51"}],"replies":[{"embeddable":true,"href":"https:\/\/www.wildix.com\/es\/wp-json\/wp\/v2\/comments?post=8068323"}],"version-history":[{"count":5,"href":"https:\/\/www.wildix.com\/es\/wp-json\/wp\/v2\/pages\/8068323\/revisions"}],"predecessor-version":[{"id":8083101,"href":"https:\/\/www.wildix.com\/es\/wp-json\/wp\/v2\/pages\/8068323\/revisions\/8083101"}],"wp:featuredmedia":[{"embeddable":true,"href":"https:\/\/www.wildix.com\/es\/wp-json\/wp\/v2\/media\/8068080"}],"wp:attachment":[{"href":"https:\/\/www.wildix.com\/es\/wp-json\/wp\/v2\/media?parent=8068323"}],"curies":[{"name":"wp","href":"https:\/\/api.w.org\/{rel}","templated":true}]}}