{"id":7991446,"date":"2022-11-17T14:40:25","date_gmt":"2022-11-17T13:40:25","guid":{"rendered":"https:\/\/www.wildix.com\/?page_id=7991446"},"modified":"2025-07-29T19:19:20","modified_gmt":"2025-07-29T17:19:20","slug":"event-registration-thank-you-page","status":"publish","type":"page","link":"https:\/\/www.wildix.com\/es\/event-registration-thank-you-page\/","title":{"rendered":"TY &#8211; Event registration"},"content":{"rendered":"\t\t<div data-elementor-type=\"wp-page\" data-elementor-id=\"7991446\" class=\"elementor elementor-7991446 elementor-7991201\" data-elementor-post-type=\"page\">\n\t\t\t\t<div class=\"elementor-element elementor-element-a562a74 e-flex e-con-boxed e-con e-parent\" data-id=\"a562a74\" data-element_type=\"container\" data-e-type=\"container\" data-settings=\"{&quot;jet_parallax_layout_list&quot;:[],&quot;background_background&quot;:&quot;classic&quot;}\">\n\t\t\t\t\t<div class=\"e-con-inner\">\n\t\t<div class=\"elementor-element elementor-element-9da7ff2 e-con-full e-flex e-con e-child\" data-id=\"9da7ff2\" data-element_type=\"container\" data-e-type=\"container\" data-settings=\"{&quot;jet_parallax_layout_list&quot;:[]}\">\n\t\t<div class=\"elementor-element elementor-element-242bb4c e-con-full e-flex e-con e-child\" data-id=\"242bb4c\" data-element_type=\"container\" data-e-type=\"container\" data-settings=\"{&quot;jet_parallax_layout_list&quot;:[]}\">\n\t\t\t\t<div class=\"elementor-element elementor-element-a6b3d2b elementor-widget elementor-widget-heading\" data-id=\"a6b3d2b\" data-element_type=\"widget\" data-e-type=\"widget\" data-widget_type=\"heading.default\">\n\t\t\t\t<div class=\"elementor-widget-container\">\n\t\t\t\t\t<h2 class=\"elementor-heading-title elementor-size-default\">Gracias por tu solicitud\n\n\n<\/h2>\t\t\t\t<\/div>\n\t\t\t\t<\/div>\n\t\t\t\t<div class=\"elementor-element elementor-element-e35ba8c elementor-widget elementor-widget-text-editor\" data-id=\"e35ba8c\" data-element_type=\"widget\" data-e-type=\"widget\" data-widget_type=\"text-editor.default\">\n\t\t\t\t<div class=\"elementor-widget-container\">\n\t\t\t\t\t\t\t\t\tNos pondremos en contacto contigo muy pronto\t\t\t\t\t\t\t\t<\/div>\n\t\t\t\t<\/div>\n\t\t\t\t<\/div>\n\t\t<div class=\"elementor-element elementor-element-db2c21c e-con-full e-flex e-con e-child\" data-id=\"db2c21c\" data-element_type=\"container\" data-e-type=\"container\" data-settings=\"{&quot;jet_parallax_layout_list&quot;:[]}\">\n\t\t\t\t<div class=\"elementor-element elementor-element-e0eb354 elementor-widget elementor-widget-text-editor\" data-id=\"e0eb354\" data-element_type=\"widget\" data-e-type=\"widget\" data-widget_type=\"text-editor.default\">\n\t\t\t\t<div class=\"elementor-widget-container\">\n\t\t\t\t\t\t\t\t\tMientras tanto, puedes ir explorando el sitio web. Nuestro blog tiene muchos art\u00edculos sobre diferentes temas de inter\u00e9s, y en nuestro grupo de Facebook Wildix Tech and Sales Wizards encontrar\u00e1s apoyo sobre cuestiones t\u00e9cnicas entre Partners.\t\t\t\t\t\t\t\t<\/div>\n\t\t\t\t<\/div>\n\t\t\t\t<div class=\"elementor-element elementor-element-e115bab elementor-widget elementor-widget-text-editor\" data-id=\"e115bab\" data-element_type=\"widget\" data-e-type=\"widget\" data-widget_type=\"text-editor.default\">\n\t\t\t\t<div class=\"elementor-widget-container\">\n\t\t\t\t\t\t\t\t\tAdem\u00e1s, puedes darte una vuelta por la p\u00e1gina web donde encontrar\u00e1s desde nuestras integraciones, a los beneficios \u00fanicos que el ecosistema Wildix aporta a los Partners y a los usuarios.\t\t\t\t\t\t\t\t<\/div>\n\t\t\t\t<\/div>\n\t\t\t\t<\/div>\n\t\t<div class=\"elementor-element elementor-element-4e4c029 e-con-full e-flex e-con e-child\" data-id=\"4e4c029\" data-element_type=\"container\" data-e-type=\"container\" data-settings=\"{&quot;jet_parallax_layout_list&quot;:[]}\">\n\t\t<div class=\"elementor-element elementor-element-766cf7b e-con-full e-flex e-con e-child\" data-id=\"766cf7b\" data-element_type=\"container\" data-e-type=\"container\" data-settings=\"{&quot;jet_parallax_layout_list&quot;:[]}\">\n\t\t\t\t<div class=\"elementor-element elementor-element-9968e6d elementor-align-center elementor-mobile-align-justify elementor-widget elementor-widget-button\" data-id=\"9968e6d\" data-element_type=\"widget\" data-e-type=\"widget\" data-widget_type=\"button.default\">\n\t\t\t\t<div class=\"elementor-widget-container\">\n\t\t\t\t\t\t\t\t\t<div class=\"elementor-button-wrapper\">\n\t\t\t\t\t<a class=\"elementor-button elementor-button-link elementor-size-lg elementor-animation-shrink\" href=\"https:\/\/www.facebook.com\/groups\/wildixtechwizards\">\n\t\t\t\t\t\t<span class=\"elementor-button-content-wrapper\">\n\t\t\t\t\t\t\t\t\t<span class=\"elementor-button-text\">Grupo de Facebook Wildix Tech Wizards<\/span>\n\t\t\t\t\t<\/span>\n\t\t\t\t\t<\/a>\n\t\t\t\t<\/div>\n\t\t\t\t\t\t\t\t<\/div>\n\t\t\t\t<\/div>\n\t\t\t\t<\/div>\n\t\t<div class=\"elementor-element elementor-element-df91a71 e-con-full e-flex e-con e-child\" data-id=\"df91a71\" data-element_type=\"container\" data-e-type=\"container\" data-settings=\"{&quot;jet_parallax_layout_list&quot;:[]}\">\n\t\t\t\t<div class=\"elementor-element elementor-element-b3e42de elementor-align-center elementor-mobile-align-justify elementor-widget elementor-widget-button\" data-id=\"b3e42de\" data-element_type=\"widget\" data-e-type=\"widget\" data-widget_type=\"button.default\">\n\t\t\t\t<div class=\"elementor-widget-container\">\n\t\t\t\t\t\t\t\t\t<div class=\"elementor-button-wrapper\">\n\t\t\t\t\t<a class=\"elementor-button elementor-button-link elementor-size-lg elementor-animation-shrink\" href=\"https:\/\/blog.wildix.com\/?_gl=1*1pe8grn*_ga*MTkzNDU1NzIwNS4xNjYzMDc3OTIw*_ga_GC87MX254S*MTY2MzU4MjAzMi4yNC4xLjE2NjM1ODM0NDAuMC4wLjA.\">\n\t\t\t\t\t\t<span class=\"elementor-button-content-wrapper\">\n\t\t\t\t\t\t\t\t\t<span class=\"elementor-button-text\">Blog Wildix<\/span>\n\t\t\t\t\t<\/span>\n\t\t\t\t\t<\/a>\n\t\t\t\t<\/div>\n\t\t\t\t\t\t\t\t<\/div>\n\t\t\t\t<\/div>\n\t\t\t\t<\/div>\n\t\t\t\t<\/div>\n\t\t\t\t<\/div>\n\t\t\t\t\t<\/div>\n\t\t\t\t<\/div>\n\t\t\t\t<\/div>\n\t\t","protected":false},"excerpt":{"rendered":"<p>Gracias por tu solicitud Nos pondremos en contacto contigo muy prontoMientras tanto, puedes ir explorando el sitio web. Nuestro blog tiene muchos art\u00edculos sobre diferentes temas de inter\u00e9s, y en nuestro grupo de Facebook Wildix Tech and Sales Wizards encontrar\u00e1s apoyo sobre cuestiones t\u00e9cnicas entre Partners.Adem\u00e1s, puedes darte una vuelta por la p\u00e1gina web donde [&hellip;]<\/p>\n","protected":false},"author":51,"featured_media":0,"parent":0,"menu_order":0,"comment_status":"closed","ping_status":"closed","template":"","meta":{"_acf_changed":false,"site-sidebar-layout":"no-sidebar","site-content-layout":"page-builder","ast-site-content-layout":"full-width-container","site-content-style":"unboxed","site-sidebar-style":"unboxed","ast-global-header-display":"","ast-banner-title-visibility":"","ast-main-header-display":"","ast-hfb-above-header-display":"","ast-hfb-below-header-display":"","ast-hfb-mobile-header-display":"","site-post-title":"disabled","ast-breadcrumbs-content":"","ast-featured-img":"disabled","footer-sml-layout":"","ast-disable-related-posts":"","theme-transparent-header-meta":"","adv-header-id-meta":"","stick-header-meta":"","header-above-stick-meta":"","header-main-stick-meta":"","header-below-stick-meta":"","astra-migrate-meta-layouts":"default","ast-page-background-enabled":"default","ast-page-background-meta":{"desktop":{"background-color":"var(--ast-global-color-4)","background-image":"","background-repeat":"repeat","background-position":"center center","background-size":"auto","background-attachment":"scroll","background-type":"","background-media":"","overlay-type":"","overlay-color":"","overlay-opacity":"","overlay-gradient":""},"tablet":{"background-color":"","background-image":"","background-repeat":"repeat","background-position":"center center","background-size":"auto","background-attachment":"scroll","background-type":"","background-media":"","overlay-type":"","overlay-color":"","overlay-opacity":"","overlay-gradient":""},"mobile":{"background-color":"","background-image":"","background-repeat":"repeat","background-position":"center center","background-size":"auto","background-attachment":"scroll","background-type":"","background-media":"","overlay-type":"","overlay-color":"","overlay-opacity":"","overlay-gradient":""}},"ast-content-background-meta":{"desktop":{"background-color":"var(--ast-global-color-5)","background-image":"","background-repeat":"repeat","background-position":"center center","background-size":"auto","background-attachment":"scroll","background-type":"","background-media":"","overlay-type":"","overlay-color":"","overlay-opacity":"","overlay-gradient":""},"tablet":{"background-color":"var(--ast-global-color-5)","background-image":"","background-repeat":"repeat","background-position":"center center","background-size":"auto","background-attachment":"scroll","background-type":"","background-media":"","overlay-type":"","overlay-color":"","overlay-opacity":"","overlay-gradient":""},"mobile":{"background-color":"var(--ast-global-color-5)","background-image":"","background-repeat":"repeat","background-position":"center center","background-size":"auto","background-attachment":"scroll","background-type":"","background-media":"","overlay-type":"","overlay-color":"","overlay-opacity":"","overlay-gradient":""}},"_jet_sm_ready_style":"","_jet_sm_style":"","_jet_sm_controls_values":"","_jet_sm_fonts_collection":"","_jet_sm_fonts_links":"","footnotes":""},"class_list":["post-7991446","page","type-page","status-publish","hentry"],"acf":[],"yoast_head":"<!-- This site is optimized with the Yoast SEO plugin v27.2 - https:\/\/yoast.com\/product\/yoast-seo-wordpress\/ -->\n<title>TY - Event registration | Wildix<\/title>\n<meta name=\"robots\" content=\"noindex, nofollow\" \/>\n<meta property=\"og:locale\" content=\"es_ES\" \/>\n<meta property=\"og:type\" content=\"article\" \/>\n<meta property=\"og:title\" content=\"TY - Event registration | Wildix\" \/>\n<meta property=\"og:description\" content=\"Gracias por tu solicitud Nos pondremos en contacto contigo muy prontoMientras tanto, puedes ir explorando el sitio web. Nuestro blog tiene muchos art\u00edculos sobre diferentes temas de inter\u00e9s, y en nuestro grupo de Facebook Wildix Tech and Sales Wizards encontrar\u00e1s apoyo sobre cuestiones t\u00e9cnicas entre Partners.Adem\u00e1s, puedes darte una vuelta por la p\u00e1gina web donde [&hellip;]\" \/>\n<meta property=\"og:url\" content=\"https:\/\/www.wildix.com\/es\/event-registration-thank-you-page\/\" \/>\n<meta property=\"og:site_name\" content=\"Wildix\" \/>\n<meta property=\"article:publisher\" content=\"https:\/\/www.facebook.com\/groups\/wildixtechwizards\/?mibextid=6NoCDW\" \/>\n<meta property=\"article:modified_time\" content=\"2025-07-29T17:19:20+00:00\" \/>\n<meta name=\"twitter:card\" content=\"summary_large_image\" \/>\n<meta name=\"twitter:site\" content=\"@wildix_\" \/>\n<meta name=\"twitter:label1\" content=\"Tiempo de lectura\" \/>\n\t<meta name=\"twitter:data1\" content=\"1 minuto\" \/>\n<!-- \/ Yoast SEO plugin. -->","yoast_head_json":{"title":"TY - Event registration | Wildix","robots":{"index":"noindex","follow":"nofollow"},"og_locale":"es_ES","og_type":"article","og_title":"TY - Event registration | Wildix","og_description":"Gracias por tu solicitud Nos pondremos en contacto contigo muy prontoMientras tanto, puedes ir explorando el sitio web. Nuestro blog tiene muchos art\u00edculos sobre diferentes temas de inter\u00e9s, y en nuestro grupo de Facebook Wildix Tech and Sales Wizards encontrar\u00e1s apoyo sobre cuestiones t\u00e9cnicas entre Partners.Adem\u00e1s, puedes darte una vuelta por la p\u00e1gina web donde [&hellip;]","og_url":"https:\/\/www.wildix.com\/es\/event-registration-thank-you-page\/","og_site_name":"Wildix","article_publisher":"https:\/\/www.facebook.com\/groups\/wildixtechwizards\/?mibextid=6NoCDW","article_modified_time":"2025-07-29T17:19:20+00:00","twitter_card":"summary_large_image","twitter_site":"@wildix_","twitter_misc":{"Tiempo de lectura":"1 minuto"},"schema":{"@context":"https:\/\/schema.org","@graph":[{"@type":"WebPage","@id":"https:\/\/www.wildix.com\/es\/event-registration-thank-you-page\/","url":"https:\/\/www.wildix.com\/es\/event-registration-thank-you-page\/","name":"TY - Event registration | Wildix","isPartOf":{"@id":"https:\/\/www.wildix.com\/es\/#website"},"datePublished":"2022-11-17T13:40:25+00:00","dateModified":"2025-07-29T17:19:20+00:00","breadcrumb":{"@id":"https:\/\/www.wildix.com\/es\/event-registration-thank-you-page\/#breadcrumb"},"inLanguage":"es","potentialAction":[{"@type":"ReadAction","target":["https:\/\/www.wildix.com\/es\/event-registration-thank-you-page\/"]}]},{"@type":"BreadcrumbList","@id":"https:\/\/www.wildix.com\/es\/event-registration-thank-you-page\/#breadcrumb","itemListElement":[{"@type":"ListItem","position":1,"name":"Home","item":"https:\/\/www.wildix.com\/es\/"},{"@type":"ListItem","position":2,"name":"TY &#8211; Event registration"}]},{"@type":"WebSite","@id":"https:\/\/www.wildix.com\/es\/#website","url":"https:\/\/www.wildix.com\/es\/","name":"Wildix","description":"","publisher":{"@id":"https:\/\/www.wildix.com\/es\/#organization"},"potentialAction":[{"@type":"SearchAction","target":{"@type":"EntryPoint","urlTemplate":"https:\/\/www.wildix.com\/es\/?s={search_term_string}"},"query-input":{"@type":"PropertyValueSpecification","valueRequired":true,"valueName":"search_term_string"}}],"inLanguage":"es"},{"@type":"Organization","@id":"https:\/\/www.wildix.com\/es\/#organization","name":"Wildix","url":"https:\/\/www.wildix.com\/es\/","logo":{"@type":"ImageObject","inLanguage":"es","@id":"https:\/\/www.wildix.com\/es\/#\/schema\/logo\/image\/","url":"https:\/\/www.wildix.com\/wp-content\/uploads\/2021\/09\/logo-1.svg","contentUrl":"https:\/\/www.wildix.com\/wp-content\/uploads\/2021\/09\/logo-1.svg","caption":"Wildix"},"image":{"@id":"https:\/\/www.wildix.com\/es\/#\/schema\/logo\/image\/"},"sameAs":["https:\/\/www.facebook.com\/groups\/wildixtechwizards\/?mibextid=6NoCDW","https:\/\/x.com\/wildix_"]}]}},"clean_content":"Gracias por tu solicitud Nos pondremos en contacto contigo muy pronto Mientras tanto, puedes ir explorando el sitio web. Nuestro blog tiene muchos art\u00edculos sobre diferentes temas de inter\u00e9s, y en nuestro grupo de Facebook Wildix Tech and Sales Wizards encontrar\u00e1s apoyo sobre cuestiones t\u00e9cnicas entre Partners. Adem\u00e1s, puedes darte una vuelta por la p\u00e1gina web donde encontrar\u00e1s desde nuestras integraciones, a los beneficios \u00fanicos que el ecosistema Wildix aporta a los Partners y a los usuarios. Grupo de Facebook Wildix Tech Wizards Blog Wildix","_links":{"self":[{"href":"https:\/\/www.wildix.com\/es\/wp-json\/wp\/v2\/pages\/7991446","targetHints":{"allow":["GET"]}}],"collection":[{"href":"https:\/\/www.wildix.com\/es\/wp-json\/wp\/v2\/pages"}],"about":[{"href":"https:\/\/www.wildix.com\/es\/wp-json\/wp\/v2\/types\/page"}],"author":[{"embeddable":true,"href":"https:\/\/www.wildix.com\/es\/wp-json\/wp\/v2\/users\/51"}],"replies":[{"embeddable":true,"href":"https:\/\/www.wildix.com\/es\/wp-json\/wp\/v2\/comments?post=7991446"}],"version-history":[{"count":3,"href":"https:\/\/www.wildix.com\/es\/wp-json\/wp\/v2\/pages\/7991446\/revisions"}],"predecessor-version":[{"id":8151391,"href":"https:\/\/www.wildix.com\/es\/wp-json\/wp\/v2\/pages\/7991446\/revisions\/8151391"}],"wp:attachment":[{"href":"https:\/\/www.wildix.com\/es\/wp-json\/wp\/v2\/media?parent=7991446"}],"curies":[{"name":"wp","href":"https:\/\/api.w.org\/{rel}","templated":true}]}}