{"id":8068015,"date":"2024-02-08T13:58:32","date_gmt":"2024-02-08T12:58:32","guid":{"rendered":"https:\/\/www.wildix.com\/w-pa-use-case\/"},"modified":"2024-04-16T15:24:27","modified_gmt":"2024-04-16T13:24:27","slug":"w-pa-use-case","status":"publish","type":"page","link":"https:\/\/www.wildix.com\/de\/w-pa-use-case\/","title":{"rendered":"W-PA USE CASE"},"content":{"rendered":"\t\t<div data-elementor-type=\"wp-page\" data-elementor-id=\"8068015\" class=\"elementor elementor-8068015 elementor-8067982\" data-elementor-post-type=\"page\">\n\t\t\t\t<div class=\"elementor-element elementor-element-4b15684 e-flex e-con-boxed e-con e-parent\" data-id=\"4b15684\" data-element_type=\"container\" data-e-type=\"container\" data-settings=\"{&quot;background_background&quot;:&quot;gradient&quot;,&quot;jet_parallax_layout_list&quot;:[]}\">\n\t\t\t\t\t<div class=\"e-con-inner\">\n\t\t<div class=\"elementor-element elementor-element-6a59e8e e-con-full e-flex e-con e-child\" data-id=\"6a59e8e\" data-element_type=\"container\" data-e-type=\"container\" data-settings=\"{&quot;jet_parallax_layout_list&quot;:[]}\">\n\t\t\t\t<div class=\"elementor-element elementor-element-4b3995d elementor-widget elementor-widget-heading\" data-id=\"4b3995d\" data-element_type=\"widget\" data-e-type=\"widget\" data-widget_type=\"heading.default\">\n\t\t\t\t<div class=\"elementor-widget-container\">\n\t\t\t\t\t<h2 class=\"elementor-heading-title elementor-size-default\">Nicht nur f\u00fcr Flugh\u00e4fen, Krankenh\u00e4user oder Superm\u00e4rkte geeignet: <br \/>\nSo setzten Sie das W\u2011PA auch in weniger weitl\u00e4ufigen Arbeitsbereichen ein<\/h2>\t\t\t\t<\/div>\n\t\t\t\t<\/div>\n\t\t\t\t<\/div>\n\t\t\t\t\t<\/div>\n\t\t\t\t<\/div>\n\t\t<div class=\"elementor-element elementor-element-b3352a6 e-flex e-con-boxed e-con e-parent\" data-id=\"b3352a6\" data-element_type=\"container\" data-e-type=\"container\" data-settings=\"{&quot;jet_parallax_layout_list&quot;:[]}\">\n\t\t\t\t\t<div class=\"e-con-inner\">\n\t\t<div class=\"elementor-element elementor-element-72707c5 e-con-full e-flex e-con e-child\" data-id=\"72707c5\" data-element_type=\"container\" data-e-type=\"container\" data-settings=\"{&quot;jet_parallax_layout_list&quot;:[]}\">\n\t\t\t\t<div class=\"elementor-element elementor-element-5db3233 elementor-widget elementor-widget-text-editor\" data-id=\"5db3233\" data-element_type=\"widget\" data-e-type=\"widget\" data-widget_type=\"text-editor.default\">\n\t\t\t\t<div class=\"elementor-widget-container\">\n\t\t\t\t\t\t\t\t\tDas Wildix Public Announcer-Ger\u00e4t wird meist genutzt, um Ank\u00fcndigungen und Mitteilungen in gro\u00dfen Geb\u00e4uden, wie Superm\u00e4rkten, Flugh\u00e4fen und Krankenh\u00e4usern durchzugeben.\t\t\t\t\t\t\t\t<\/div>\n\t\t\t\t<\/div>\n\t\t\t\t<div class=\"elementor-element elementor-element-cdc114a elementor-widget elementor-widget-text-editor\" data-id=\"cdc114a\" data-element_type=\"widget\" data-e-type=\"widget\" data-widget_type=\"text-editor.default\">\n\t\t\t\t<div class=\"elementor-widget-container\">\n\t\t\t\t\t\t\t\t\tWie das nachfolgende Anwendungsbeispiel zeigt, ist das W\u2011PA aber ein so vielseitiges Ger\u00e4t, dass es auch in kleineren Umfeldern n\u00fctzlich sein kann.\t\t\t\t\t\t\t\t<\/div>\n\t\t\t\t<\/div>\n\t\t\t\t<div class=\"elementor-element elementor-element-572cc79 elementor-widget elementor-widget-text-editor\" data-id=\"572cc79\" data-element_type=\"widget\" data-e-type=\"widget\" data-widget_type=\"text-editor.default\">\n\t\t\t\t<div class=\"elementor-widget-container\">\n\t\t\t\t\t\t\t\t\tDer Wildix-Partner Enecom installierte ein W\u2011PA in der Garage der <b>Zahnarztpraxis Gabriella Grassi<\/b>.\t\t\t\t\t\t\t\t<\/div>\n\t\t\t\t<\/div>\n\t\t\t\t<div class=\"elementor-element elementor-element-46767e1 elementor-widget elementor-widget-text-editor\" data-id=\"46767e1\" data-element_type=\"widget\" data-e-type=\"widget\" data-widget_type=\"text-editor.default\">\n\t\t\t\t<div class=\"elementor-widget-container\">\n\t\t\t\t\t\t\t\t\tDie renommierte Praxis mit mehr als 500 Quadratmetern Fl\u00e4che befindet sich in einem Mehrparteienhaus in der Altstadt von Potenza, wo nur wenige Parkpl\u00e4tze zur Verf\u00fcgung stehen.\t\t\t\t\t\t\t\t<\/div>\n\t\t\t\t<\/div>\n\t\t\t\t<div class=\"elementor-element elementor-element-433cb10 elementor-widget elementor-widget-text-editor\" data-id=\"433cb10\" data-element_type=\"widget\" data-e-type=\"widget\" data-widget_type=\"text-editor.default\">\n\t\t\t\t<div class=\"elementor-widget-container\">\n\t\t\t\t\t\t\t\t\tEnecom konzentrierte sich bei der Entwicklung des Systems darauf, eine m\u00f6glichst effiziente Kommunikation mit den Patienten zu erm\u00f6glichen Daf\u00fcr wurden elegante Vision-Videotelefone an der Rezeption und in den B\u00fcros sowie ein schnurloses W\u2011AIR installiert, damit Zahn\u00e4rzte und Zahnarzthelfer in der Praxis sich mobil bewegen k\u00f6nnen. Am Eingang wurde eine weitere Videosprechanlage installiert.\t\t\t\t\t\t\t\t<\/div>\n\t\t\t\t<\/div>\n\t\t\t\t<div class=\"elementor-element elementor-element-6881a83 elementor-widget elementor-widget-text-editor\" data-id=\"6881a83\" data-element_type=\"widget\" data-e-type=\"widget\" data-widget_type=\"text-editor.default\">\n\t\t\t\t<div class=\"elementor-widget-container\">\n\t\t\t\t\t\t\t\t\tF\u00fcr Patienten, die mit dem Auto anreisen, arbeitete Enecom ein ausgekl\u00fcgeltes System aus: <b>Das W\u2011PA-Ger\u00e4t \u00f6ffnet das Rolltor der Garage, die Patienten der Zahnarztpraxis zur Verf\u00fcgung steht, und wurde zus\u00e4tzlich mit zwei Lautsprechern verbunden<\/b>.\t\t\t\t\t\t\t\t<\/div>\n\t\t\t\t<\/div>\n\t\t\t\t<div class=\"elementor-element elementor-element-2df786d elementor-widget elementor-widget-text-editor\" data-id=\"2df786d\" data-element_type=\"widget\" data-e-type=\"widget\" data-widget_type=\"text-editor.default\">\n\t\t\t\t<div class=\"elementor-widget-container\">\n\t\t\t\t\t\t\t\t\tDiese L\u00f6sung erm\u00f6glicht es der Praxis, die Patienten \u00fcber die Videosprechanlage zu sehen, das Rolltor der Garage \u00fcber das W\u2011PA zu \u00f6ffnen und Sprachnachrichten zu senden. So kann zum Beispiel beschrieben werden, wie die Praxis von der Garage aus erreicht werden kann oder wo das Auto geparkt werden sollte, um die Durchfahrt freizuhalten.\t\t\t\t\t\t\t\t<\/div>\n\t\t\t\t<\/div>\n\t\t\t\t<div class=\"elementor-element elementor-element-50de4b7 elementor-widget elementor-widget-text-editor\" data-id=\"50de4b7\" data-element_type=\"widget\" data-e-type=\"widget\" data-widget_type=\"text-editor.default\">\n\t\t\t\t<div class=\"elementor-widget-container\">\n\t\t\t\t\t\t\t\t\tDer Wildix-Partner Enecom verbesserte so die Kommunikation in der Zahnarztpraxis, da \u00fcber das W\u2011PA-Ger\u00e4t sowohl das Rolltor der Tiefgarage bedient als auch mit den Patienten, die gerade ankommen, kommuniziert werden kann. So ist ein 360\u00b0\u2013Service garantiert.\t\t\t\t\t\t\t\t<\/div>\n\t\t\t\t<\/div>\n\t\t\t\t<\/div>\n\t\t<div class=\"elementor-element elementor-element-313e5e0 e-con-full e-flex e-con e-child\" data-id=\"313e5e0\" data-element_type=\"container\" data-e-type=\"container\" data-settings=\"{&quot;jet_parallax_layout_list&quot;:[]}\">\n\t\t\t\t<div class=\"elementor-element elementor-element-5565f52 elementor-widget elementor-widget-gallery\" data-id=\"5565f52\" data-element_type=\"widget\" data-e-type=\"widget\" data-settings=\"{&quot;columns&quot;:1,&quot;columns_tablet&quot;:3,&quot;aspect_ratio&quot;:&quot;16:9&quot;,&quot;lazyload&quot;:&quot;yes&quot;,&quot;gallery_layout&quot;:&quot;grid&quot;,&quot;columns_mobile&quot;:1,&quot;gap&quot;:{&quot;unit&quot;:&quot;px&quot;,&quot;size&quot;:10,&quot;sizes&quot;:[]},&quot;gap_tablet&quot;:{&quot;unit&quot;:&quot;px&quot;,&quot;size&quot;:10,&quot;sizes&quot;:[]},&quot;gap_mobile&quot;:{&quot;unit&quot;:&quot;px&quot;,&quot;size&quot;:10,&quot;sizes&quot;:[]},&quot;link_to&quot;:&quot;file&quot;,&quot;overlay_background&quot;:&quot;yes&quot;,&quot;content_hover_animation&quot;:&quot;fade-in&quot;}\" data-widget_type=\"gallery.default\">\n\t\t\t\t<div class=\"elementor-widget-container\">\n\t\t\t\t\t\t\t<div class=\"elementor-gallery__container\">\n\t\t\t\t\t\t\t<a class=\"e-gallery-item elementor-gallery-item elementor-animated-content\" href=\"https:\/\/www.wildix.com\/wp-content\/uploads\/2024\/02\/w-pa-sip-1.webp\" data-elementor-open-lightbox=\"yes\" data-elementor-lightbox-slideshow=\"5565f52\" data-elementor-lightbox-title=\"W-PA SIP Paging Gateaway\" data-e-action-hash=\"#elementor-action%3Aaction%3Dlightbox%26settings%3DeyJpZCI6ODA2ODExNSwidXJsIjoiaHR0cHM6XC9cL3d3dy53aWxkaXguY29tXC93cC1jb250ZW50XC91cGxvYWRzXC8yMDI0XC8wMlwvdy1wYS1zaXAtMS53ZWJwIiwic2xpZGVzaG93IjoiNTU2NWY1MiJ9\">\n\t\t\t\t\t<div class=\"e-gallery-image elementor-gallery-item__image\" data-thumbnail=\"https:\/\/www.wildix.com\/wp-content\/uploads\/2024\/02\/w-pa-sip-1.webp\" data-width=\"1200\" data-height=\"662\" aria-label=\"W-PA SIP Paging Gateaway\" role=\"img\" ><\/div>\n\t\t\t\t\t\t\t\t\t\t\t<div class=\"elementor-gallery-item__overlay\"><\/div>\n\t\t\t\t\t\t\t\t\t\t\t\t\t\t<\/a>\n\t\t\t\t\t\t\t<a class=\"e-gallery-item elementor-gallery-item elementor-animated-content\" href=\"https:\/\/www.wildix.com\/wp-content\/uploads\/2024\/02\/w-pa-case-study.webp\" data-elementor-open-lightbox=\"yes\" data-elementor-lightbox-slideshow=\"5565f52\" data-elementor-lightbox-title=\"W-PA Use Case\" data-e-action-hash=\"#elementor-action%3Aaction%3Dlightbox%26settings%3DeyJpZCI6ODA2ODA3NSwidXJsIjoiaHR0cHM6XC9cL3d3dy53aWxkaXguY29tXC93cC1jb250ZW50XC91cGxvYWRzXC8yMDI0XC8wMlwvdy1wYS1jYXNlLXN0dWR5LndlYnAiLCJzbGlkZXNob3ciOiI1NTY1ZjUyIn0%3D\">\n\t\t\t\t\t<div class=\"e-gallery-image elementor-gallery-item__image\" data-thumbnail=\"https:\/\/www.wildix.com\/wp-content\/uploads\/2024\/02\/w-pa-case-study.webp\" data-width=\"1200\" data-height=\"800\" aria-label=\"Discover how to use W-PA also in the smallest environments!\" role=\"img\" ><\/div>\n\t\t\t\t\t\t\t\t\t\t\t<div class=\"elementor-gallery-item__overlay\"><\/div>\n\t\t\t\t\t\t\t\t\t\t\t\t\t\t<\/a>\n\t\t\t\t\t\t\t<a class=\"e-gallery-item elementor-gallery-item elementor-animated-content\" href=\"https:\/\/www.wildix.com\/wp-content\/uploads\/2024\/02\/w-pa-case-study-med.webp\" data-elementor-open-lightbox=\"yes\" data-elementor-lightbox-slideshow=\"5565f52\" data-elementor-lightbox-title=\"W-PA Use Case\" data-e-action-hash=\"#elementor-action%3Aaction%3Dlightbox%26settings%3DeyJpZCI6ODA2ODA2OCwidXJsIjoiaHR0cHM6XC9cL3d3dy53aWxkaXguY29tXC93cC1jb250ZW50XC91cGxvYWRzXC8yMDI0XC8wMlwvdy1wYS1jYXNlLXN0dWR5LW1lZC53ZWJwIiwic2xpZGVzaG93IjoiNTU2NWY1MiJ9\">\n\t\t\t\t\t<div class=\"e-gallery-image elementor-gallery-item__image\" data-thumbnail=\"https:\/\/www.wildix.com\/wp-content\/uploads\/2024\/02\/w-pa-case-study-med.webp\" data-width=\"1200\" data-height=\"800\" aria-label=\"Discover how to use W-PA also in the smallest environments!\" role=\"img\" ><\/div>\n\t\t\t\t\t\t\t\t\t\t\t<div class=\"elementor-gallery-item__overlay\"><\/div>\n\t\t\t\t\t\t\t\t\t\t\t\t\t\t<\/a>\n\t\t\t\t\t<\/div>\n\t\t\t\t\t<\/div>\n\t\t\t\t<\/div>\n\t\t\t\t<\/div>\n\t\t\t\t\t<\/div>\n\t\t\t\t<\/div>\n\t\t\t\t<\/div>\n\t\t","protected":false},"excerpt":{"rendered":"<p>Nicht nur f\u00fcr Flugh\u00e4fen, Krankenh\u00e4user oder Superm\u00e4rkte geeignet: So setzten Sie das W\u2011PA auch in weniger weitl\u00e4ufigen Arbeitsbereichen ein Das Wildix Public Announcer-Ger\u00e4t wird meist genutzt, um Ank\u00fcndigungen und Mitteilungen in gro\u00dfen Geb\u00e4uden, wie Superm\u00e4rkten, Flugh\u00e4fen und Krankenh\u00e4usern durchzugeben.Wie das nachfolgende Anwendungsbeispiel zeigt, ist das W\u2011PA aber ein so vielseitiges Ger\u00e4t, dass es auch in [&hellip;]<\/p>\n","protected":false},"author":51,"featured_media":8068078,"parent":0,"menu_order":0,"comment_status":"closed","ping_status":"closed","template":"","meta":{"_acf_changed":false,"site-sidebar-layout":"no-sidebar","site-content-layout":"page-builder","ast-site-content-layout":"default","site-content-style":"default","site-sidebar-style":"default","ast-global-header-display":"","ast-banner-title-visibility":"","ast-main-header-display":"","ast-hfb-above-header-display":"","ast-hfb-below-header-display":"","ast-hfb-mobile-header-display":"","site-post-title":"disabled","ast-breadcrumbs-content":"","ast-featured-img":"disabled","footer-sml-layout":"","ast-disable-related-posts":"","theme-transparent-header-meta":"","adv-header-id-meta":"","stick-header-meta":"","header-above-stick-meta":"","header-main-stick-meta":"","header-below-stick-meta":"","astra-migrate-meta-layouts":"set","ast-page-background-enabled":"default","ast-page-background-meta":{"desktop":{"background-color":"var(--ast-global-color-4)","background-image":"","background-repeat":"repeat","background-position":"center center","background-size":"auto","background-attachment":"scroll","background-type":"","background-media":"","overlay-type":"","overlay-color":"","overlay-opacity":"","overlay-gradient":""},"tablet":{"background-color":"","background-image":"","background-repeat":"repeat","background-position":"center center","background-size":"auto","background-attachment":"scroll","background-type":"","background-media":"","overlay-type":"","overlay-color":"","overlay-opacity":"","overlay-gradient":""},"mobile":{"background-color":"","background-image":"","background-repeat":"repeat","background-position":"center center","background-size":"auto","background-attachment":"scroll","background-type":"","background-media":"","overlay-type":"","overlay-color":"","overlay-opacity":"","overlay-gradient":""}},"ast-content-background-meta":{"desktop":{"background-color":"var(--ast-global-color-5)","background-image":"","background-repeat":"repeat","background-position":"center center","background-size":"auto","background-attachment":"scroll","background-type":"","background-media":"","overlay-type":"","overlay-color":"","overlay-opacity":"","overlay-gradient":""},"tablet":{"background-color":"var(--ast-global-color-5)","background-image":"","background-repeat":"repeat","background-position":"center center","background-size":"auto","background-attachment":"scroll","background-type":"","background-media":"","overlay-type":"","overlay-color":"","overlay-opacity":"","overlay-gradient":""},"mobile":{"background-color":"var(--ast-global-color-5)","background-image":"","background-repeat":"repeat","background-position":"center center","background-size":"auto","background-attachment":"scroll","background-type":"","background-media":"","overlay-type":"","overlay-color":"","overlay-opacity":"","overlay-gradient":""}},"_jet_sm_ready_style":"","_jet_sm_style":"","_jet_sm_controls_values":"","_jet_sm_fonts_collection":"","_jet_sm_fonts_links":"","footnotes":""},"class_list":["post-8068015","page","type-page","status-publish","has-post-thumbnail","hentry"],"acf":[],"yoast_head":"<!-- This site is optimized with the Yoast SEO plugin v27.4 - https:\/\/yoast.com\/product\/yoast-seo-wordpress\/ -->\n<title>W-PA Use Case | Wildix<\/title>\n<meta name=\"description\" content=\"Das W-PA-Ger\u00e4t \u00f6ffnet das Rolltor der Garage, die Patienten der Zahnarztpraxis zur Verf\u00fcgung steht, und wurde zus\u00e4tzlich mit zwei Lautsprechern verbunden.\" \/>\n<meta name=\"robots\" content=\"index, follow, max-snippet:-1, max-image-preview:large, max-video-preview:-1\" \/>\n<meta property=\"og:locale\" content=\"de_DE\" \/>\n<meta property=\"og:type\" content=\"article\" \/>\n<meta property=\"og:title\" content=\"W-PA Use Case | Wildix\" \/>\n<meta property=\"og:description\" content=\"Das W-PA-Ger\u00e4t \u00f6ffnet das Rolltor der Garage, die Patienten der Zahnarztpraxis zur Verf\u00fcgung steht, und wurde zus\u00e4tzlich mit zwei Lautsprechern verbunden.\" \/>\n<meta property=\"og:url\" content=\"https:\/\/www.wildix.com\/de\/w-pa-use-case\/\" \/>\n<meta property=\"og:site_name\" content=\"Wildix\" \/>\n<meta property=\"article:publisher\" content=\"https:\/\/www.facebook.com\/groups\/wildixtechwizards\/?mibextid=6NoCDW\" \/>\n<meta property=\"article:modified_time\" content=\"2024-04-16T13:24:27+00:00\" \/>\n<meta property=\"og:image\" content=\"https:\/\/www.wildix.com\/wp-content\/uploads\/2024\/02\/w-pa-case-study.webp\" \/>\n\t<meta property=\"og:image:width\" content=\"1200\" \/>\n\t<meta property=\"og:image:height\" content=\"800\" \/>\n\t<meta property=\"og:image:type\" content=\"image\/webp\" \/>\n<meta name=\"twitter:card\" content=\"summary_large_image\" \/>\n<meta name=\"twitter:site\" content=\"@wildix_\" \/>\n<meta name=\"twitter:label1\" content=\"Gesch\u00e4tzte Lesezeit\" \/>\n\t<meta name=\"twitter:data1\" content=\"2\u00a0Minuten\" \/>\n<!-- \/ Yoast SEO plugin. -->","yoast_head_json":{"title":"W-PA Use Case | Wildix","description":"Das W-PA-Ger\u00e4t \u00f6ffnet das Rolltor der Garage, die Patienten der Zahnarztpraxis zur Verf\u00fcgung steht, und wurde zus\u00e4tzlich mit zwei Lautsprechern verbunden.","robots":{"index":"index","follow":"follow","max-snippet":"max-snippet:-1","max-image-preview":"max-image-preview:large","max-video-preview":"max-video-preview:-1"},"og_locale":"de_DE","og_type":"article","og_title":"W-PA Use Case | Wildix","og_description":"Das W-PA-Ger\u00e4t \u00f6ffnet das Rolltor der Garage, die Patienten der Zahnarztpraxis zur Verf\u00fcgung steht, und wurde zus\u00e4tzlich mit zwei Lautsprechern verbunden.","og_url":"https:\/\/www.wildix.com\/de\/w-pa-use-case\/","og_site_name":"Wildix","article_publisher":"https:\/\/www.facebook.com\/groups\/wildixtechwizards\/?mibextid=6NoCDW","article_modified_time":"2024-04-16T13:24:27+00:00","og_image":[{"width":1200,"height":800,"url":"https:\/\/www.wildix.com\/wp-content\/uploads\/2024\/02\/w-pa-case-study.webp","type":"image\/webp"}],"twitter_card":"summary_large_image","twitter_site":"@wildix_","twitter_misc":{"Gesch\u00e4tzte Lesezeit":"2\u00a0Minuten"},"schema":{"@context":"https:\/\/schema.org","@graph":[{"@type":"WebPage","@id":"https:\/\/www.wildix.com\/de\/w-pa-use-case\/","url":"https:\/\/www.wildix.com\/de\/w-pa-use-case\/","name":"W-PA Use Case | Wildix","isPartOf":{"@id":"https:\/\/www.wildix.com\/de\/#website"},"primaryImageOfPage":{"@id":"https:\/\/www.wildix.com\/de\/w-pa-use-case\/#primaryimage"},"image":{"@id":"https:\/\/www.wildix.com\/de\/w-pa-use-case\/#primaryimage"},"thumbnailUrl":"https:\/\/www.wildix.com\/wp-content\/uploads\/2024\/02\/w-pa-case-study.webp","datePublished":"2024-02-08T12:58:32+00:00","dateModified":"2024-04-16T13:24:27+00:00","description":"Das W-PA-Ger\u00e4t \u00f6ffnet das Rolltor der Garage, die Patienten der Zahnarztpraxis zur Verf\u00fcgung steht, und wurde zus\u00e4tzlich mit zwei Lautsprechern verbunden.","breadcrumb":{"@id":"https:\/\/www.wildix.com\/de\/w-pa-use-case\/#breadcrumb"},"inLanguage":"de","potentialAction":[{"@type":"ReadAction","target":["https:\/\/www.wildix.com\/de\/w-pa-use-case\/"]}]},{"@type":"ImageObject","inLanguage":"de","@id":"https:\/\/www.wildix.com\/de\/w-pa-use-case\/#primaryimage","url":"https:\/\/www.wildix.com\/wp-content\/uploads\/2024\/02\/w-pa-case-study.webp","contentUrl":"https:\/\/www.wildix.com\/wp-content\/uploads\/2024\/02\/w-pa-case-study.webp","width":1200,"height":800,"caption":"Discover how to use W-PA also in the smallest environments!"},{"@type":"BreadcrumbList","@id":"https:\/\/www.wildix.com\/de\/w-pa-use-case\/#breadcrumb","itemListElement":[{"@type":"ListItem","position":1,"name":"Home","item":"https:\/\/www.wildix.com\/de\/"},{"@type":"ListItem","position":2,"name":"W-PA USE CASE"}]},{"@type":"WebSite","@id":"https:\/\/www.wildix.com\/de\/#website","url":"https:\/\/www.wildix.com\/de\/","name":"Wildix","description":"","publisher":{"@id":"https:\/\/www.wildix.com\/de\/#organization"},"potentialAction":[{"@type":"SearchAction","target":{"@type":"EntryPoint","urlTemplate":"https:\/\/www.wildix.com\/de\/?s={search_term_string}"},"query-input":{"@type":"PropertyValueSpecification","valueRequired":true,"valueName":"search_term_string"}}],"inLanguage":"de"},{"@type":"Organization","@id":"https:\/\/www.wildix.com\/de\/#organization","name":"Wildix","url":"https:\/\/www.wildix.com\/de\/","logo":{"@type":"ImageObject","inLanguage":"de","@id":"https:\/\/www.wildix.com\/de\/#\/schema\/logo\/image\/","url":"https:\/\/www.wildix.com\/wp-content\/uploads\/2021\/09\/logo-1.svg","contentUrl":"https:\/\/www.wildix.com\/wp-content\/uploads\/2021\/09\/logo-1.svg","caption":"Wildix"},"image":{"@id":"https:\/\/www.wildix.com\/de\/#\/schema\/logo\/image\/"},"sameAs":["https:\/\/www.facebook.com\/groups\/wildixtechwizards\/?mibextid=6NoCDW","https:\/\/x.com\/wildix_"]}]}},"clean_content":"Nicht nur f\u00fcr Flugh\u00e4fen, Krankenh\u00e4user oder Superm\u00e4rkte geeignet: So setzten Sie das W\u2011PA auch in weniger weitl\u00e4ufigen Arbeitsbereichen ein Das Wildix Public Announcer-Ger\u00e4t wird meist genutzt, um Ank\u00fcndigungen und Mitteilungen in gro\u00dfen Geb\u00e4uden, wie Superm\u00e4rkten, Flugh\u00e4fen und Krankenh\u00e4usern durchzugeben. Wie das nachfolgende Anwendungsbeispiel zeigt, ist das W\u2011PA aber ein so vielseitiges Ger\u00e4t, dass es auch in kleineren Umfeldern n\u00fctzlich sein kann. Der Wildix-Partner Enecom installierte ein W\u2011PA in der Garage der Zahnarztpraxis Gabriella Grassi. Die renommierte Praxis mit mehr als 500 Quadratmetern Fl\u00e4che befindet sich in einem Mehrparteienhaus in der Altstadt von Potenza, wo nur wenige Parkpl\u00e4tze zur Verf\u00fcgung stehen. Enecom konzentrierte sich bei der Entwicklung des Systems darauf, eine m\u00f6glichst effiziente Kommunikation mit den Patienten zu erm\u00f6glichen Daf\u00fcr wurden elegante Vision-Videotelefone an der Rezeption und in den B\u00fcros sowie ein schnurloses W\u2011AIR installiert, damit Zahn\u00e4rzte und Zahnarzthelfer in der Praxis sich mobil bewegen k\u00f6nnen. Am Eingang wurde eine weitere Videosprechanlage installiert. F\u00fcr Patienten, die mit dem Auto anreisen, arbeitete Enecom ein ausgekl\u00fcgeltes System aus: Das W\u2011PA-Ger\u00e4t \u00f6ffnet das Rolltor der Garage, die Patienten der Zahnarztpraxis zur Verf\u00fcgung steht, und wurde zus\u00e4tzlich mit zwei Lautsprechern verbunden. Diese L\u00f6sung erm\u00f6glicht es der Praxis, die Patienten \u00fcber die Videosprechanlage zu sehen, das Rolltor der Garage \u00fcber das W\u2011PA zu \u00f6ffnen und Sprachnachrichten zu senden. So kann zum Beispiel beschrieben werden, wie die Praxis von der Garage aus erreicht werden kann oder wo das Auto geparkt werden sollte, um die Durchfahrt freizuhalten. Der Wildix-Partner Enecom verbesserte so die Kommunikation in der Zahnarztpraxis, da \u00fcber das W\u2011PA-Ger\u00e4t sowohl das Rolltor der Tiefgarage bedient als auch mit den Patienten, die gerade ankommen, kommuniziert werden kann. So ist ein 360\u00b0\u2013Service garantiert.","_links":{"self":[{"href":"https:\/\/www.wildix.com\/de\/wp-json\/wp\/v2\/pages\/8068015","targetHints":{"allow":["GET"]}}],"collection":[{"href":"https:\/\/www.wildix.com\/de\/wp-json\/wp\/v2\/pages"}],"about":[{"href":"https:\/\/www.wildix.com\/de\/wp-json\/wp\/v2\/types\/page"}],"author":[{"embeddable":true,"href":"https:\/\/www.wildix.com\/de\/wp-json\/wp\/v2\/users\/51"}],"replies":[{"embeddable":true,"href":"https:\/\/www.wildix.com\/de\/wp-json\/wp\/v2\/comments?post=8068015"}],"version-history":[{"count":5,"href":"https:\/\/www.wildix.com\/de\/wp-json\/wp\/v2\/pages\/8068015\/revisions"}],"predecessor-version":[{"id":8083158,"href":"https:\/\/www.wildix.com\/de\/wp-json\/wp\/v2\/pages\/8068015\/revisions\/8083158"}],"wp:featuredmedia":[{"embeddable":true,"href":"https:\/\/www.wildix.com\/de\/wp-json\/wp\/v2\/media\/8068078"}],"wp:attachment":[{"href":"https:\/\/www.wildix.com\/de\/wp-json\/wp\/v2\/media?parent=8068015"}],"curies":[{"name":"wp","href":"https:\/\/api.w.org\/{rel}","templated":true}]}}