{"id":8015001,"date":"2023-02-22T17:40:01","date_gmt":"2023-02-22T16:40:01","guid":{"rendered":"https:\/\/www.wildix.com\/welcome-aboard\/"},"modified":"2023-03-10T21:00:41","modified_gmt":"2023-03-10T20:00:41","slug":"willkommen-an-bord","status":"publish","type":"page","link":"https:\/\/www.wildix.com\/de\/willkommen-an-bord\/","title":{"rendered":"Ahoi, Ihr k\u00fcnftigen Crewmitglieder!"},"content":{"rendered":"\t\t<div data-elementor-type=\"wp-page\" data-elementor-id=\"8015001\" class=\"elementor elementor-8015001 elementor-8012325\" data-elementor-post-type=\"page\">\n\t\t\t\t<div class=\"elementor-element elementor-element-7b21dd7 e-flex e-con-boxed e-con e-parent\" data-id=\"7b21dd7\" data-element_type=\"container\" data-e-type=\"container\" data-settings=\"{&quot;background_background&quot;:&quot;classic&quot;,&quot;jet_parallax_layout_list&quot;:[],&quot;shape_divider_bottom&quot;:&quot;tilt&quot;}\">\n\t\t\t\t\t<div class=\"e-con-inner\">\n\t\t\t\t<div class=\"elementor-shape elementor-shape-bottom\" aria-hidden=\"true\" data-negative=\"false\">\n\t\t\t<svg xmlns=\"http:\/\/www.w3.org\/2000\/svg\" viewBox=\"0 0 1000 100\" preserveAspectRatio=\"none\">\n\t<path class=\"elementor-shape-fill\" d=\"M0,6V0h1000v100L0,6z\"\/>\n<\/svg>\t\t<\/div>\n\t\t<div class=\"elementor-element elementor-element-326579c e-con-full e-flex e-con e-child\" data-id=\"326579c\" data-element_type=\"container\" data-e-type=\"container\" data-settings=\"{&quot;jet_parallax_layout_list&quot;:[]}\">\n\t\t\t\t<div class=\"elementor-element elementor-element-8f2f2c5 elementor-widget elementor-widget-heading\" data-id=\"8f2f2c5\" data-element_type=\"widget\" data-e-type=\"widget\" data-widget_type=\"heading.default\">\n\t\t\t\t<div class=\"elementor-widget-container\">\n\t\t\t\t\t<h2 class=\"elementor-heading-title elementor-size-default\">Ahoi,<br \/> Ihr k\u00fcnftigen Crewmitglieder!<\/h2>\t\t\t\t<\/div>\n\t\t\t\t<\/div>\n\t\t\t\t<div class=\"elementor-element elementor-element-ef29ddf elementor-widget elementor-widget-text-editor\" data-id=\"ef29ddf\" data-element_type=\"widget\" data-e-type=\"widget\" data-widget_type=\"text-editor.default\">\n\t\t\t\t<div class=\"elementor-widget-container\">\n\t\t\t\t\t\t\t\t\tDas einst sichere Schiff Avaya ist dabei zu sinken. Lassen Sie sich nicht mit in die Tiefe ziehen. Sie m\u00fcssen Ihren Kunden neue Optionen aufzeigen, wenn Sie sie \u00fcber Wasser halten wollen. Setzen Sie auf Wildix als UCaaS Rettungsboot in Ihrem Portfolio und wir unterst\u00fctzen Sie dabei, Ihre Kunden in ruhigere Fahrwasser zu bringen. \n\t\t\t\t\t\t\t\t<\/div>\n\t\t\t\t<\/div>\n\t\t\t\t<div class=\"elementor-element elementor-element-3e5fa87 elementor-icon-list--layout-traditional elementor-list-item-link-full_width elementor-widget elementor-widget-icon-list\" data-id=\"3e5fa87\" data-element_type=\"widget\" data-e-type=\"widget\" data-widget_type=\"icon-list.default\">\n\t\t\t\t<div class=\"elementor-widget-container\">\n\t\t\t\t\t\t\t<ul class=\"elementor-icon-list-items\">\n\t\t\t\t\t\t\t<li class=\"elementor-icon-list-item\">\n\t\t\t\t\t\t\t\t\t\t\t<span class=\"elementor-icon-list-icon\">\n\t\t\t\t\t\t\t<svg aria-hidden=\"true\" class=\"e-font-icon-svg e-fas-angle-right\" viewBox=\"0 0 256 512\" xmlns=\"http:\/\/www.w3.org\/2000\/svg\"><path d=\"M224.3 273l-136 136c-9.4 9.4-24.6 9.4-33.9 0l-22.6-22.6c-9.4-9.4-9.4-24.6 0-33.9l96.4-96.4-96.4-96.4c-9.4-9.4-9.4-24.6 0-33.9L54.3 103c9.4-9.4 24.6-9.4 33.9 0l136 136c9.5 9.4 9.5 24.6.1 34z\"><\/path><\/svg>\t\t\t\t\t\t<\/span>\n\t\t\t\t\t\t\t\t\t\t<span class=\"elementor-icon-list-text\">Wir sind 100% Channel-orientiert \u2014 hier geht es nur um <strong>Sie<\/strong>!<\/span>\n\t\t\t\t\t\t\t\t\t<\/li>\n\t\t\t\t\t\t\t\t<li class=\"elementor-icon-list-item\">\n\t\t\t\t\t\t\t\t\t\t\t<span class=\"elementor-icon-list-icon\">\n\t\t\t\t\t\t\t<svg aria-hidden=\"true\" class=\"e-font-icon-svg e-fas-angle-right\" viewBox=\"0 0 256 512\" xmlns=\"http:\/\/www.w3.org\/2000\/svg\"><path d=\"M224.3 273l-136 136c-9.4 9.4-24.6 9.4-33.9 0l-22.6-22.6c-9.4-9.4-9.4-24.6 0-33.9l96.4-96.4-96.4-96.4c-9.4-9.4-9.4-24.6 0-33.9L54.3 103c9.4-9.4 24.6-9.4 33.9 0l136 136c9.5 9.4 9.5 24.6.1 34z\"><\/path><\/svg>\t\t\t\t\t\t<\/span>\n\t\t\t\t\t\t\t\t\t\t<span class=\"elementor-icon-list-text\">Wir geben <strong>Ihnen<\/strong> die Werkzeuge in die Hand, <strong>Ihre<\/strong> Kunden zu managen \u2014 dadurch gibt es keinen Interessenskonflikt<\/span>\n\t\t\t\t\t\t\t\t\t<\/li>\n\t\t\t\t\t\t\t\t<li class=\"elementor-icon-list-item\">\n\t\t\t\t\t\t\t\t\t\t\t<span class=\"elementor-icon-list-icon\">\n\t\t\t\t\t\t\t<svg aria-hidden=\"true\" class=\"e-font-icon-svg e-fas-angle-right\" viewBox=\"0 0 256 512\" xmlns=\"http:\/\/www.w3.org\/2000\/svg\"><path d=\"M224.3 273l-136 136c-9.4 9.4-24.6 9.4-33.9 0l-22.6-22.6c-9.4-9.4-9.4-24.6 0-33.9l96.4-96.4-96.4-96.4c-9.4-9.4-9.4-24.6 0-33.9L54.3 103c9.4-9.4 24.6-9.4 33.9 0l136 136c9.5 9.4 9.5 24.6.1 34z\"><\/path><\/svg>\t\t\t\t\t\t<\/span>\n\t\t\t\t\t\t\t\t\t\t<span class=\"elementor-icon-list-text\">Unsere flexible Enterprise-L\u00f6sung erm\u00f6glicht es Ihnen, Top-Qualit\u00e4t in Bezug auf Service und Resultate zu liefern<\/span>\n\t\t\t\t\t\t\t\t\t<\/li>\n\t\t\t\t\t\t\t\t<li class=\"elementor-icon-list-item\">\n\t\t\t\t\t\t\t\t\t\t\t<span class=\"elementor-icon-list-icon\">\n\t\t\t\t\t\t\t<svg aria-hidden=\"true\" class=\"e-font-icon-svg e-fas-angle-right\" viewBox=\"0 0 256 512\" xmlns=\"http:\/\/www.w3.org\/2000\/svg\"><path d=\"M224.3 273l-136 136c-9.4 9.4-24.6 9.4-33.9 0l-22.6-22.6c-9.4-9.4-9.4-24.6 0-33.9l96.4-96.4-96.4-96.4c-9.4-9.4-9.4-24.6 0-33.9L54.3 103c9.4-9.4 24.6-9.4 33.9 0l136 136c9.5 9.4 9.5 24.6.1 34z\"><\/path><\/svg>\t\t\t\t\t\t<\/span>\n\t\t\t\t\t\t\t\t\t\t<span class=\"elementor-icon-list-text\">Wir sind keine Neulinge und schon gar keine M\u00f6chtegerne \u2013 Wildix ist in den Quadranten von Gartner, Frost &amp; Sullivan und Forrester positioniert<\/span>\n\t\t\t\t\t\t\t\t\t<\/li>\n\t\t\t\t\t\t\t\t<li class=\"elementor-icon-list-item\">\n\t\t\t\t\t\t\t\t\t\t\t<span class=\"elementor-icon-list-icon\">\n\t\t\t\t\t\t\t<svg aria-hidden=\"true\" class=\"e-font-icon-svg e-fas-angle-right\" viewBox=\"0 0 256 512\" xmlns=\"http:\/\/www.w3.org\/2000\/svg\"><path d=\"M224.3 273l-136 136c-9.4 9.4-24.6 9.4-33.9 0l-22.6-22.6c-9.4-9.4-9.4-24.6 0-33.9l96.4-96.4-96.4-96.4c-9.4-9.4-9.4-24.6 0-33.9L54.3 103c9.4-9.4 24.6-9.4 33.9 0l136 136c9.5 9.4 9.5 24.6.1 34z\"><\/path><\/svg>\t\t\t\t\t\t<\/span>\n\t\t\t\t\t\t\t\t\t\t<span class=\"elementor-icon-list-text\">Wir sind ein zuverl\u00e4ssiges, privat gef\u00fchrtes Unternehmen<\/span>\n\t\t\t\t\t\t\t\t\t<\/li>\n\t\t\t\t\t\t<\/ul>\n\t\t\t\t\t\t<\/div>\n\t\t\t\t<\/div>\n\t\t\t\t<\/div>\n\t\t<div class=\"elementor-element elementor-element-62aa06b e-con-full e-flex e-con e-child\" data-id=\"62aa06b\" data-element_type=\"container\" data-e-type=\"container\" data-settings=\"{&quot;jet_parallax_layout_list&quot;:[],&quot;background_background&quot;:&quot;classic&quot;}\">\n\t\t\t\t<div class=\"elementor-element elementor-element-35c039f elementor-widget elementor-widget-heading\" data-id=\"35c039f\" data-element_type=\"widget\" data-e-type=\"widget\" data-widget_type=\"heading.default\">\n\t\t\t\t<div class=\"elementor-widget-container\">\n\t\t\t\t\t<h2 class=\"elementor-heading-title elementor-size-default\">F\u00fcllen Sie das Formular aus<\/h2>\t\t\t\t<\/div>\n\t\t\t\t<\/div>\n\t\t\t\t<div class=\"elementor-element elementor-element-9bbe101 elementor-widget elementor-widget-text-editor\" data-id=\"9bbe101\" data-element_type=\"widget\" data-e-type=\"widget\" data-widget_type=\"text-editor.default\">\n\t\t\t\t<div class=\"elementor-widget-container\">\n\t\t\t\t\t\t\t\t\tum eine Nachricht von unserer Crew zu erhalten. Keine Sorge, es wird keine Flaschenpost sein.\n\n\t\t\t\t\t\t\t\t<\/div>\n\t\t\t\t<\/div>\n\t\t\t\t<div class=\"elementor-element elementor-element-fae4e38 elementor-widget elementor-widget-html\" data-id=\"fae4e38\" data-element_type=\"widget\" data-e-type=\"widget\" data-widget_type=\"html.default\">\n\t\t\t\t<div class=\"elementor-widget-container\">\n\t\t\t\t\t<iframe src=\"https:\/\/go.wildix.com\/l\/920113\/2023-03-09\/2dfcmn\" width=\"100%\" height=\"500\" type=\"text\/html\" frameborder=\"0\" allowTransparency=\"true\" style=\"border: 0\"><\/iframe>\t\t\t\t<\/div>\n\t\t\t\t<\/div>\n\t\t\t\t<\/div>\n\t\t\t\t\t<\/div>\n\t\t\t\t<\/div>\n\t\t\t\t<section class=\"elementor-section elementor-top-section elementor-element elementor-element-bd27e5d elementor-section-boxed elementor-section-height-default elementor-section-height-default\" data-id=\"bd27e5d\" data-element_type=\"section\" data-e-type=\"section\" data-settings=\"{&quot;jet_parallax_layout_list&quot;:[{&quot;jet_parallax_layout_image&quot;:{&quot;url&quot;:&quot;&quot;,&quot;id&quot;:&quot;&quot;,&quot;size&quot;:&quot;&quot;},&quot;_id&quot;:&quot;f4a8e14&quot;,&quot;jet_parallax_layout_image_tablet&quot;:{&quot;url&quot;:&quot;&quot;,&quot;id&quot;:&quot;&quot;,&quot;size&quot;:&quot;&quot;},&quot;jet_parallax_layout_image_mobile&quot;:{&quot;url&quot;:&quot;&quot;,&quot;id&quot;:&quot;&quot;,&quot;size&quot;:&quot;&quot;},&quot;jet_parallax_layout_speed&quot;:{&quot;unit&quot;:&quot;%&quot;,&quot;size&quot;:50,&quot;sizes&quot;:[]},&quot;jet_parallax_layout_type&quot;:&quot;scroll&quot;,&quot;jet_parallax_layout_direction&quot;:null,&quot;jet_parallax_layout_fx_direction&quot;:null,&quot;jet_parallax_layout_z_index&quot;:&quot;&quot;,&quot;jet_parallax_layout_bg_x&quot;:50,&quot;jet_parallax_layout_bg_x_tablet&quot;:&quot;&quot;,&quot;jet_parallax_layout_bg_x_mobile&quot;:&quot;&quot;,&quot;jet_parallax_layout_bg_y&quot;:50,&quot;jet_parallax_layout_bg_y_tablet&quot;:&quot;&quot;,&quot;jet_parallax_layout_bg_y_mobile&quot;:&quot;&quot;,&quot;jet_parallax_layout_bg_size&quot;:&quot;auto&quot;,&quot;jet_parallax_layout_bg_size_tablet&quot;:&quot;&quot;,&quot;jet_parallax_layout_bg_size_mobile&quot;:&quot;&quot;,&quot;jet_parallax_layout_animation_prop&quot;:&quot;transform&quot;,&quot;jet_parallax_layout_on&quot;:[&quot;desktop&quot;,&quot;tablet&quot;]}],&quot;background_background&quot;:&quot;classic&quot;}\">\n\t\t\t\t\t\t<div class=\"elementor-container elementor-column-gap-default\">\n\t\t\t\t\t<div class=\"elementor-column elementor-col-25 elementor-top-column elementor-element elementor-element-9ef40a7\" data-id=\"9ef40a7\" data-element_type=\"column\" data-e-type=\"column\">\n\t\t\t<div class=\"elementor-widget-wrap elementor-element-populated\">\n\t\t\t\t\t\t<div class=\"elementor-element elementor-element-0bb304f elementor-view-default elementor-widget elementor-widget-icon\" data-id=\"0bb304f\" data-element_type=\"widget\" data-e-type=\"widget\" data-widget_type=\"icon.default\">\n\t\t\t\t<div class=\"elementor-widget-container\">\n\t\t\t\t\t\t\t<div class=\"elementor-icon-wrapper\">\n\t\t\t<div class=\"elementor-icon\">\n\t\t\t<svg xmlns=\"http:\/\/www.w3.org\/2000\/svg\" viewBox=\"0 0 204 55.49\"><g id=\"Livello_2\" data-name=\"Livello 2\"><g id=\"Livello_1-2\" data-name=\"Livello 1\"><g id=\"Livello_2-2\" data-name=\"Livello 2\"><g id=\"Livello_1-2-2\" data-name=\"Livello 1-2\"><g id=\"Raggruppa_186\" data-name=\"Raggruppa 186\"><path id=\"Tracciato_225\" data-name=\"Tracciato 225\" d=\"M60.77,0c-2.77-.7-5.12,12-7,24-2,12.6-3.77,25.21-6.29,23.85-7.27-3.92-9-46-17.66-44.09C22.93,5.33,25.7,46.7,21.18,47.55S6.9,11.18,4.63,9.35s-8.54,2.17-1.08,8.28c7.83,6.4,14.1,38.7,18.62,37.85s1.62-42.87,8.66-43.75c3.55-.45,6.15,10.67,8.72,21.79,2.52,10.93,5,21.86,8.35,21.8,4.52-.08,7.47-43.24,13-47.42C65.17,4.6,62.67.56,60.77,0\"><\/path><path id=\"Tracciato_226\" data-name=\"Tracciato 226\" d=\"M85.13,35.92h.09l7-24.3h4l7.24,24.3h.09l6.86-23.84h7.15L105.72,47.75h-5l-7-22.87h-.09L87.08,47.75h-5L70.94,12.08h7.14Z\"><\/path><rect id=\"Rettangolo_35\" data-name=\"Rettangolo 35\" x=\"119.54\" y=\"24.28\" width=\"6.49\" height=\"22.77\"><\/rect><rect id=\"Rettangolo_36\" data-name=\"Rettangolo 36\" x=\"130.95\" y=\"7.72\" width=\"6.49\" height=\"39.33\"><\/rect><path id=\"Tracciato_227\" data-name=\"Tracciato 227\" d=\"M157.12,7.72V26.37H157a6.93,6.93,0,0,0-2.73-2.09,8.53,8.53,0,0,0-3.48-.74,9.26,9.26,0,0,0-4.32,1,9.81,9.81,0,0,0-3.29,2.71,12.45,12.45,0,0,0-2.06,3.87,13.31,13.31,0,0,0-.72,4.43,14.53,14.53,0,0,0,.7,4.53,12.47,12.47,0,0,0,2.06,4,9.71,9.71,0,0,0,3.34,2.76,9.5,9.5,0,0,0,4.38,1,8.44,8.44,0,0,0,3.49-.76A6.71,6.71,0,0,0,157,44.93h.09V47h6.5V7.73ZM156.26,40a4.77,4.77,0,0,1-6.66,1.09A4.7,4.7,0,0,1,148.51,40a7.19,7.19,0,0,1,0-8.83,4.82,4.82,0,0,1,6.74-1h0a4.74,4.74,0,0,1,1,1,7.22,7.22,0,0,1,0,8.83\"><\/path><path id=\"Tracciato_228\" data-name=\"Tracciato 228\" d=\"M174.54,13.22a3.82,3.82,0,1,1-2.72-1.14,3.72,3.72,0,0,1,2.72,1.14\"><\/path><rect id=\"Rettangolo_37\" data-name=\"Rettangolo 37\" x=\"168.58\" y=\"24.28\" width=\"6.49\" height=\"22.77\"><\/rect><path id=\"Tracciato_229\" data-name=\"Tracciato 229\" d=\"M178.73,24.28h7.89l4.22,5.89,3.62-5.89h8l-8.07,10.39L204,47h-8l-5.84-7.93L184.9,47h-8.07l9.74-12.38Z\"><\/path><path id=\"Tracciato_230\" data-name=\"Tracciato 230\" d=\"M125.7,13.22a3.82,3.82,0,1,1-2.7-1.14,3.72,3.72,0,0,1,2.72,1.14\"><\/path><\/g><\/g><\/g><\/g><\/g><\/svg>\t\t\t<\/div>\n\t\t<\/div>\n\t\t\t\t\t\t<\/div>\n\t\t\t\t<\/div>\n\t\t\t\t\t<\/div>\n\t\t<\/div>\n\t\t\t\t<div class=\"elementor-column elementor-col-25 elementor-top-column elementor-element elementor-element-9b8fe9c\" data-id=\"9b8fe9c\" data-element_type=\"column\" data-e-type=\"column\">\n\t\t\t<div class=\"elementor-widget-wrap\">\n\t\t\t\t\t\t\t<\/div>\n\t\t<\/div>\n\t\t\t\t<div class=\"elementor-column elementor-col-25 elementor-top-column elementor-element elementor-element-84bd6a2\" data-id=\"84bd6a2\" data-element_type=\"column\" data-e-type=\"column\">\n\t\t\t<div class=\"elementor-widget-wrap elementor-element-populated\">\n\t\t\t\t\t\t<div class=\"elementor-element elementor-element-60ebeef elementor-widget elementor-widget-heading\" data-id=\"60ebeef\" data-element_type=\"widget\" data-e-type=\"widget\" data-widget_type=\"heading.default\">\n\t\t\t\t<div class=\"elementor-widget-container\">\n\t\t\t\t\t<h5 class=\"elementor-heading-title elementor-size-default\">Wildix (Switzerland) AG<\/h5>\t\t\t\t<\/div>\n\t\t\t\t<\/div>\n\t\t\t\t<div class=\"elementor-element elementor-element-07331fc elementor-widget elementor-widget-text-editor\" data-id=\"07331fc\" data-element_type=\"widget\" data-e-type=\"widget\" data-widget_type=\"text-editor.default\">\n\t\t\t\t<div class=\"elementor-widget-container\">\n\t\t\t\t\t\t\t\t\t<p>Renggerstrasse 60<br \/>8038 Z\u00fcrich, Schweiz<br \/>USt-ID CHE-399.330.583<\/p>\t\t\t\t\t\t\t\t<\/div>\n\t\t\t\t<\/div>\n\t\t\t\t<div class=\"elementor-element elementor-element-af3c5f9 elementor-widget elementor-widget-text-editor\" data-id=\"af3c5f9\" data-element_type=\"widget\" data-e-type=\"widget\" data-widget_type=\"text-editor.default\">\n\t\t\t\t<div class=\"elementor-widget-container\">\n\t\t\t\t\t\t\t\t\t+41 44 508 75 73 \u2013 <br\/>\nNiederlassung Schweiz\t\t\t\t\t\t\t\t<\/div>\n\t\t\t\t<\/div>\n\t\t\t\t\t<\/div>\n\t\t<\/div>\n\t\t\t\t<div class=\"elementor-column elementor-col-25 elementor-top-column elementor-element elementor-element-375b753\" data-id=\"375b753\" data-element_type=\"column\" data-e-type=\"column\">\n\t\t\t<div class=\"elementor-widget-wrap elementor-element-populated\">\n\t\t\t\t\t\t<div class=\"elementor-element elementor-element-a3fb107 elementor-widget elementor-widget-heading\" data-id=\"a3fb107\" data-element_type=\"widget\" data-e-type=\"widget\" data-widget_type=\"heading.default\">\n\t\t\t\t<div class=\"elementor-widget-container\">\n\t\t\t\t\t<h5 class=\"elementor-heading-title elementor-size-default\">Wildix GmbH<\/h5>\t\t\t\t<\/div>\n\t\t\t\t<\/div>\n\t\t\t\t<div class=\"elementor-element elementor-element-f5a896c elementor-widget elementor-widget-text-editor\" data-id=\"f5a896c\" data-element_type=\"widget\" data-e-type=\"widget\" data-widget_type=\"text-editor.default\">\n\t\t\t\t<div class=\"elementor-widget-container\">\n\t\t\t\t\t\t\t\t\t<p>Planegger Str. 3<br \/>82110 Germering, Deutschland<br \/>HR-Nummer HRB 211246<br \/>USt-IdNr. DE294608616<\/p>\t\t\t\t\t\t\t\t<\/div>\n\t\t\t\t<\/div>\n\t\t\t\t<div class=\"elementor-element elementor-element-52bf180 elementor-widget elementor-widget-text-editor\" data-id=\"52bf180\" data-element_type=\"widget\" data-e-type=\"widget\" data-widget_type=\"text-editor.default\">\n\t\t\t\t<div class=\"elementor-widget-container\">\n\t\t\t\t\t\t\t\t\t<p>+49 89 2000 60 60 \u2013<br \/>Niederlassung Deutschland<\/p>\t\t\t\t\t\t\t\t<\/div>\n\t\t\t\t<\/div>\n\t\t\t\t\t<\/div>\n\t\t<\/div>\n\t\t\t\t\t<\/div>\n\t\t<\/section>\n\t\t\t\t<\/div>\n\t\t","protected":false},"excerpt":{"rendered":"<p>Ahoi, Ihr k\u00fcnftigen Crewmitglieder! Das einst sichere Schiff Avaya ist dabei zu sinken. Lassen Sie sich nicht mit in die Tiefe ziehen. Sie m\u00fcssen Ihren Kunden neue Optionen aufzeigen, wenn Sie sie \u00fcber Wasser halten wollen. Setzen Sie auf Wildix als UCaaS Rettungsboot in Ihrem Portfolio und wir unterst\u00fctzen Sie dabei, Ihre Kunden in ruhigere [&hellip;]<\/p>\n","protected":false},"author":51,"featured_media":0,"parent":0,"menu_order":0,"comment_status":"closed","ping_status":"closed","template":"elementor_canvas","meta":{"_acf_changed":false,"site-sidebar-layout":"no-sidebar","site-content-layout":"page-builder","ast-site-content-layout":"full-width-container","site-content-style":"unboxed","site-sidebar-style":"unboxed","ast-global-header-display":"","ast-banner-title-visibility":"","ast-main-header-display":"","ast-hfb-above-header-display":"","ast-hfb-below-header-display":"","ast-hfb-mobile-header-display":"","site-post-title":"disabled","ast-breadcrumbs-content":"","ast-featured-img":"disabled","footer-sml-layout":"","ast-disable-related-posts":"","theme-transparent-header-meta":"","adv-header-id-meta":"","stick-header-meta":"","header-above-stick-meta":"","header-main-stick-meta":"","header-below-stick-meta":"","astra-migrate-meta-layouts":"default","ast-page-background-enabled":"default","ast-page-background-meta":{"desktop":{"background-color":"var(--ast-global-color-4)","background-image":"","background-repeat":"repeat","background-position":"center center","background-size":"auto","background-attachment":"scroll","background-type":"","background-media":"","overlay-type":"","overlay-color":"","overlay-opacity":"","overlay-gradient":""},"tablet":{"background-color":"","background-image":"","background-repeat":"repeat","background-position":"center center","background-size":"auto","background-attachment":"scroll","background-type":"","background-media":"","overlay-type":"","overlay-color":"","overlay-opacity":"","overlay-gradient":""},"mobile":{"background-color":"","background-image":"","background-repeat":"repeat","background-position":"center center","background-size":"auto","background-attachment":"scroll","background-type":"","background-media":"","overlay-type":"","overlay-color":"","overlay-opacity":"","overlay-gradient":""}},"ast-content-background-meta":{"desktop":{"background-color":"var(--ast-global-color-5)","background-image":"","background-repeat":"repeat","background-position":"center center","background-size":"auto","background-attachment":"scroll","background-type":"","background-media":"","overlay-type":"","overlay-color":"","overlay-opacity":"","overlay-gradient":""},"tablet":{"background-color":"var(--ast-global-color-5)","background-image":"","background-repeat":"repeat","background-position":"center center","background-size":"auto","background-attachment":"scroll","background-type":"","background-media":"","overlay-type":"","overlay-color":"","overlay-opacity":"","overlay-gradient":""},"mobile":{"background-color":"var(--ast-global-color-5)","background-image":"","background-repeat":"repeat","background-position":"center center","background-size":"auto","background-attachment":"scroll","background-type":"","background-media":"","overlay-type":"","overlay-color":"","overlay-opacity":"","overlay-gradient":""}},"_jet_sm_ready_style":"","_jet_sm_style":"","_jet_sm_controls_values":"","_jet_sm_fonts_collection":"","_jet_sm_fonts_links":"","footnotes":""},"class_list":["post-8015001","page","type-page","status-publish","hentry"],"acf":[],"yoast_head":"<!-- This site is optimized with the Yoast SEO plugin v27.4 - https:\/\/yoast.com\/product\/yoast-seo-wordpress\/ -->\n<title>Es ist an der Zeit, Avaya zu \u00fcberdenken | Wildix<\/title>\n<meta name=\"description\" content=\"Avaya scheint unterzugehen. Sind Sie der Held, auf den sich Ihre Kunden verlassen, um sie vor den Haien zu retten und die Kommunikation aufrecht zu erhalten?\" \/>\n<meta name=\"robots\" content=\"index, follow, max-snippet:-1, max-image-preview:large, max-video-preview:-1\" \/>\n<meta property=\"og:locale\" content=\"de_DE\" \/>\n<meta property=\"og:type\" content=\"article\" \/>\n<meta property=\"og:title\" content=\"Es ist an der Zeit, Avaya zu \u00fcberdenken | Wildix\" \/>\n<meta property=\"og:description\" content=\"Avaya scheint unterzugehen. Sind Sie der Held, auf den sich Ihre Kunden verlassen, um sie vor den Haien zu retten und die Kommunikation aufrecht zu erhalten?\" \/>\n<meta property=\"og:url\" content=\"https:\/\/www.wildix.com\/de\/willkommen-an-bord\/\" \/>\n<meta property=\"og:site_name\" content=\"Wildix\" \/>\n<meta property=\"article:publisher\" content=\"https:\/\/www.facebook.com\/groups\/wildixtechwizards\/?mibextid=6NoCDW\" \/>\n<meta property=\"article:modified_time\" content=\"2023-03-10T20:00:41+00:00\" \/>\n<meta name=\"twitter:card\" content=\"summary_large_image\" \/>\n<meta name=\"twitter:site\" content=\"@wildix_\" \/>\n<meta name=\"twitter:label1\" content=\"Gesch\u00e4tzte Lesezeit\" \/>\n\t<meta name=\"twitter:data1\" content=\"1\u00a0Minute\" \/>\n<!-- \/ Yoast SEO plugin. -->","yoast_head_json":{"title":"Es ist an der Zeit, Avaya zu \u00fcberdenken | Wildix","description":"Avaya scheint unterzugehen. Sind Sie der Held, auf den sich Ihre Kunden verlassen, um sie vor den Haien zu retten und die Kommunikation aufrecht zu erhalten?","robots":{"index":"index","follow":"follow","max-snippet":"max-snippet:-1","max-image-preview":"max-image-preview:large","max-video-preview":"max-video-preview:-1"},"og_locale":"de_DE","og_type":"article","og_title":"Es ist an der Zeit, Avaya zu \u00fcberdenken | Wildix","og_description":"Avaya scheint unterzugehen. Sind Sie der Held, auf den sich Ihre Kunden verlassen, um sie vor den Haien zu retten und die Kommunikation aufrecht zu erhalten?","og_url":"https:\/\/www.wildix.com\/de\/willkommen-an-bord\/","og_site_name":"Wildix","article_publisher":"https:\/\/www.facebook.com\/groups\/wildixtechwizards\/?mibextid=6NoCDW","article_modified_time":"2023-03-10T20:00:41+00:00","twitter_card":"summary_large_image","twitter_site":"@wildix_","twitter_misc":{"Gesch\u00e4tzte Lesezeit":"1\u00a0Minute"},"schema":{"@context":"https:\/\/schema.org","@graph":[{"@type":"WebPage","@id":"https:\/\/www.wildix.com\/de\/willkommen-an-bord\/","url":"https:\/\/www.wildix.com\/de\/willkommen-an-bord\/","name":"Es ist an der Zeit, Avaya zu \u00fcberdenken | Wildix","isPartOf":{"@id":"https:\/\/www.wildix.com\/de\/#website"},"datePublished":"2023-02-22T16:40:01+00:00","dateModified":"2023-03-10T20:00:41+00:00","description":"Avaya scheint unterzugehen. Sind Sie der Held, auf den sich Ihre Kunden verlassen, um sie vor den Haien zu retten und die Kommunikation aufrecht zu erhalten?","breadcrumb":{"@id":"https:\/\/www.wildix.com\/de\/willkommen-an-bord\/#breadcrumb"},"inLanguage":"de","potentialAction":[{"@type":"ReadAction","target":["https:\/\/www.wildix.com\/de\/willkommen-an-bord\/"]}]},{"@type":"BreadcrumbList","@id":"https:\/\/www.wildix.com\/de\/willkommen-an-bord\/#breadcrumb","itemListElement":[{"@type":"ListItem","position":1,"name":"Home","item":"https:\/\/www.wildix.com\/de\/"},{"@type":"ListItem","position":2,"name":"Ahoi, Ihr k\u00fcnftigen Crewmitglieder!"}]},{"@type":"WebSite","@id":"https:\/\/www.wildix.com\/de\/#website","url":"https:\/\/www.wildix.com\/de\/","name":"Wildix","description":"","publisher":{"@id":"https:\/\/www.wildix.com\/de\/#organization"},"potentialAction":[{"@type":"SearchAction","target":{"@type":"EntryPoint","urlTemplate":"https:\/\/www.wildix.com\/de\/?s={search_term_string}"},"query-input":{"@type":"PropertyValueSpecification","valueRequired":true,"valueName":"search_term_string"}}],"inLanguage":"de"},{"@type":"Organization","@id":"https:\/\/www.wildix.com\/de\/#organization","name":"Wildix","url":"https:\/\/www.wildix.com\/de\/","logo":{"@type":"ImageObject","inLanguage":"de","@id":"https:\/\/www.wildix.com\/de\/#\/schema\/logo\/image\/","url":"https:\/\/www.wildix.com\/wp-content\/uploads\/2021\/09\/logo-1.svg","contentUrl":"https:\/\/www.wildix.com\/wp-content\/uploads\/2021\/09\/logo-1.svg","caption":"Wildix"},"image":{"@id":"https:\/\/www.wildix.com\/de\/#\/schema\/logo\/image\/"},"sameAs":["https:\/\/www.facebook.com\/groups\/wildixtechwizards\/?mibextid=6NoCDW","https:\/\/x.com\/wildix_"]}]}},"clean_content":"Ahoi, Ihr k\u00fcnftigen Crewmitglieder! Das einst sichere Schiff Avaya ist dabei zu sinken. Lassen Sie sich nicht mit in die Tiefe ziehen. Sie m\u00fcssen Ihren Kunden neue Optionen aufzeigen, wenn Sie sie \u00fcber Wasser halten wollen. Setzen Sie auf Wildix als UCaaS Rettungsboot in Ihrem Portfolio und wir unterst\u00fctzen Sie dabei, Ihre Kunden in ruhigere Fahrwasser zu bringen. Wir sind 100% Channel-orientiert \u2014 hier geht es nur um Sie! Wir geben Ihnen die Werkzeuge in die Hand, Ihre Kunden zu managen \u2014 dadurch gibt es keinen Interessenskonflikt Unsere flexible Enterprise-L\u00f6sung erm\u00f6glicht es Ihnen, Top-Qualit\u00e4t in Bezug auf Service und Resultate zu liefern Wir sind keine Neulinge und schon gar keine M\u00f6chtegerne \u2013 Wildix ist in den Quadranten von Gartner, Frost & Sullivan und Forrester positioniert Wir sind ein zuverl\u00e4ssiges, privat gef\u00fchrtes Unternehmen F\u00fcllen Sie das Formular aus um eine Nachricht von unserer Crew zu erhalten. Keine Sorge, es wird keine Flaschenpost sein. Wildix (Switzerland) AG Renggerstrasse 608038 Z\u00fcrich, SchweizUSt-ID CHE-399.330.583 +41 44 508 75 73 \u2013 Niederlassung Schweiz Wildix GmbH Planegger Str. 382110 Germering, DeutschlandHR-Nummer HRB 211246USt-IdNr. DE294608616 +49 89 2000 60 60 \u2013Niederlassung Deutschland","_links":{"self":[{"href":"https:\/\/www.wildix.com\/de\/wp-json\/wp\/v2\/pages\/8015001","targetHints":{"allow":["GET"]}}],"collection":[{"href":"https:\/\/www.wildix.com\/de\/wp-json\/wp\/v2\/pages"}],"about":[{"href":"https:\/\/www.wildix.com\/de\/wp-json\/wp\/v2\/types\/page"}],"author":[{"embeddable":true,"href":"https:\/\/www.wildix.com\/de\/wp-json\/wp\/v2\/users\/51"}],"replies":[{"embeddable":true,"href":"https:\/\/www.wildix.com\/de\/wp-json\/wp\/v2\/comments?post=8015001"}],"version-history":[{"count":0,"href":"https:\/\/www.wildix.com\/de\/wp-json\/wp\/v2\/pages\/8015001\/revisions"}],"wp:attachment":[{"href":"https:\/\/www.wildix.com\/de\/wp-json\/wp\/v2\/media?parent=8015001"}],"curies":[{"name":"wp","href":"https:\/\/api.w.org\/{rel}","templated":true}]}}