{"id":8001143,"date":"2023-01-02T17:06:04","date_gmt":"2023-01-02T16:06:04","guid":{"rendered":"https:\/\/www.wildix.com\/?page_id=8001143"},"modified":"2024-06-24T14:23:42","modified_gmt":"2024-06-24T12:23:42","slug":"impressum","status":"publish","type":"page","link":"https:\/\/www.wildix.com\/de\/impressum\/","title":{"rendered":"IMPRESSUM"},"content":{"rendered":"\t\t<div data-elementor-type=\"wp-page\" data-elementor-id=\"8001143\" class=\"elementor elementor-8001143\" data-elementor-post-type=\"page\">\n\t\t\t\t\t\t<section class=\"elementor-section elementor-top-section elementor-element elementor-element-b98d476 elementor-section-boxed elementor-section-height-default elementor-section-height-default\" data-id=\"b98d476\" data-element_type=\"section\" data-e-type=\"section\" data-settings=\"{&quot;jet_parallax_layout_list&quot;:[],&quot;background_background&quot;:&quot;classic&quot;}\">\n\t\t\t\t\t\t<div class=\"elementor-container elementor-column-gap-default\">\n\t\t\t\t\t<div class=\"elementor-column elementor-col-100 elementor-top-column elementor-element elementor-element-d70344c\" data-id=\"d70344c\" data-element_type=\"column\" data-e-type=\"column\">\n\t\t\t<div class=\"elementor-widget-wrap elementor-element-populated\">\n\t\t\t\t\t\t<div class=\"elementor-element elementor-element-70b90cd elementor-widget elementor-widget-heading\" data-id=\"70b90cd\" data-element_type=\"widget\" data-e-type=\"widget\" data-widget_type=\"heading.default\">\n\t\t\t\t<div class=\"elementor-widget-container\">\n\t\t\t\t\t<h2 class=\"elementor-heading-title elementor-size-default\">IMPRESSUM\n<\/h2>\t\t\t\t<\/div>\n\t\t\t\t<\/div>\n\t\t\t\t\t<\/div>\n\t\t<\/div>\n\t\t\t\t\t<\/div>\n\t\t<\/section>\n\t\t\t\t<section class=\"elementor-section elementor-top-section elementor-element elementor-element-4e53cc9 elementor-section-boxed elementor-section-height-default elementor-section-height-default\" data-id=\"4e53cc9\" data-element_type=\"section\" data-e-type=\"section\" data-settings=\"{&quot;jet_parallax_layout_list&quot;:[]}\">\n\t\t\t\t\t\t<div class=\"elementor-container elementor-column-gap-default\">\n\t\t\t\t\t<div class=\"elementor-column elementor-col-100 elementor-top-column elementor-element elementor-element-e0beb90\" data-id=\"e0beb90\" data-element_type=\"column\" data-e-type=\"column\">\n\t\t\t<div class=\"elementor-widget-wrap elementor-element-populated\">\n\t\t\t\t\t\t<div class=\"elementor-element elementor-element-c777aa7 elementor-widget elementor-widget-text-editor\" data-id=\"c777aa7\" data-element_type=\"widget\" data-e-type=\"widget\" data-widget_type=\"text-editor.default\">\n\t\t\t\t<div class=\"elementor-widget-container\">\n\t\t\t\t\t\t\t\t\t<p>Angaben gem\u00e4\u00df \u00a7 5 TMG:<\/p>\t\t\t\t\t\t\t\t<\/div>\n\t\t\t\t<\/div>\n\t\t\t\t<div class=\"elementor-element elementor-element-3cad577 elementor-widget-divider--view-line elementor-widget elementor-widget-divider\" data-id=\"3cad577\" data-element_type=\"widget\" data-e-type=\"widget\" data-widget_type=\"divider.default\">\n\t\t\t\t<div class=\"elementor-widget-container\">\n\t\t\t\t\t\t\t<div class=\"elementor-divider\">\n\t\t\t<span class=\"elementor-divider-separator\">\n\t\t\t\t\t\t<\/span>\n\t\t<\/div>\n\t\t\t\t\t\t<\/div>\n\t\t\t\t<\/div>\n\t\t\t\t<div class=\"elementor-element elementor-element-1430757 elementor-widget elementor-widget-text-editor\" data-id=\"1430757\" data-element_type=\"widget\" data-e-type=\"widget\" data-widget_type=\"text-editor.default\">\n\t\t\t\t<div class=\"elementor-widget-container\">\n\t\t\t\t\t\t\t\t\t<p><strong>Vertreten durch:<\/strong><br \/>Stefano Osler \u2013 Dimitri Osler, Gesch\u00e4ftsf\u00fchrung<\/p><p><strong>Kontakt:<\/strong><br \/>Telefon: +49 89 2000 60 60<br \/>Telefax: +49 89 2000 60 611<br \/>E-Mail:\u00a0<a href=\"mailto:info@wildix.de\">info@wildix.de<\/a><\/p>\t\t\t\t\t\t\t\t<\/div>\n\t\t\t\t<\/div>\n\t\t\t\t<div class=\"elementor-element elementor-element-9013611 elementor-hidden-desktop elementor-hidden-tablet elementor-hidden-mobile elementor-widget elementor-widget-text-editor\" data-id=\"9013611\" data-element_type=\"widget\" data-e-type=\"widget\" data-widget_type=\"text-editor.default\">\n\t\t\t\t<div class=\"elementor-widget-container\">\n\t\t\t\t\t\t\t\t\t<p><strong>Registergericht:<\/strong><br \/>Amtsgericht M\u00fcnchen<\/p><p><strong>Registernummer:<\/strong><br \/>HRB 211246<\/p><p><strong>Umsatzsteuer-Identifkationsnummer (gem\u00e4\u00df \u00a7 27a Umsatzsteuergesetz):<\/strong><br \/>DE294608616<\/p>\t\t\t\t\t\t\t\t<\/div>\n\t\t\t\t<\/div>\n\t\t\t\t<div class=\"elementor-element elementor-element-4e82aec elementor-widget elementor-widget-text-editor\" data-id=\"4e82aec\" data-element_type=\"widget\" data-e-type=\"widget\" data-widget_type=\"text-editor.default\">\n\t\t\t\t<div class=\"elementor-widget-container\">\n\t\t\t\t\t\t\t\t\t<strong>Wildix O\u00dc \u2013 Holding Company<\/strong>\nLaeva tn. 2,<\/br>\n10111, Tallinn, Estonia<\/br>\nVAT ID: EE 101984698\t\t\t\t\t\t\t\t<\/div>\n\t\t\t\t<\/div>\n\t\t\t\t<div class=\"elementor-element elementor-element-bb4a822 elementor-widget elementor-widget-text-editor\" data-id=\"bb4a822\" data-element_type=\"widget\" data-e-type=\"widget\" data-widget_type=\"text-editor.default\">\n\t\t\t\t<div class=\"elementor-widget-container\">\n\t\t\t\t\t\t\t\t\t<p><strong>Verantwortlich f\u00fcr den Inhalt nach \u00a7 55 Abs. 2 RStV:<\/strong><br \/>Stefano Osler \u2013 Dimitri Osler<\/p><p><strong>Bildnachweise:<\/strong><br \/>Alle Bilder auf diese Website sind Eigentum der Firma Wildix.<\/p>\t\t\t\t\t\t\t\t<\/div>\n\t\t\t\t<\/div>\n\t\t\t\t<div class=\"elementor-element elementor-element-2ac9193 elementor-widget-divider--view-line elementor-widget elementor-widget-divider\" data-id=\"2ac9193\" data-element_type=\"widget\" data-e-type=\"widget\" data-widget_type=\"divider.default\">\n\t\t\t\t<div class=\"elementor-widget-container\">\n\t\t\t\t\t\t\t<div class=\"elementor-divider\">\n\t\t\t<span class=\"elementor-divider-separator\">\n\t\t\t\t\t\t<\/span>\n\t\t<\/div>\n\t\t\t\t\t\t<\/div>\n\t\t\t\t<\/div>\n\t\t\t\t<div class=\"elementor-element elementor-element-de489d6 elementor-widget elementor-widget-heading\" data-id=\"de489d6\" data-element_type=\"widget\" data-e-type=\"widget\" data-widget_type=\"heading.default\">\n\t\t\t\t<div class=\"elementor-widget-container\">\n\t\t\t\t\t<h2 class=\"elementor-heading-title elementor-size-default\">URHEBERRECHT UND NUTZUNGSHINWEISE\n<\/h2>\t\t\t\t<\/div>\n\t\t\t\t<\/div>\n\t\t\t\t<div class=\"elementor-element elementor-element-8a11098 elementor-widget elementor-widget-text-editor\" data-id=\"8a11098\" data-element_type=\"widget\" data-e-type=\"widget\" data-widget_type=\"text-editor.default\">\n\t\t\t\t<div class=\"elementor-widget-container\">\n\t\t\t\t\t\t\t\t\t<div class=\"wpb_row vc_row vc_row-fluid jupiter-donut- mk-fullwidth-false attched-false js-master-row mk-grid mk-in-viewport\" data-mk-stretch-content=\"true\"><div class=\"vc_col-sm-12 wpb_column column_container  jupiter-donut- _ jupiter-donut-height-full\"><div class=\" vc_custom_1532506639766\"><div id=\"text-block-7\" class=\"mk-text-block  jupiter-donut- \"><p>S\u00e4mtliche Inhalte dieser Website, einschlie\u00dflich der verwendeten Texte, Bilder, Logos und grafischen Darstellungen sind urheberrechtlich gesch\u00fctzt.<\/p><p>Jede weitergehende Verwendung, Ver\u00f6ffentlichung, Vervielf\u00e4ltigung und gewerbliche Nutzung sowie die Weitergabe an Dritte ist ohne vorherige ausdr\u00fcckliche Zustimmung des Seitenbetreibers untersagt.<\/p><div class=\"clearboth\">\u00a0<\/div><\/div><\/div><\/div><\/div><div class=\"wpb_row vc_row vc_row-fluid jupiter-donut- mk-fullwidth-false attched-false js-master-row mk-grid mk-in-viewport\" data-mk-stretch-content=\"true\"><div class=\"vc_col-sm-12 wpb_column column_container  jupiter-donut- _ jupiter-donut-height-full\">\u00a0<\/div><\/div>\t\t\t\t\t\t\t\t<\/div>\n\t\t\t\t<\/div>\n\t\t\t\t\t<\/div>\n\t\t<\/div>\n\t\t\t\t\t<\/div>\n\t\t<\/section>\n\t\t\t\t<\/div>\n\t\t","protected":false},"excerpt":{"rendered":"<p>IMPRESSUM Angaben gem\u00e4\u00df \u00a7 5 TMG: Vertreten durch:Stefano Osler \u2013 Dimitri Osler, Gesch\u00e4ftsf\u00fchrung Kontakt:Telefon: +49 89 2000 60 60Telefax: +49 89 2000 60 611E-Mail:\u00a0info@wildix.de Registergericht:Amtsgericht M\u00fcnchen Registernummer:HRB 211246 Umsatzsteuer-Identifkationsnummer (gem\u00e4\u00df \u00a7 27a Umsatzsteuergesetz):DE294608616 Wildix O\u00dc \u2013 Holding Company Laeva tn. 2, 10111, Tallinn, Estonia VAT ID: EE 101984698 Verantwortlich f\u00fcr den Inhalt nach \u00a7 55 [&hellip;]<\/p>\n","protected":false},"author":51,"featured_media":0,"parent":0,"menu_order":0,"comment_status":"closed","ping_status":"closed","template":"","meta":{"_acf_changed":false,"site-sidebar-layout":"no-sidebar","site-content-layout":"page-builder","ast-site-content-layout":"default","site-content-style":"default","site-sidebar-style":"default","ast-global-header-display":"","ast-banner-title-visibility":"","ast-main-header-display":"","ast-hfb-above-header-display":"","ast-hfb-below-header-display":"","ast-hfb-mobile-header-display":"","site-post-title":"disabled","ast-breadcrumbs-content":"","ast-featured-img":"disabled","footer-sml-layout":"","ast-disable-related-posts":"","theme-transparent-header-meta":"","adv-header-id-meta":"","stick-header-meta":"","header-above-stick-meta":"","header-main-stick-meta":"","header-below-stick-meta":"","astra-migrate-meta-layouts":"default","ast-page-background-enabled":"default","ast-page-background-meta":{"desktop":{"background-color":"var(--ast-global-color-4)","background-image":"","background-repeat":"repeat","background-position":"center center","background-size":"auto","background-attachment":"scroll","background-type":"","background-media":"","overlay-type":"","overlay-color":"","overlay-opacity":"","overlay-gradient":""},"tablet":{"background-color":"","background-image":"","background-repeat":"repeat","background-position":"center center","background-size":"auto","background-attachment":"scroll","background-type":"","background-media":"","overlay-type":"","overlay-color":"","overlay-opacity":"","overlay-gradient":""},"mobile":{"background-color":"","background-image":"","background-repeat":"repeat","background-position":"center center","background-size":"auto","background-attachment":"scroll","background-type":"","background-media":"","overlay-type":"","overlay-color":"","overlay-opacity":"","overlay-gradient":""}},"ast-content-background-meta":{"desktop":{"background-color":"var(--ast-global-color-5)","background-image":"","background-repeat":"repeat","background-position":"center center","background-size":"auto","background-attachment":"scroll","background-type":"","background-media":"","overlay-type":"","overlay-color":"","overlay-opacity":"","overlay-gradient":""},"tablet":{"background-color":"var(--ast-global-color-5)","background-image":"","background-repeat":"repeat","background-position":"center center","background-size":"auto","background-attachment":"scroll","background-type":"","background-media":"","overlay-type":"","overlay-color":"","overlay-opacity":"","overlay-gradient":""},"mobile":{"background-color":"var(--ast-global-color-5)","background-image":"","background-repeat":"repeat","background-position":"center center","background-size":"auto","background-attachment":"scroll","background-type":"","background-media":"","overlay-type":"","overlay-color":"","overlay-opacity":"","overlay-gradient":""}},"_jet_sm_ready_style":"","_jet_sm_style":"","_jet_sm_controls_values":"","_jet_sm_fonts_collection":"","_jet_sm_fonts_links":"","footnotes":""},"class_list":["post-8001143","page","type-page","status-publish","hentry"],"acf":[],"yoast_head":"<!-- This site is optimized with the Yoast SEO plugin v27.4 - https:\/\/yoast.com\/product\/yoast-seo-wordpress\/ -->\n<title>IMPRESSUM | Wildix<\/title>\n<meta name=\"robots\" content=\"index, follow, max-snippet:-1, max-image-preview:large, max-video-preview:-1\" \/>\n<meta property=\"og:locale\" content=\"de_DE\" \/>\n<meta property=\"og:type\" content=\"article\" \/>\n<meta property=\"og:title\" content=\"IMPRESSUM | Wildix\" \/>\n<meta property=\"og:description\" content=\"IMPRESSUM Angaben gem\u00e4\u00df \u00a7 5 TMG: Vertreten durch:Stefano Osler \u2013 Dimitri Osler, Gesch\u00e4ftsf\u00fchrung Kontakt:Telefon: +49 89 2000 60 60Telefax: +49 89 2000 60 611E-Mail:\u00a0info@wildix.de Registergericht:Amtsgericht M\u00fcnchen Registernummer:HRB 211246 Umsatzsteuer-Identifkationsnummer (gem\u00e4\u00df \u00a7 27a Umsatzsteuergesetz):DE294608616 Wildix O\u00dc \u2013 Holding Company Laeva tn. 2, 10111, Tallinn, Estonia VAT ID: EE 101984698 Verantwortlich f\u00fcr den Inhalt nach \u00a7 55 [&hellip;]\" \/>\n<meta property=\"og:url\" content=\"https:\/\/www.wildix.com\/de\/impressum\/\" \/>\n<meta property=\"og:site_name\" content=\"Wildix\" \/>\n<meta property=\"article:publisher\" content=\"https:\/\/www.facebook.com\/groups\/wildixtechwizards\/?mibextid=6NoCDW\" \/>\n<meta property=\"article:modified_time\" content=\"2024-06-24T12:23:42+00:00\" \/>\n<meta name=\"twitter:card\" content=\"summary_large_image\" \/>\n<meta name=\"twitter:site\" content=\"@wildix_\" \/>\n<meta name=\"twitter:label1\" content=\"Gesch\u00e4tzte Lesezeit\" \/>\n\t<meta name=\"twitter:data1\" content=\"1\u00a0Minute\" \/>\n<!-- \/ Yoast SEO plugin. -->","yoast_head_json":{"title":"IMPRESSUM | Wildix","robots":{"index":"index","follow":"follow","max-snippet":"max-snippet:-1","max-image-preview":"max-image-preview:large","max-video-preview":"max-video-preview:-1"},"og_locale":"de_DE","og_type":"article","og_title":"IMPRESSUM | Wildix","og_description":"IMPRESSUM Angaben gem\u00e4\u00df \u00a7 5 TMG: Vertreten durch:Stefano Osler \u2013 Dimitri Osler, Gesch\u00e4ftsf\u00fchrung Kontakt:Telefon: +49 89 2000 60 60Telefax: +49 89 2000 60 611E-Mail:\u00a0info@wildix.de Registergericht:Amtsgericht M\u00fcnchen Registernummer:HRB 211246 Umsatzsteuer-Identifkationsnummer (gem\u00e4\u00df \u00a7 27a Umsatzsteuergesetz):DE294608616 Wildix O\u00dc \u2013 Holding Company Laeva tn. 2, 10111, Tallinn, Estonia VAT ID: EE 101984698 Verantwortlich f\u00fcr den Inhalt nach \u00a7 55 [&hellip;]","og_url":"https:\/\/www.wildix.com\/de\/impressum\/","og_site_name":"Wildix","article_publisher":"https:\/\/www.facebook.com\/groups\/wildixtechwizards\/?mibextid=6NoCDW","article_modified_time":"2024-06-24T12:23:42+00:00","twitter_card":"summary_large_image","twitter_site":"@wildix_","twitter_misc":{"Gesch\u00e4tzte Lesezeit":"1\u00a0Minute"},"schema":{"@context":"https:\/\/schema.org","@graph":[{"@type":"WebPage","@id":"https:\/\/www.wildix.com\/de\/impressum\/","url":"https:\/\/www.wildix.com\/de\/impressum\/","name":"IMPRESSUM | Wildix","isPartOf":{"@id":"https:\/\/www.wildix.com\/de\/#website"},"datePublished":"2023-01-02T16:06:04+00:00","dateModified":"2024-06-24T12:23:42+00:00","breadcrumb":{"@id":"https:\/\/www.wildix.com\/de\/impressum\/#breadcrumb"},"inLanguage":"de","potentialAction":[{"@type":"ReadAction","target":["https:\/\/www.wildix.com\/de\/impressum\/"]}]},{"@type":"BreadcrumbList","@id":"https:\/\/www.wildix.com\/de\/impressum\/#breadcrumb","itemListElement":[{"@type":"ListItem","position":1,"name":"Home","item":"https:\/\/www.wildix.com\/de\/"},{"@type":"ListItem","position":2,"name":"IMPRESSUM"}]},{"@type":"WebSite","@id":"https:\/\/www.wildix.com\/de\/#website","url":"https:\/\/www.wildix.com\/de\/","name":"Wildix","description":"","publisher":{"@id":"https:\/\/www.wildix.com\/de\/#organization"},"potentialAction":[{"@type":"SearchAction","target":{"@type":"EntryPoint","urlTemplate":"https:\/\/www.wildix.com\/de\/?s={search_term_string}"},"query-input":{"@type":"PropertyValueSpecification","valueRequired":true,"valueName":"search_term_string"}}],"inLanguage":"de"},{"@type":"Organization","@id":"https:\/\/www.wildix.com\/de\/#organization","name":"Wildix","url":"https:\/\/www.wildix.com\/de\/","logo":{"@type":"ImageObject","inLanguage":"de","@id":"https:\/\/www.wildix.com\/de\/#\/schema\/logo\/image\/","url":"https:\/\/www.wildix.com\/wp-content\/uploads\/2021\/09\/logo-1.svg","contentUrl":"https:\/\/www.wildix.com\/wp-content\/uploads\/2021\/09\/logo-1.svg","caption":"Wildix"},"image":{"@id":"https:\/\/www.wildix.com\/de\/#\/schema\/logo\/image\/"},"sameAs":["https:\/\/www.facebook.com\/groups\/wildixtechwizards\/?mibextid=6NoCDW","https:\/\/x.com\/wildix_"]}]}},"clean_content":"IMPRESSUM Angaben gem\u00e4\u00df \u00a7 5 TMG: Vertreten durch:Stefano Osler \u2013 Dimitri Osler, Gesch\u00e4ftsf\u00fchrungKontakt:Telefon: +49 89 2000 60 60Telefax: +49 89 2000 60 611E-Mail:\u00a0info@wildix.de Registergericht:Amtsgericht M\u00fcnchenRegisternummer:HRB 211246Umsatzsteuer-Identifkationsnummer (gem\u00e4\u00df \u00a7 27a Umsatzsteuergesetz):DE294608616 Wildix O\u00dc \u2013 Holding Company Laeva tn. 2, 10111, Tallinn, Estonia VAT ID: EE 101984698 Verantwortlich f\u00fcr den Inhalt nach \u00a7 55 Abs. 2 RStV:Stefano Osler \u2013 Dimitri OslerBildnachweise:Alle Bilder auf diese Website sind Eigentum der Firma Wildix. URHEBERRECHT UND NUTZUNGSHINWEISE S\u00e4mtliche Inhalte dieser Website, einschlie\u00dflich der verwendeten Texte, Bilder, Logos und grafischen Darstellungen sind urheberrechtlich gesch\u00fctzt.Jede weitergehende Verwendung, Ver\u00f6ffentlichung, Vervielf\u00e4ltigung und gewerbliche Nutzung sowie die Weitergabe an Dritte ist ohne vorherige ausdr\u00fcckliche Zustimmung des Seitenbetreibers untersagt.\u00a0\u00a0","_links":{"self":[{"href":"https:\/\/www.wildix.com\/de\/wp-json\/wp\/v2\/pages\/8001143","targetHints":{"allow":["GET"]}}],"collection":[{"href":"https:\/\/www.wildix.com\/de\/wp-json\/wp\/v2\/pages"}],"about":[{"href":"https:\/\/www.wildix.com\/de\/wp-json\/wp\/v2\/types\/page"}],"author":[{"embeddable":true,"href":"https:\/\/www.wildix.com\/de\/wp-json\/wp\/v2\/users\/51"}],"replies":[{"embeddable":true,"href":"https:\/\/www.wildix.com\/de\/wp-json\/wp\/v2\/comments?post=8001143"}],"version-history":[{"count":5,"href":"https:\/\/www.wildix.com\/de\/wp-json\/wp\/v2\/pages\/8001143\/revisions"}],"predecessor-version":[{"id":8096447,"href":"https:\/\/www.wildix.com\/de\/wp-json\/wp\/v2\/pages\/8001143\/revisions\/8096447"}],"wp:attachment":[{"href":"https:\/\/www.wildix.com\/de\/wp-json\/wp\/v2\/media?parent=8001143"}],"curies":[{"name":"wp","href":"https:\/\/api.w.org\/{rel}","templated":true}]}}