{"id":7991201,"date":"2022-11-17T12:11:48","date_gmt":"2022-11-17T11:11:48","guid":{"rendered":"https:\/\/www.wildix.com\/?page_id=7991201"},"modified":"2025-07-29T19:35:39","modified_gmt":"2025-07-29T17:35:39","slug":"event-registration-thank-you-page","status":"publish","type":"page","link":"https:\/\/www.wildix.com\/de\/event-registration-thank-you-page\/","title":{"rendered":"TY &#8211; Event registration"},"content":{"rendered":"\t\t<div data-elementor-type=\"wp-page\" data-elementor-id=\"7991201\" class=\"elementor elementor-7991201\" data-elementor-post-type=\"page\">\n\t\t\t\t<div class=\"elementor-element elementor-element-6d74ff7 e-flex e-con-boxed e-con e-parent\" data-id=\"6d74ff7\" data-element_type=\"container\" data-e-type=\"container\" data-settings=\"{&quot;jet_parallax_layout_list&quot;:[],&quot;background_background&quot;:&quot;classic&quot;}\">\n\t\t\t\t\t<div class=\"e-con-inner\">\n\t\t<div class=\"elementor-element elementor-element-b472b19 e-con-full e-flex e-con e-child\" data-id=\"b472b19\" data-element_type=\"container\" data-e-type=\"container\" data-settings=\"{&quot;jet_parallax_layout_list&quot;:[]}\">\n\t\t<div class=\"elementor-element elementor-element-1c9c198 e-con-full e-flex e-con e-child\" data-id=\"1c9c198\" data-element_type=\"container\" data-e-type=\"container\" data-settings=\"{&quot;jet_parallax_layout_list&quot;:[]}\">\n\t\t\t\t<div class=\"elementor-element elementor-element-9206f10 elementor-widget elementor-widget-heading\" data-id=\"9206f10\" data-element_type=\"widget\" data-e-type=\"widget\" data-widget_type=\"heading.default\">\n\t\t\t\t<div class=\"elementor-widget-container\">\n\t\t\t\t\t<h2 class=\"elementor-heading-title elementor-size-default\">Vielen Dank f\u00fcr Ihre Anmeldung\n\n\n<\/h2>\t\t\t\t<\/div>\n\t\t\t\t<\/div>\n\t\t\t\t<div class=\"elementor-element elementor-element-7f1409c elementor-widget elementor-widget-text-editor\" data-id=\"7f1409c\" data-element_type=\"widget\" data-e-type=\"widget\" data-widget_type=\"text-editor.default\">\n\t\t\t\t<div class=\"elementor-widget-container\">\n\t\t\t\t\t\t\t\t\tWir kontaktieren Sie in K\u00fcrze, um Ihre Registrierung zu best\u00e4tigen\t\t\t\t\t\t\t\t<\/div>\n\t\t\t\t<\/div>\n\t\t\t\t<\/div>\n\t\t<div class=\"elementor-element elementor-element-0d67434 e-con-full e-flex e-con e-child\" data-id=\"0d67434\" data-element_type=\"container\" data-e-type=\"container\" data-settings=\"{&quot;jet_parallax_layout_list&quot;:[]}\">\n\t\t\t\t<div class=\"elementor-element elementor-element-fb2dcc2 elementor-widget elementor-widget-text-editor\" data-id=\"fb2dcc2\" data-element_type=\"widget\" data-e-type=\"widget\" data-widget_type=\"text-editor.default\">\n\t\t\t\t<div class=\"elementor-widget-container\">\n\t\t\t\t\t\t\t\t\t<span style=\"font-weight: 400;\">Werfen Sie in der Zwischenzeit gerne einen Blick auf unsere Website und entdecken Sie die vielf\u00e4ltigen Integrationsm\u00f6glichkeiten unserer L\u00f6sung. Auf dem Wildix Blog finden Sie eine Reihe von Artikeln zu spannenden Technologie-Themen. Diskutieren Sie diese live mit der Wildix Partner Community in unserer Facebook-Gruppe \u201eWildix Tech and Sales Wizards&#8221;.<\/span>\t\t\t\t\t\t\t\t<\/div>\n\t\t\t\t<\/div>\n\t\t\t\t<\/div>\n\t\t<div class=\"elementor-element elementor-element-40c7fb8 e-con-full e-flex e-con e-child\" data-id=\"40c7fb8\" data-element_type=\"container\" data-e-type=\"container\" data-settings=\"{&quot;jet_parallax_layout_list&quot;:[]}\">\n\t\t<div class=\"elementor-element elementor-element-b041283 e-con-full e-flex e-con e-child\" data-id=\"b041283\" data-element_type=\"container\" data-e-type=\"container\" data-settings=\"{&quot;jet_parallax_layout_list&quot;:[]}\">\n\t\t\t\t<div class=\"elementor-element elementor-element-3306807 elementor-align-center elementor-mobile-align-justify elementor-widget elementor-widget-button\" data-id=\"3306807\" data-element_type=\"widget\" data-e-type=\"widget\" data-widget_type=\"button.default\">\n\t\t\t\t<div class=\"elementor-widget-container\">\n\t\t\t\t\t\t\t\t\t<div class=\"elementor-button-wrapper\">\n\t\t\t\t\t<a class=\"elementor-button elementor-button-link elementor-size-lg elementor-animation-shrink\" href=\"https:\/\/www.facebook.com\/groups\/wildixtechwizards\">\n\t\t\t\t\t\t<span class=\"elementor-button-content-wrapper\">\n\t\t\t\t\t\t\t\t\t<span class=\"elementor-button-text\">Facebook Group Wildix Tech Wizards<\/span>\n\t\t\t\t\t<\/span>\n\t\t\t\t\t<\/a>\n\t\t\t\t<\/div>\n\t\t\t\t\t\t\t\t<\/div>\n\t\t\t\t<\/div>\n\t\t\t\t<\/div>\n\t\t<div class=\"elementor-element elementor-element-12b7792 e-con-full e-flex e-con e-child\" data-id=\"12b7792\" data-element_type=\"container\" data-e-type=\"container\" data-settings=\"{&quot;jet_parallax_layout_list&quot;:[]}\">\n\t\t\t\t<div class=\"elementor-element elementor-element-35a8ea2 elementor-align-center elementor-mobile-align-justify elementor-widget elementor-widget-button\" data-id=\"35a8ea2\" data-element_type=\"widget\" data-e-type=\"widget\" data-widget_type=\"button.default\">\n\t\t\t\t<div class=\"elementor-widget-container\">\n\t\t\t\t\t\t\t\t\t<div class=\"elementor-button-wrapper\">\n\t\t\t\t\t<a class=\"elementor-button elementor-button-link elementor-size-lg elementor-animation-shrink\" href=\"https:\/\/blog.wildix.com\/de\/?_gl=1*1pe8grn*_ga*MTkzNDU1NzIwNS4xNjYzMDc3OTIw*_ga_GC87MX254S*MTY2MzU4MjAzMi4yNC4xLjE2NjM1ODM0NDAuMC4wLjA.\">\n\t\t\t\t\t\t<span class=\"elementor-button-content-wrapper\">\n\t\t\t\t\t\t\t\t\t<span class=\"elementor-button-text\">Wildix Blog<\/span>\n\t\t\t\t\t<\/span>\n\t\t\t\t\t<\/a>\n\t\t\t\t<\/div>\n\t\t\t\t\t\t\t\t<\/div>\n\t\t\t\t<\/div>\n\t\t\t\t<\/div>\n\t\t\t\t<\/div>\n\t\t\t\t<\/div>\n\t\t\t\t\t<\/div>\n\t\t\t\t<\/div>\n\t\t\t\t<\/div>\n\t\t","protected":false},"excerpt":{"rendered":"<p>Vielen Dank f\u00fcr Ihre Anmeldung Wir kontaktieren Sie in K\u00fcrze, um Ihre Registrierung zu best\u00e4tigenWerfen Sie in der Zwischenzeit gerne einen Blick auf unsere Website und entdecken Sie die vielf\u00e4ltigen Integrationsm\u00f6glichkeiten unserer L\u00f6sung. Auf dem Wildix Blog finden Sie eine Reihe von Artikeln zu spannenden Technologie-Themen. Diskutieren Sie diese live mit der Wildix Partner Community [&hellip;]<\/p>\n","protected":false},"author":51,"featured_media":0,"parent":0,"menu_order":0,"comment_status":"closed","ping_status":"closed","template":"","meta":{"_acf_changed":false,"site-sidebar-layout":"no-sidebar","site-content-layout":"page-builder","ast-site-content-layout":"full-width-container","site-content-style":"unboxed","site-sidebar-style":"unboxed","ast-global-header-display":"","ast-banner-title-visibility":"","ast-main-header-display":"","ast-hfb-above-header-display":"","ast-hfb-below-header-display":"","ast-hfb-mobile-header-display":"","site-post-title":"disabled","ast-breadcrumbs-content":"","ast-featured-img":"disabled","footer-sml-layout":"","ast-disable-related-posts":"","theme-transparent-header-meta":"","adv-header-id-meta":"","stick-header-meta":"","header-above-stick-meta":"","header-main-stick-meta":"","header-below-stick-meta":"","astra-migrate-meta-layouts":"set","ast-page-background-enabled":"default","ast-page-background-meta":{"desktop":{"background-color":"var(--ast-global-color-4)","background-image":"","background-repeat":"repeat","background-position":"center center","background-size":"auto","background-attachment":"scroll","background-type":"","background-media":"","overlay-type":"","overlay-color":"","overlay-opacity":"","overlay-gradient":""},"tablet":{"background-color":"","background-image":"","background-repeat":"repeat","background-position":"center center","background-size":"auto","background-attachment":"scroll","background-type":"","background-media":"","overlay-type":"","overlay-color":"","overlay-opacity":"","overlay-gradient":""},"mobile":{"background-color":"","background-image":"","background-repeat":"repeat","background-position":"center center","background-size":"auto","background-attachment":"scroll","background-type":"","background-media":"","overlay-type":"","overlay-color":"","overlay-opacity":"","overlay-gradient":""}},"ast-content-background-meta":{"desktop":{"background-color":"var(--ast-global-color-5)","background-image":"","background-repeat":"repeat","background-position":"center center","background-size":"auto","background-attachment":"scroll","background-type":"","background-media":"","overlay-type":"","overlay-color":"","overlay-opacity":"","overlay-gradient":""},"tablet":{"background-color":"var(--ast-global-color-5)","background-image":"","background-repeat":"repeat","background-position":"center center","background-size":"auto","background-attachment":"scroll","background-type":"","background-media":"","overlay-type":"","overlay-color":"","overlay-opacity":"","overlay-gradient":""},"mobile":{"background-color":"var(--ast-global-color-5)","background-image":"","background-repeat":"repeat","background-position":"center center","background-size":"auto","background-attachment":"scroll","background-type":"","background-media":"","overlay-type":"","overlay-color":"","overlay-opacity":"","overlay-gradient":""}},"_jet_sm_ready_style":"","_jet_sm_style":"","_jet_sm_controls_values":"","_jet_sm_fonts_collection":"","_jet_sm_fonts_links":"","footnotes":""},"class_list":["post-7991201","page","type-page","status-publish","hentry"],"acf":[],"yoast_head":"<!-- This site is optimized with the Yoast SEO plugin v27.2 - https:\/\/yoast.com\/product\/yoast-seo-wordpress\/ -->\n<title>TY - Event registration | Wildix<\/title>\n<meta name=\"robots\" content=\"noindex, nofollow\" \/>\n<meta property=\"og:locale\" content=\"de_DE\" \/>\n<meta property=\"og:type\" content=\"article\" \/>\n<meta property=\"og:title\" content=\"TY - Event registration | Wildix\" \/>\n<meta property=\"og:description\" content=\"Vielen Dank f\u00fcr Ihre Anmeldung Wir kontaktieren Sie in K\u00fcrze, um Ihre Registrierung zu best\u00e4tigenWerfen Sie in der Zwischenzeit gerne einen Blick auf unsere Website und entdecken Sie die vielf\u00e4ltigen Integrationsm\u00f6glichkeiten unserer L\u00f6sung. Auf dem Wildix Blog finden Sie eine Reihe von Artikeln zu spannenden Technologie-Themen. Diskutieren Sie diese live mit der Wildix Partner Community [&hellip;]\" \/>\n<meta property=\"og:url\" content=\"https:\/\/www.wildix.com\/de\/event-registration-thank-you-page\/\" \/>\n<meta property=\"og:site_name\" content=\"Wildix\" \/>\n<meta property=\"article:publisher\" content=\"https:\/\/www.facebook.com\/groups\/wildixtechwizards\/?mibextid=6NoCDW\" \/>\n<meta property=\"article:modified_time\" content=\"2025-07-29T17:35:39+00:00\" \/>\n<meta name=\"twitter:card\" content=\"summary_large_image\" \/>\n<meta name=\"twitter:site\" content=\"@wildix_\" \/>\n<meta name=\"twitter:label1\" content=\"Gesch\u00e4tzte Lesezeit\" \/>\n\t<meta name=\"twitter:data1\" content=\"1\u00a0Minute\" \/>\n<!-- \/ Yoast SEO plugin. -->","yoast_head_json":{"title":"TY - Event registration | Wildix","robots":{"index":"noindex","follow":"nofollow"},"og_locale":"de_DE","og_type":"article","og_title":"TY - Event registration | Wildix","og_description":"Vielen Dank f\u00fcr Ihre Anmeldung Wir kontaktieren Sie in K\u00fcrze, um Ihre Registrierung zu best\u00e4tigenWerfen Sie in der Zwischenzeit gerne einen Blick auf unsere Website und entdecken Sie die vielf\u00e4ltigen Integrationsm\u00f6glichkeiten unserer L\u00f6sung. Auf dem Wildix Blog finden Sie eine Reihe von Artikeln zu spannenden Technologie-Themen. Diskutieren Sie diese live mit der Wildix Partner Community [&hellip;]","og_url":"https:\/\/www.wildix.com\/de\/event-registration-thank-you-page\/","og_site_name":"Wildix","article_publisher":"https:\/\/www.facebook.com\/groups\/wildixtechwizards\/?mibextid=6NoCDW","article_modified_time":"2025-07-29T17:35:39+00:00","twitter_card":"summary_large_image","twitter_site":"@wildix_","twitter_misc":{"Gesch\u00e4tzte Lesezeit":"1\u00a0Minute"},"schema":{"@context":"https:\/\/schema.org","@graph":[{"@type":"WebPage","@id":"https:\/\/www.wildix.com\/de\/event-registration-thank-you-page\/","url":"https:\/\/www.wildix.com\/de\/event-registration-thank-you-page\/","name":"TY - Event registration | Wildix","isPartOf":{"@id":"https:\/\/www.wildix.com\/de\/#website"},"datePublished":"2022-11-17T11:11:48+00:00","dateModified":"2025-07-29T17:35:39+00:00","breadcrumb":{"@id":"https:\/\/www.wildix.com\/de\/event-registration-thank-you-page\/#breadcrumb"},"inLanguage":"de","potentialAction":[{"@type":"ReadAction","target":["https:\/\/www.wildix.com\/de\/event-registration-thank-you-page\/"]}]},{"@type":"BreadcrumbList","@id":"https:\/\/www.wildix.com\/de\/event-registration-thank-you-page\/#breadcrumb","itemListElement":[{"@type":"ListItem","position":1,"name":"Home","item":"https:\/\/www.wildix.com\/de\/"},{"@type":"ListItem","position":2,"name":"TY &#8211; Event registration"}]},{"@type":"WebSite","@id":"https:\/\/www.wildix.com\/de\/#website","url":"https:\/\/www.wildix.com\/de\/","name":"Wildix","description":"","publisher":{"@id":"https:\/\/www.wildix.com\/de\/#organization"},"potentialAction":[{"@type":"SearchAction","target":{"@type":"EntryPoint","urlTemplate":"https:\/\/www.wildix.com\/de\/?s={search_term_string}"},"query-input":{"@type":"PropertyValueSpecification","valueRequired":true,"valueName":"search_term_string"}}],"inLanguage":"de"},{"@type":"Organization","@id":"https:\/\/www.wildix.com\/de\/#organization","name":"Wildix","url":"https:\/\/www.wildix.com\/de\/","logo":{"@type":"ImageObject","inLanguage":"de","@id":"https:\/\/www.wildix.com\/de\/#\/schema\/logo\/image\/","url":"https:\/\/www.wildix.com\/wp-content\/uploads\/2021\/09\/logo-1.svg","contentUrl":"https:\/\/www.wildix.com\/wp-content\/uploads\/2021\/09\/logo-1.svg","caption":"Wildix"},"image":{"@id":"https:\/\/www.wildix.com\/de\/#\/schema\/logo\/image\/"},"sameAs":["https:\/\/www.facebook.com\/groups\/wildixtechwizards\/?mibextid=6NoCDW","https:\/\/x.com\/wildix_"]}]}},"clean_content":"Vielen Dank f\u00fcr Ihre Anmeldung Wir kontaktieren Sie in K\u00fcrze, um Ihre Registrierung zu best\u00e4tigen Werfen Sie in der Zwischenzeit gerne einen Blick auf unsere Website und entdecken Sie die vielf\u00e4ltigen Integrationsm\u00f6glichkeiten unserer L\u00f6sung. Auf dem Wildix Blog finden Sie eine Reihe von Artikeln zu spannenden Technologie-Themen. Diskutieren Sie diese live mit der Wildix Partner Community in unserer Facebook-Gruppe \u201eWildix Tech and Sales Wizards\u201d. Facebook Group Wildix Tech Wizards Wildix Blog","_links":{"self":[{"href":"https:\/\/www.wildix.com\/de\/wp-json\/wp\/v2\/pages\/7991201","targetHints":{"allow":["GET"]}}],"collection":[{"href":"https:\/\/www.wildix.com\/de\/wp-json\/wp\/v2\/pages"}],"about":[{"href":"https:\/\/www.wildix.com\/de\/wp-json\/wp\/v2\/types\/page"}],"author":[{"embeddable":true,"href":"https:\/\/www.wildix.com\/de\/wp-json\/wp\/v2\/users\/51"}],"replies":[{"embeddable":true,"href":"https:\/\/www.wildix.com\/de\/wp-json\/wp\/v2\/comments?post=7991201"}],"version-history":[{"count":5,"href":"https:\/\/www.wildix.com\/de\/wp-json\/wp\/v2\/pages\/7991201\/revisions"}],"predecessor-version":[{"id":8151413,"href":"https:\/\/www.wildix.com\/de\/wp-json\/wp\/v2\/pages\/7991201\/revisions\/8151413"}],"wp:attachment":[{"href":"https:\/\/www.wildix.com\/de\/wp-json\/wp\/v2\/media?parent=7991201"}],"curies":[{"name":"wp","href":"https:\/\/api.w.org\/{rel}","templated":true}]}}