{"id":7910271,"date":"2022-05-05T11:24:59","date_gmt":"2022-05-05T09:24:59","guid":{"rendered":"https:\/\/www.wildix.com\/?page_id=7910271"},"modified":"2025-11-27T16:54:57","modified_gmt":"2025-11-27T15:54:57","slug":"webinar","status":"publish","type":"page","link":"https:\/\/www.wildix.com\/de\/webinar\/","title":{"rendered":"Wildix Webinare"},"content":{"rendered":"\t\t<div data-elementor-type=\"wp-page\" data-elementor-id=\"7910271\" class=\"elementor elementor-7910271 elementor-7910278\" data-elementor-post-type=\"page\">\n\t\t\t\t<div class=\"elementor-element elementor-element-d021a63 e-flex e-con-boxed e-con e-parent\" data-id=\"d021a63\" data-element_type=\"container\" data-e-type=\"container\" data-settings=\"{&quot;jet_parallax_layout_list&quot;:[{&quot;jet_parallax_layout_image&quot;:{&quot;url&quot;:&quot;&quot;,&quot;id&quot;:&quot;&quot;,&quot;size&quot;:&quot;&quot;},&quot;_id&quot;:&quot;8c11341&quot;,&quot;jet_parallax_layout_image_tablet&quot;:{&quot;url&quot;:&quot;&quot;,&quot;id&quot;:&quot;&quot;,&quot;size&quot;:&quot;&quot;},&quot;jet_parallax_layout_image_mobile&quot;:{&quot;url&quot;:&quot;&quot;,&quot;id&quot;:&quot;&quot;,&quot;size&quot;:&quot;&quot;},&quot;jet_parallax_layout_speed&quot;:{&quot;unit&quot;:&quot;%&quot;,&quot;size&quot;:50,&quot;sizes&quot;:[]},&quot;jet_parallax_layout_type&quot;:&quot;scroll&quot;,&quot;jet_parallax_layout_direction&quot;:null,&quot;jet_parallax_layout_fx_direction&quot;:null,&quot;jet_parallax_layout_z_index&quot;:&quot;&quot;,&quot;jet_parallax_layout_bg_x&quot;:50,&quot;jet_parallax_layout_bg_x_tablet&quot;:&quot;&quot;,&quot;jet_parallax_layout_bg_x_mobile&quot;:&quot;&quot;,&quot;jet_parallax_layout_bg_y&quot;:50,&quot;jet_parallax_layout_bg_y_tablet&quot;:&quot;&quot;,&quot;jet_parallax_layout_bg_y_mobile&quot;:&quot;&quot;,&quot;jet_parallax_layout_bg_size&quot;:&quot;auto&quot;,&quot;jet_parallax_layout_bg_size_tablet&quot;:&quot;&quot;,&quot;jet_parallax_layout_bg_size_mobile&quot;:&quot;&quot;,&quot;jet_parallax_layout_animation_prop&quot;:&quot;transform&quot;,&quot;jet_parallax_layout_on&quot;:[&quot;desktop&quot;,&quot;tablet&quot;]}],&quot;background_background&quot;:&quot;gradient&quot;,&quot;shape_divider_bottom&quot;:&quot;waves&quot;}\">\n\t\t\t\t\t<div class=\"e-con-inner\">\n\t\t\t\t<div class=\"elementor-shape elementor-shape-bottom\" aria-hidden=\"true\" data-negative=\"false\">\n\t\t\t<svg xmlns=\"http:\/\/www.w3.org\/2000\/svg\" viewBox=\"0 0 1000 100\" preserveAspectRatio=\"none\">\n\t<path class=\"elementor-shape-fill\" d=\"M421.9,6.5c22.6-2.5,51.5,0.4,75.5,5.3c23.6,4.9,70.9,23.5,100.5,35.7c75.8,32.2,133.7,44.5,192.6,49.7\n\tc23.6,2.1,48.7,3.5,103.4-2.5c54.7-6,106.2-25.6,106.2-25.6V0H0v30.3c0,0,72,32.6,158.4,30.5c39.2-0.7,92.8-6.7,134-22.4\n\tc21.2-8.1,52.2-18.2,79.7-24.2C399.3,7.9,411.6,7.5,421.9,6.5z\"\/>\n<\/svg>\t\t<\/div>\n\t\t<div class=\"elementor-element elementor-element-b10fff1 e-con-full e-flex e-con e-child\" data-id=\"b10fff1\" data-element_type=\"container\" data-e-type=\"container\" data-settings=\"{&quot;jet_parallax_layout_list&quot;:[]}\">\n\t\t\t\t<div class=\"elementor-element elementor-element-65f19d2 elementor-widget elementor-widget-heading\" data-id=\"65f19d2\" data-element_type=\"widget\" data-e-type=\"widget\" data-widget_type=\"heading.default\">\n\t\t\t\t<div class=\"elementor-widget-container\">\n\t\t\t\t\t<h3 class=\"elementor-heading-title elementor-size-default\">Wissen ist Macht!<\/h3>\t\t\t\t<\/div>\n\t\t\t\t<\/div>\n\t\t\t\t<\/div>\n\t\t\t\t\t<\/div>\n\t\t\t\t<\/div>\n\t\t\t\t<section class=\"elementor-section elementor-top-section elementor-element elementor-element-c23b827 elementor-section-boxed elementor-section-height-default elementor-section-height-default\" data-id=\"c23b827\" data-element_type=\"section\" data-e-type=\"section\" data-settings=\"{&quot;jet_parallax_layout_list&quot;:[{&quot;jet_parallax_layout_image&quot;:{&quot;url&quot;:&quot;&quot;,&quot;id&quot;:&quot;&quot;,&quot;size&quot;:&quot;&quot;},&quot;_id&quot;:&quot;45f3b7c&quot;,&quot;jet_parallax_layout_image_tablet&quot;:{&quot;url&quot;:&quot;&quot;,&quot;id&quot;:&quot;&quot;,&quot;size&quot;:&quot;&quot;},&quot;jet_parallax_layout_image_mobile&quot;:{&quot;url&quot;:&quot;&quot;,&quot;id&quot;:&quot;&quot;,&quot;size&quot;:&quot;&quot;},&quot;jet_parallax_layout_speed&quot;:{&quot;unit&quot;:&quot;%&quot;,&quot;size&quot;:50,&quot;sizes&quot;:[]},&quot;jet_parallax_layout_type&quot;:&quot;scroll&quot;,&quot;jet_parallax_layout_direction&quot;:null,&quot;jet_parallax_layout_fx_direction&quot;:null,&quot;jet_parallax_layout_z_index&quot;:&quot;&quot;,&quot;jet_parallax_layout_bg_x&quot;:50,&quot;jet_parallax_layout_bg_x_tablet&quot;:&quot;&quot;,&quot;jet_parallax_layout_bg_x_mobile&quot;:&quot;&quot;,&quot;jet_parallax_layout_bg_y&quot;:50,&quot;jet_parallax_layout_bg_y_tablet&quot;:&quot;&quot;,&quot;jet_parallax_layout_bg_y_mobile&quot;:&quot;&quot;,&quot;jet_parallax_layout_bg_size&quot;:&quot;auto&quot;,&quot;jet_parallax_layout_bg_size_tablet&quot;:&quot;&quot;,&quot;jet_parallax_layout_bg_size_mobile&quot;:&quot;&quot;,&quot;jet_parallax_layout_animation_prop&quot;:&quot;transform&quot;,&quot;jet_parallax_layout_on&quot;:[&quot;desktop&quot;,&quot;tablet&quot;]}]}\">\n\t\t\t\t\t\t<div class=\"elementor-container elementor-column-gap-default\">\n\t\t\t\t\t<div class=\"elementor-column elementor-col-50 elementor-top-column elementor-element elementor-element-c20aea3\" data-id=\"c20aea3\" data-element_type=\"column\" data-e-type=\"column\">\n\t\t\t<div class=\"elementor-widget-wrap elementor-element-populated\">\n\t\t\t\t\t\t<div class=\"elementor-element elementor-element-9c02aff elementor-widget elementor-widget-text-editor\" data-id=\"9c02aff\" data-element_type=\"widget\" data-e-type=\"widget\" data-widget_type=\"text-editor.default\">\n\t\t\t\t<div class=\"elementor-widget-container\">\n\t\t\t\t\t\t\t\t\t<p><strong>Wildix glaubt fest an einen nie endenden Lernprozess zur stetigen Weiterentwicklung.<\/strong><\/p><p>Hier finden Sie die komplette \u00dcbersicht aller Webinare, die Wildix zur Unterst\u00fctzung von Partnern in den Bereichen Tech, Vertrieb und Marketing durchgef\u00fchrt hat:<br \/><a href=\"https:\/\/training.wildix.com\/\" target=\"_blank\" rel=\"noopener noreferrer\">Wildix E-Learning Plattform<\/a><\/p>\t\t\t\t\t\t\t\t<\/div>\n\t\t\t\t<\/div>\n\t\t\t\t<div class=\"elementor-element elementor-element-d7a9af9 elementor-widget elementor-widget-image\" data-id=\"d7a9af9\" data-element_type=\"widget\" data-e-type=\"widget\" data-widget_type=\"image.default\">\n\t\t\t\t<div class=\"elementor-widget-container\">\n\t\t\t\t\t\t\t\t\t\t\t\t\t\t\t\t<a href=\"https:\/\/training.wildix.com\/\" target=\"_blank\">\n\t\t\t\t\t\t\t<img fetchpriority=\"high\" decoding=\"async\" width=\"1024\" height=\"624\" src=\"https:\/\/www.wildix.com\/wp-content\/uploads\/2022\/04\/wildix-e-learning-platform-1024x624.webp\" class=\"attachment-large size-large wp-image-7908779\" alt=\"\" srcset=\"https:\/\/www.wildix.com\/wp-content\/uploads\/2022\/04\/wildix-e-learning-platform-1024x624.webp 1024w, https:\/\/www.wildix.com\/wp-content\/uploads\/2022\/04\/wildix-e-learning-platform-300x183.webp 300w, https:\/\/www.wildix.com\/wp-content\/uploads\/2022\/04\/wildix-e-learning-platform-768x468.webp 768w, https:\/\/www.wildix.com\/wp-content\/uploads\/2022\/04\/wildix-e-learning-platform.webp 1200w\" sizes=\"(max-width: 1024px) 100vw, 1024px\" \/>\t\t\t\t\t\t\t\t<\/a>\n\t\t\t\t\t\t\t\t\t\t\t\t\t\t\t<\/div>\n\t\t\t\t<\/div>\n\t\t\t\t\t<\/div>\n\t\t<\/div>\n\t\t\t\t<div class=\"elementor-column elementor-col-50 elementor-top-column elementor-element elementor-element-95e7657\" data-id=\"95e7657\" data-element_type=\"column\" data-e-type=\"column\" data-settings=\"{&quot;background_background&quot;:&quot;classic&quot;}\">\n\t\t\t<div class=\"elementor-widget-wrap elementor-element-populated\">\n\t\t\t\t\t\t<div class=\"elementor-element elementor-element-506d0c9 elementor-widget elementor-widget-heading\" data-id=\"506d0c9\" data-element_type=\"widget\" data-e-type=\"widget\" data-widget_type=\"heading.default\">\n\t\t\t\t<div class=\"elementor-widget-container\">\n\t\t\t\t\t<h4 class=\"elementor-heading-title elementor-size-default\">Sind Sie an unseren n\u00e4chsten Webinaren interessiert?<\/h4>\t\t\t\t<\/div>\n\t\t\t\t<\/div>\n\t\t\t\t<div class=\"elementor-element elementor-element-058b12d elementor-widget elementor-widget-text-editor\" data-id=\"058b12d\" data-element_type=\"widget\" data-e-type=\"widget\" data-widget_type=\"text-editor.default\">\n\t\t\t\t<div class=\"elementor-widget-container\">\n\t\t\t\t\t\t\t\t\t<p><strong>F\u00fcllen Sie das Anfrageformular aus und erhalten Sie alle Infos.<\/strong><\/p>\t\t\t\t\t\t\t\t<\/div>\n\t\t\t\t<\/div>\n\t\t\t\t<div class=\"elementor-element elementor-element-dccf731 elementor-widget elementor-widget-html\" data-id=\"dccf731\" data-element_type=\"widget\" data-e-type=\"widget\" data-widget_type=\"html.default\">\n\t\t\t\t<div class=\"elementor-widget-container\">\n\t\t\t\t\t<iframe src=\"https:\/\/go.wildix.com\/l\/920113\/2022-07-08\/tcvhk\" width=\"100%\" height=\"500\" type=\"text\/html\" frameborder=\"0\" allowTransparency=\"true\" style=\"border: 0\"><\/iframe>\t\t\t\t<\/div>\n\t\t\t\t<\/div>\n\t\t\t\t\t<\/div>\n\t\t<\/div>\n\t\t\t\t\t<\/div>\n\t\t<\/section>\n\t\t\t\t<\/div>\n\t\t","protected":false},"excerpt":{"rendered":"<p>Wissen ist Macht! Wildix glaubt fest an einen nie endenden Lernprozess zur stetigen Weiterentwicklung. Hier finden Sie die komplette \u00dcbersicht aller Webinare, die Wildix zur Unterst\u00fctzung von Partnern in den Bereichen Tech, Vertrieb und Marketing durchgef\u00fchrt hat:Wildix E-Learning Plattform Sind Sie an unseren n\u00e4chsten Webinaren interessiert? F\u00fcllen Sie das Anfrageformular aus und erhalten Sie alle [&hellip;]<\/p>\n","protected":false},"author":20,"featured_media":7908767,"parent":0,"menu_order":0,"comment_status":"closed","ping_status":"closed","template":"","meta":{"_acf_changed":false,"site-sidebar-layout":"no-sidebar","site-content-layout":"page-builder","ast-site-content-layout":"default","site-content-style":"default","site-sidebar-style":"default","ast-global-header-display":"","ast-banner-title-visibility":"","ast-main-header-display":"","ast-hfb-above-header-display":"","ast-hfb-below-header-display":"","ast-hfb-mobile-header-display":"","site-post-title":"disabled","ast-breadcrumbs-content":"","ast-featured-img":"disabled","footer-sml-layout":"","ast-disable-related-posts":"","theme-transparent-header-meta":"default","adv-header-id-meta":"","stick-header-meta":"","header-above-stick-meta":"","header-main-stick-meta":"","header-below-stick-meta":"","astra-migrate-meta-layouts":"default","ast-page-background-enabled":"default","ast-page-background-meta":{"desktop":{"background-color":"var(--ast-global-color-4)","background-image":"","background-repeat":"repeat","background-position":"center center","background-size":"auto","background-attachment":"scroll","background-type":"","background-media":"","overlay-type":"","overlay-color":"","overlay-opacity":"","overlay-gradient":""},"tablet":{"background-color":"","background-image":"","background-repeat":"repeat","background-position":"center center","background-size":"auto","background-attachment":"scroll","background-type":"","background-media":"","overlay-type":"","overlay-color":"","overlay-opacity":"","overlay-gradient":""},"mobile":{"background-color":"","background-image":"","background-repeat":"repeat","background-position":"center center","background-size":"auto","background-attachment":"scroll","background-type":"","background-media":"","overlay-type":"","overlay-color":"","overlay-opacity":"","overlay-gradient":""}},"ast-content-background-meta":{"desktop":{"background-color":"var(--ast-global-color-5)","background-image":"","background-repeat":"repeat","background-position":"center center","background-size":"auto","background-attachment":"scroll","background-type":"","background-media":"","overlay-type":"","overlay-color":"","overlay-opacity":"","overlay-gradient":""},"tablet":{"background-color":"var(--ast-global-color-5)","background-image":"","background-repeat":"repeat","background-position":"center center","background-size":"auto","background-attachment":"scroll","background-type":"","background-media":"","overlay-type":"","overlay-color":"","overlay-opacity":"","overlay-gradient":""},"mobile":{"background-color":"var(--ast-global-color-5)","background-image":"","background-repeat":"repeat","background-position":"center center","background-size":"auto","background-attachment":"scroll","background-type":"","background-media":"","overlay-type":"","overlay-color":"","overlay-opacity":"","overlay-gradient":""}},"_jet_sm_ready_style":"","_jet_sm_style":"","_jet_sm_controls_values":"","_jet_sm_fonts_collection":"","_jet_sm_fonts_links":"","footnotes":""},"class_list":["post-7910271","page","type-page","status-publish","has-post-thumbnail","hentry"],"acf":[],"yoast_head":"<!-- This site is optimized with the Yoast SEO plugin v27.4 - https:\/\/yoast.com\/product\/yoast-seo-wordpress\/ -->\n<title>Wildix Webinare Wildix<\/title>\n<meta name=\"robots\" content=\"index, follow, max-snippet:-1, max-image-preview:large, max-video-preview:-1\" \/>\n<meta property=\"og:locale\" content=\"de_DE\" \/>\n<meta property=\"og:type\" content=\"article\" \/>\n<meta property=\"og:title\" content=\"Wildix Webinare Wildix\" \/>\n<meta property=\"og:description\" content=\"Wissen ist Macht! Wildix glaubt fest an einen nie endenden Lernprozess zur stetigen Weiterentwicklung. Hier finden Sie die komplette \u00dcbersicht aller Webinare, die Wildix zur Unterst\u00fctzung von Partnern in den Bereichen Tech, Vertrieb und Marketing durchgef\u00fchrt hat:Wildix E-Learning Plattform Sind Sie an unseren n\u00e4chsten Webinaren interessiert? F\u00fcllen Sie das Anfrageformular aus und erhalten Sie alle [&hellip;]\" \/>\n<meta property=\"og:url\" content=\"https:\/\/www.wildix.com\/de\/webinar\/\" \/>\n<meta property=\"og:site_name\" content=\"Wildix\" \/>\n<meta property=\"article:publisher\" content=\"https:\/\/www.facebook.com\/groups\/wildixtechwizards\/?mibextid=6NoCDW\" \/>\n<meta property=\"article:modified_time\" content=\"2025-11-27T15:54:57+00:00\" \/>\n<meta property=\"og:image\" content=\"https:\/\/www.wildix.com\/wp-content\/uploads\/2022\/04\/wildix-wizywebinar-3.jpeg\" \/>\n\t<meta property=\"og:image:width\" content=\"800\" \/>\n\t<meta property=\"og:image:height\" content=\"500\" \/>\n\t<meta property=\"og:image:type\" content=\"image\/jpeg\" \/>\n<meta name=\"twitter:card\" content=\"summary_large_image\" \/>\n<meta name=\"twitter:site\" content=\"@wildix_\" \/>\n<meta name=\"twitter:label1\" content=\"Gesch\u00e4tzte Lesezeit\" \/>\n\t<meta name=\"twitter:data1\" content=\"1\u00a0Minute\" \/>\n<!-- \/ Yoast SEO plugin. -->","yoast_head_json":{"title":"Wildix Webinare Wildix","robots":{"index":"index","follow":"follow","max-snippet":"max-snippet:-1","max-image-preview":"max-image-preview:large","max-video-preview":"max-video-preview:-1"},"og_locale":"de_DE","og_type":"article","og_title":"Wildix Webinare Wildix","og_description":"Wissen ist Macht! Wildix glaubt fest an einen nie endenden Lernprozess zur stetigen Weiterentwicklung. Hier finden Sie die komplette \u00dcbersicht aller Webinare, die Wildix zur Unterst\u00fctzung von Partnern in den Bereichen Tech, Vertrieb und Marketing durchgef\u00fchrt hat:Wildix E-Learning Plattform Sind Sie an unseren n\u00e4chsten Webinaren interessiert? F\u00fcllen Sie das Anfrageformular aus und erhalten Sie alle [&hellip;]","og_url":"https:\/\/www.wildix.com\/de\/webinar\/","og_site_name":"Wildix","article_publisher":"https:\/\/www.facebook.com\/groups\/wildixtechwizards\/?mibextid=6NoCDW","article_modified_time":"2025-11-27T15:54:57+00:00","og_image":[{"width":800,"height":500,"url":"https:\/\/www.wildix.com\/wp-content\/uploads\/2022\/04\/wildix-wizywebinar-3.jpeg","type":"image\/jpeg"}],"twitter_card":"summary_large_image","twitter_site":"@wildix_","twitter_misc":{"Gesch\u00e4tzte Lesezeit":"1\u00a0Minute"},"schema":{"@context":"https:\/\/schema.org","@graph":[{"@type":"WebPage","@id":"https:\/\/www.wildix.com\/de\/webinar\/","url":"https:\/\/www.wildix.com\/de\/webinar\/","name":"Wildix Webinare Wildix","isPartOf":{"@id":"https:\/\/www.wildix.com\/de\/#website"},"primaryImageOfPage":{"@id":"https:\/\/www.wildix.com\/de\/webinar\/#primaryimage"},"image":{"@id":"https:\/\/www.wildix.com\/de\/webinar\/#primaryimage"},"thumbnailUrl":"https:\/\/www.wildix.com\/wp-content\/uploads\/2022\/04\/wildix-wizywebinar-3.jpeg","datePublished":"2022-05-05T09:24:59+00:00","dateModified":"2025-11-27T15:54:57+00:00","breadcrumb":{"@id":"https:\/\/www.wildix.com\/de\/webinar\/#breadcrumb"},"inLanguage":"de","potentialAction":[{"@type":"ReadAction","target":["https:\/\/www.wildix.com\/de\/webinar\/"]}]},{"@type":"ImageObject","inLanguage":"de","@id":"https:\/\/www.wildix.com\/de\/webinar\/#primaryimage","url":"https:\/\/www.wildix.com\/wp-content\/uploads\/2022\/04\/wildix-wizywebinar-3.jpeg","contentUrl":"https:\/\/www.wildix.com\/wp-content\/uploads\/2022\/04\/wildix-wizywebinar-3.jpeg","width":800,"height":500},{"@type":"BreadcrumbList","@id":"https:\/\/www.wildix.com\/de\/webinar\/#breadcrumb","itemListElement":[{"@type":"ListItem","position":1,"name":"Home","item":"https:\/\/www.wildix.com\/de\/"},{"@type":"ListItem","position":2,"name":"Wildix Webinare"}]},{"@type":"WebSite","@id":"https:\/\/www.wildix.com\/de\/#website","url":"https:\/\/www.wildix.com\/de\/","name":"Wildix","description":"","publisher":{"@id":"https:\/\/www.wildix.com\/de\/#organization"},"potentialAction":[{"@type":"SearchAction","target":{"@type":"EntryPoint","urlTemplate":"https:\/\/www.wildix.com\/de\/?s={search_term_string}"},"query-input":{"@type":"PropertyValueSpecification","valueRequired":true,"valueName":"search_term_string"}}],"inLanguage":"de"},{"@type":"Organization","@id":"https:\/\/www.wildix.com\/de\/#organization","name":"Wildix","url":"https:\/\/www.wildix.com\/de\/","logo":{"@type":"ImageObject","inLanguage":"de","@id":"https:\/\/www.wildix.com\/de\/#\/schema\/logo\/image\/","url":"https:\/\/www.wildix.com\/wp-content\/uploads\/2021\/09\/logo-1.svg","contentUrl":"https:\/\/www.wildix.com\/wp-content\/uploads\/2021\/09\/logo-1.svg","caption":"Wildix"},"image":{"@id":"https:\/\/www.wildix.com\/de\/#\/schema\/logo\/image\/"},"sameAs":["https:\/\/www.facebook.com\/groups\/wildixtechwizards\/?mibextid=6NoCDW","https:\/\/x.com\/wildix_"]}]}},"clean_content":"Wissen ist Macht! Wildix glaubt fest an einen nie endenden Lernprozess zur stetigen Weiterentwicklung.Hier finden Sie die komplette \u00dcbersicht aller Webinare, die Wildix zur Unterst\u00fctzung von Partnern in den Bereichen Tech, Vertrieb und Marketing durchgef\u00fchrt hat:Wildix E-Learning Plattform Sind Sie an unseren n\u00e4chsten Webinaren interessiert? F\u00fcllen Sie das Anfrageformular aus und erhalten Sie alle Infos.","_links":{"self":[{"href":"https:\/\/www.wildix.com\/de\/wp-json\/wp\/v2\/pages\/7910271","targetHints":{"allow":["GET"]}}],"collection":[{"href":"https:\/\/www.wildix.com\/de\/wp-json\/wp\/v2\/pages"}],"about":[{"href":"https:\/\/www.wildix.com\/de\/wp-json\/wp\/v2\/types\/page"}],"author":[{"embeddable":true,"href":"https:\/\/www.wildix.com\/de\/wp-json\/wp\/v2\/users\/20"}],"replies":[{"embeddable":true,"href":"https:\/\/www.wildix.com\/de\/wp-json\/wp\/v2\/comments?post=7910271"}],"version-history":[{"count":5,"href":"https:\/\/www.wildix.com\/de\/wp-json\/wp\/v2\/pages\/7910271\/revisions"}],"predecessor-version":[{"id":8175459,"href":"https:\/\/www.wildix.com\/de\/wp-json\/wp\/v2\/pages\/7910271\/revisions\/8175459"}],"wp:featuredmedia":[{"embeddable":true,"href":"https:\/\/www.wildix.com\/de\/wp-json\/wp\/v2\/media\/7908767"}],"wp:attachment":[{"href":"https:\/\/www.wildix.com\/de\/wp-json\/wp\/v2\/media?parent=7910271"}],"curies":[{"name":"wp","href":"https:\/\/api.w.org\/{rel}","templated":true}]}}